{"id":11,"date":"2018-05-08T08:09:01","date_gmt":"2018-05-08T08:09:01","guid":{"rendered":"http:\/\/fire.police.themerex.net\/?page_id=11"},"modified":"2023-10-16T11:05:20","modified_gmt":"2023-10-16T16:05:20","slug":"videos-bomberos-cotacachi","status":"publish","type":"page","link":"https:\/\/bomberoscotacachi.gob.ec\/en\/videos-bomberos-cotacachi\/","title":{"rendered":"Videos"},"content":{"rendered":"<div class=\"wpb-content-wrapper\"><div class=\"vc_row wpb_row vc_row-fluid\"><div class=\"wpb_column vc_column_container vc_col-sm-12\"><div class=\"vc_column-inner\"><div class=\"wpb_wrapper\"><div class=\"columns_wrap sc_columns columns_nofluid sc_columns_count_2 margin_top_small\"><div class=\"column-1_2 sc_column_item sc_column_item_1 odd first\"><h3 class=\"sc_title sc_title_regular margin_top_null\"><\/p>\n<p class=\"creator-editor-title\">Somos lo que entrenamos cada d\u00eda!<\/p>\n<p><\/h3>\r\n\t<div class=\"wpb_video_widget wpb_content_element vc_clearfix   vc_video-aspect-ratio-169 vc_video-el-width-100 vc_video-align-left\" >\r\n\t\t<div class=\"wpb_wrapper\">\r\n\t\t\t\r\n\t\t\t<div class=\"wpb_video_wrapper\"><iframe loading=\"lazy\" title=\"Somos lo que entrenamos cada d\u00eda!\" width=\"500\" height=\"281\" src=\"https:\/\/www.youtube.com\/embed\/9wrkBNcN7ac?feature=oembed\" frameborder=\"0\" allow=\"accelerometer; autoplay; clipboard-write; encrypted-media; gyroscope; picture-in-picture; web-share\" allowfullscreen><\/iframe><\/div>\r\n\t\t<\/div>\r\n\t<\/div>\r\n<\/div><div class=\"column-1_2 sc_column_item sc_column_item_2 even\"><h3 class=\"sc_title sc_title_regular margin_top_null\">NUESTRA INSTITUCI\u00d3N<\/h3>\r\n\t<div class=\"wpb_video_widget wpb_content_element vc_clearfix   vc_video-aspect-ratio-169 vc_video-el-width-100 vc_video-align-left\" >\r\n\t\t<div class=\"wpb_wrapper\">\r\n\t\t\t\r\n\t\t\t<div class=\"wpb_video_wrapper\"><iframe loading=\"lazy\" title=\"Bomberos Cotacachi\" width=\"500\" height=\"281\" src=\"https:\/\/www.youtube.com\/embed\/g655TH4aNIw?feature=oembed\" frameborder=\"0\" allow=\"accelerometer; autoplay; clipboard-write; encrypted-media; gyroscope; picture-in-picture; web-share\" allowfullscreen><\/iframe><\/div>\r\n\t\t<\/div>\r\n\t<\/div>\r\n<\/div><\/div><div class=\"vc_empty_space\"   style=\"height: 20px\"><span class=\"vc_empty_space_inner\"><\/span><\/div><\/div><\/div><\/div><\/div><div class=\"vc_row wpb_row vc_row-fluid\"><div class=\"wpb_column vc_column_container vc_col-sm-12\"><div class=\"vc_column-inner\"><div class=\"wpb_wrapper\"><div class=\"vc_empty_space\"   style=\"height: 20px\"><span class=\"vc_empty_space_inner\"><\/span><\/div><div class=\"columns_wrap sc_columns columns_nofluid sc_columns_count_2 margin_top_medium margin_bottom_small\"><div class=\"column-1_2 sc_column_item sc_column_item_1 odd first\"><h3 class=\"sc_title sc_title_regular margin_top_null\">NUESTRO PERSONAL SE ENTRENA CADA D\u00cdA<\/h3>\r\n\t<div class=\"wpb_video_widget wpb_content_element vc_clearfix   vc_video-aspect-ratio-169 vc_video-el-width-100 vc_video-align-left\" >\r\n\t\t<div class=\"wpb_wrapper\">\r\n\t\t\t\r\n\t\t\t<div class=\"wpb_video_wrapper\"><iframe loading=\"lazy\" title=\"Nuestro personal, se entrena cada d\u00eda, Bomberos Cotacachi\" width=\"500\" height=\"281\" src=\"https:\/\/www.youtube.com\/embed\/JYnxGii-iSI?feature=oembed\" frameborder=\"0\" allow=\"accelerometer; autoplay; clipboard-write; encrypted-media; gyroscope; picture-in-picture; web-share\" allowfullscreen><\/iframe><\/div>\r\n\t\t<\/div>\r\n\t<\/div>\r\n<\/div><div class=\"column-1_2 sc_column_item sc_column_item_2 even\"><h3 class=\"sc_title sc_title_regular margin_top_null\">Evitar incidentes con G.L.P. en tu hogar y mantener a toda tu familia segura<\/h3>\r\n\t<div class=\"wpb_video_widget wpb_content_element vc_clearfix   vc_video-aspect-ratio-169 vc_video-el-width-100 vc_video-align-left\" >\r\n\t\t<div class=\"wpb_wrapper\">\r\n\t\t\t\r\n\t\t\t<div class=\"wpb_video_wrapper\"><iframe loading=\"lazy\" title=\"Do you know how you can avoid incidents with LPG in your home and keep your whole family safe?\" width=\"500\" height=\"281\" src=\"https:\/\/www.youtube.com\/embed\/7KvbEhTkx4U?feature=oembed\" frameborder=\"0\" allow=\"accelerometer; autoplay; clipboard-write; encrypted-media; gyroscope; picture-in-picture; web-share\" allowfullscreen><\/iframe><\/div>\r\n\t\t<\/div>\r\n\t<\/div>\r\n<\/div><\/div><\/div><\/div><\/div><\/div>\n<\/div>","protected":false},"excerpt":{"rendered":"Somos lo que entrenamos cada d\u00eda! NUESTRA INSTITUCI\u00d3N NUESTRO PERSONAL SE ENTRENA CADA D\u00cdA Evitar incidentes con G.L.P. en tu hogar y mantener a toda tu familia segura","protected":false},"author":1,"featured_media":0,"parent":0,"menu_order":0,"comment_status":"closed","ping_status":"closed","template":"","meta":{"footnotes":"","_links_to":"","_links_to_target":""},"class_list":["post-11","page","type-page","status-publish","hentry"],"_links":{"self":[{"href":"https:\/\/bomberoscotacachi.gob.ec\/en\/wp-json\/wp\/v2\/pages\/11","targetHints":{"allow":["GET"]}}],"collection":[{"href":"https:\/\/bomberoscotacachi.gob.ec\/en\/wp-json\/wp\/v2\/pages"}],"about":[{"href":"https:\/\/bomberoscotacachi.gob.ec\/en\/wp-json\/wp\/v2\/types\/page"}],"author":[{"embeddable":true,"href":"https:\/\/bomberoscotacachi.gob.ec\/en\/wp-json\/wp\/v2\/users\/1"}],"replies":[{"embeddable":true,"href":"https:\/\/bomberoscotacachi.gob.ec\/en\/wp-json\/wp\/v2\/comments?post=11"}],"version-history":[{"count":3,"href":"https:\/\/bomberoscotacachi.gob.ec\/en\/wp-json\/wp\/v2\/pages\/11\/revisions"}],"predecessor-version":[{"id":1564,"href":"https:\/\/bomberoscotacachi.gob.ec\/en\/wp-json\/wp\/v2\/pages\/11\/revisions\/1564"}],"wp:attachment":[{"href":"https:\/\/bomberoscotacachi.gob.ec\/en\/wp-json\/wp\/v2\/media?parent=11"}],"curies":[{"name":"wp","href":"https:\/\/api.w.org\/{rel}","templated":true}]}}