{"id":17,"date":"2016-04-27T12:10:08","date_gmt":"2016-04-27T12:10:08","guid":{"rendered":"http:\/\/fire.police.themerex.net\/?page_id=17"},"modified":"2023-10-16T10:55:15","modified_gmt":"2023-10-16T15:55:15","slug":"quienes-somos-bomberos-cotacachi","status":"publish","type":"page","link":"https:\/\/bomberoscotacachi.gob.ec\/en\/quienes-somos-bomberos-cotacachi\/","title":{"rendered":"About us?"},"content":{"rendered":"<div class=\"wpb-content-wrapper\"><div class=\"vc_row wpb_row vc_row-fluid\"><div class=\"wpb_column vc_column_container vc_col-sm-12\"><div class=\"vc_column-inner\"><div class=\"wpb_wrapper\"><div class=\"vc_empty_space\"   style=\"height: 0.25em\"><span class=\"vc_empty_space_inner\"><\/span><\/div><h3 class=\"sc_title sc_title_underline sc_align_left margin_top_large margin_bottom_small\" style=\"text-align:left;\">SERVE AND PREVENT<\/h3><div class=\"columns_wrap sc_columns columns_nofluid sc_columns_count_2 margin_bottom_medium\"><div class=\"column-1_2 sc_column_item sc_column_item_1 odd first\"><figure class=\"sc_image  sc_image_shape_square\"><img decoding=\"async\" src=\"https:\/\/bomberoscotacachi.gob.ec\/wp-content\/uploads\/2018\/05\/US.jpg\" alt=\"\" \/><\/figure><\/div><div class=\"column-1_2 sc_column_item sc_column_item_2 even\">\r\n\t<div class=\"wpb_text_column wpb_content_element vc_custom_1525543317439\" >\r\n\t\t<div class=\"wpb_wrapper\">\r\n\t\t\t<p>We are men and women who through technical training, provide an effective service in emergency care, always watching over the welfare of our community.<\/p>\n\r\n\t\t<\/div>\r\n\t<\/div>\r\n<\/div><\/div><\/div><\/div><\/div><\/div><div class=\"vc_row wpb_row vc_row-fluid\"><div class=\"wpb_column vc_column_container vc_col-sm-12\"><div class=\"vc_column-inner\"><div class=\"wpb_wrapper\"><div class=\"vc_empty_space\"   style=\"height: 0.25em\"><span class=\"vc_empty_space_inner\"><\/span><\/div><h3 class=\"sc_title sc_title_underline sc_align_left margin_top_large margin_bottom_medium\" style=\"text-align:left;\">SOME INTERESTING FACTS<\/h3><div id=\"sc_skills_diagram_243084672\" class=\"sc_skills sc_skills_counter margin_bottom_large\" data-type=\"counter\" data-caption=\"Skills\"><div class=\"columns_wrap sc_skills_columns sc_skills_columns_5\"><div class=\"sc_skills_column column-1_5\"><div class=\"sc_skills_item sc_skills_style_2 odd first\"><div class=\"sc_skills_icon icon-fire-1\"><\/div><div class=\"sc_skills_total\" data-start=\"0\" data-stop=\"9\" data-step=\"1\" data-max=\"100\" data-speed=\"19\" data-duration=\"171\" data-ed=\"\">0<\/div><div class=\"sc_skills_count\"><\/div><div class=\"sc_skills_info\"><div class=\"sc_skills_label\">Smoke alarms<\/div><\/div><\/div><\/div><div class=\"sc_skills_column column-1_5\"><div class=\"sc_skills_item sc_skills_style_2 even\"><div class=\"sc_skills_icon icon-ambulance\"><\/div><div class=\"sc_skills_total\" data-start=\"0\" data-stop=\"14\" data-step=\"1\" data-max=\"100\" data-speed=\"12\" data-duration=\"168\" data-ed=\"\">0<\/div><div class=\"sc_skills_count\"><\/div><div class=\"sc_skills_info\"><div class=\"sc_skills_label\">Transfers in Ambulance<\/div><\/div><\/div><\/div><div class=\"sc_skills_column column-1_5\"><div class=\"sc_skills_item sc_skills_style_2 odd\"><div class=\"sc_skills_icon icon-medkit\"><\/div><div class=\"sc_skills_total\" data-start=\"0\" data-stop=\"8\" data-step=\"1\" data-max=\"100\" data-speed=\"30\" data-duration=\"240\" data-ed=\"\">0<\/div><div class=\"sc_skills_count\"><\/div><div class=\"sc_skills_info\"><div class=\"sc_skills_label\">Medical emergencies<\/div><\/div><\/div><\/div><div class=\"sc_skills_column column-1_5\"><div class=\"sc_skills_item sc_skills_style_2 even\"><div class=\"sc_skills_icon icon-fire4\"><\/div><div class=\"sc_skills_total\" data-start=\"0\" data-stop=\"7\" data-step=\"1\" data-max=\"100\" data-speed=\"27\" data-duration=\"189\" data-ed=\"\">0<\/div><div class=\"sc_skills_count\"><\/div><div class=\"sc_skills_info\"><div class=\"sc_skills_label\">Water Supply<\/div><\/div><\/div><\/div><div class=\"sc_skills_column column-1_5\"><div class=\"sc_skills_item sc_skills_style_2 odd\"><div class=\"sc_skills_icon icon-extinguisher\"><\/div><div class=\"sc_skills_total\" data-start=\"0\" data-stop=\"2\" data-step=\"1\" data-max=\"100\" data-speed=\"33\" data-duration=\"66\" data-ed=\"\">0<\/div><div class=\"sc_skills_count\"><\/div><div class=\"sc_skills_info\"><div class=\"sc_skills_label\">Traffic accident, collision or overturn<\/div><\/div><\/div><\/div><\/div><\/div><\/div><\/div><\/div><\/div>\n<\/div>","protected":false},"excerpt":{"rendered":"SERVIR Y PREVENIR Somos hombres y mujeres que a trav\u00e9s de una preparaci\u00f3n t\u00e9cnica, brindamos un servicio eficaz en la atenci\u00f3n de emergencias, velando siempre, por el bienestar de nuestra [...]","protected":false},"author":1,"featured_media":0,"parent":0,"menu_order":0,"comment_status":"closed","ping_status":"closed","template":"","meta":{"footnotes":"","_links_to":"","_links_to_target":""},"class_list":["post-17","page","type-page","status-publish","hentry"],"_links":{"self":[{"href":"https:\/\/bomberoscotacachi.gob.ec\/en\/wp-json\/wp\/v2\/pages\/17","targetHints":{"allow":["GET"]}}],"collection":[{"href":"https:\/\/bomberoscotacachi.gob.ec\/en\/wp-json\/wp\/v2\/pages"}],"about":[{"href":"https:\/\/bomberoscotacachi.gob.ec\/en\/wp-json\/wp\/v2\/types\/page"}],"author":[{"embeddable":true,"href":"https:\/\/bomberoscotacachi.gob.ec\/en\/wp-json\/wp\/v2\/users\/1"}],"replies":[{"embeddable":true,"href":"https:\/\/bomberoscotacachi.gob.ec\/en\/wp-json\/wp\/v2\/comments?post=17"}],"version-history":[{"count":16,"href":"https:\/\/bomberoscotacachi.gob.ec\/en\/wp-json\/wp\/v2\/pages\/17\/revisions"}],"predecessor-version":[{"id":3052,"href":"https:\/\/bomberoscotacachi.gob.ec\/en\/wp-json\/wp\/v2\/pages\/17\/revisions\/3052"}],"wp:attachment":[{"href":"https:\/\/bomberoscotacachi.gob.ec\/en\/wp-json\/wp\/v2\/media?parent=17"}],"curies":[{"name":"wp","href":"https:\/\/api.w.org\/{rel}","templated":true}]}}