{"id":2456,"date":"2021-02-12T15:09:05","date_gmt":"2021-02-12T20:09:05","guid":{"rendered":"http:\/\/bomberoscotacachi.gob.ec\/?page_id=2456"},"modified":"2025-11-18T12:36:50","modified_gmt":"2025-11-18T17:36:50","slug":"home","status":"publish","type":"page","link":"https:\/\/bomberoscotacachi.gob.ec\/en\/","title":{"rendered":"Home"},"content":{"rendered":"<div class=\"wpb-content-wrapper\"><div class=\"vc_row wpb_row vc_row-fluid\"><div class=\"wpb_column vc_column_container vc_col-sm-12\"><div class=\"vc_column-inner\"><div class=\"wpb_wrapper\"><div class=\"widget_area sc_recent_news_wrap vc_recent_news wpb_content_element\"><aside id=\"widget_recent_news\" class=\"widget widget_recent_news\"><div class=\"sc_recent_news sc_recent_news_style_news-magazine sc_recent_news_with_accented margin_top_medium\" style=\"````\"><div class=\"sc_recent_news_header\"><div class=\"sc_recent_news_header_captions\"><h3 class=\"sc_recent_news_title\">\u00daltimas Noticias<\/h3><\/div><\/div><!-- \/.sc_recent_news_header --><div class=\"columns_wrap columns_fluid\"><div class=\"column-1_2\"><article id=\"post-3647\" \r\n\t\t\tclass=\"post_item post_layout_news-magazine post_format_standard post_accented_on post-3647 post type-post status-publish format-standard has-post-thumbnail hentry category-comunicados-de-prensa\"\t\t\t>\r\n\t\t\r\n\t\t\t\t\t\t\t<div class=\"post_featured\">\r\n\t\t\t\t\t\t<div class=\"post_thumb\" data-image=\"https:\/\/bomberoscotacachi.gob.ec\/wp-content\/uploads\/2025\/11\/WhatsApp-Image-2025-11-11-at-15.31.15.jpeg\" data-title=\"CONVOCATORIA Y PROCEDIMIENTO DE CONTRATACI\u00d3N EN EL EXTRANJERO\">\r\n\t<a class=\"hover_icon hover_icon_link\" href=\"https:\/\/bomberoscotacachi.gob.ec\/en\/convocatoria-importacion-2025\/\"><img loading=\"lazy\" decoding=\"async\" class=\"wp-post-image\" width=\"370\" height=\"209\" alt=\"CONVOCATORIA Y PROCEDIMIENTO DE CONTRATACI\u00d3N EN EL EXTRANJERO\" src=\"https:\/\/bomberoscotacachi.gob.ec\/wp-content\/uploads\/2025\/11\/WhatsApp-Image-2025-11-11-at-15.31.15-370x209.jpeg\"><\/a>\t<\/div>\r\n\t\t\t\t\t\t\t<div class=\"post_info\"><span class=\"post_categories\"><a class=\"category_link\" href=\"https:\/\/bomberoscotacachi.gob.ec\/en\/category\/comunicados-de-prensa\/\">Comunicados de prensa<\/a><\/span><\/div>\r\n\t\t\t\t\t\t\t\t\t\t<\/div>\r\n\t\t\t\t\t\t\t\t<div class=\"post_header entry-header\">\r\n\t\t\t\t\t\t\t\t\t\t\t\t<h5 class=\"post_title entry-title\"><a href=\"https:\/\/bomberoscotacachi.gob.ec\/en\/convocatoria-importacion-2025\/\">CONVOCATORIA Y PROCEDIMIENTO DE CONTRATACI\u00d3N EN EL EXTRANJERO<\/a><\/h5>\r\n\t\t\t\t\t\t\t\t\t\t\t<\/div><!-- .entry-header -->\r\n\t\t\t\t\t\t\t\r\n\t\t\t\t<div class=\"post_content entry-content\">\r\n\t\t\t\t\t\t\t\t\t<\/div><!-- .entry-content -->\r\n\t\t\t\t<div class=\"post_meta\"><span class=\"post_meta_date\"><a class=\"post_info_date icon-clock-empty\" href=\"https:\/\/bomberoscotacachi.gob.ec\/en\/convocatoria-importacion-2025\/\">14\/11\/2025<\/a><\/span><\/div>\t\t\t\t<div class=\"post_footer entry-footer\">\r\n\t\t\t\t\t<div class=\"post_counters\">\r\n\t\t\t\t\t\t<a class=\"post_counters_item post_counters_views icon-eye\" title=\"Views - 0\" href=\"https:\/\/bomberoscotacachi.gob.ec\/en\/convocatoria-importacion-2025\/\"><span class=\"post_counters_number\">0<\/span> <\/a>\r\n\t\t<a class=\"post_counters_item post_counters_likes icon-heart enabled\" title=\"Like\" href=\"#\"\r\n\t\tdata-postid=\"3647\"\r\n\t\tdata-likes=\"0\"\r\n\t\tdata-title-like=\"Like\"\r\n\t\tdata-title-dislike=\"Dislike\"><span class=\"post_counters_number\">0<\/span> <\/a>\r\n\t\t<a class=\"post_counters_item post_counters_comments icon-comment-light\" title=\"Comments - 0\" href=\"https:\/\/bomberoscotacachi.gob.ec\/en\/convocatoria-importacion-2025\/#respond\"><span class=\"post_counters_number\">0<\/span> <\/a>\r\n\t\t\t\t\t\t<\/div>\r\n\t\t\t\t<\/div><!-- .entry-footer -->\r\n\t\t\t\t\t\t<\/article>\r\n\t\t<\/div><div class=\"column-1_2\"><article id=\"post-3609\" \r\n\t\t\tclass=\"post_item post_layout_news-magazine post_format_standard post_accented_off post-3609 post type-post status-publish format-standard has-post-thumbnail hentry category-comunicados-de-prensa tag-postulacion\"\t\t\t>\r\n\t\t\r\n\t\t\t\t\t\t\t<div class=\"post_featured\">\r\n\t\t\t\t\t\t<div class=\"post_thumb\" data-image=\"https:\/\/bomberoscotacachi.gob.ec\/wp-content\/uploads\/2025\/10\/IMG-20251028-WA00021.jpg\" data-title=\"REQUISITOS &#8211; PROCESO DE SELECCI\u00d3N DE ASPIRANTES A BOMBERO 1\">\r\n\t<a class=\"hover_icon hover_icon_link\" href=\"https:\/\/bomberoscotacachi.gob.ec\/en\/convocatoria-2025\/\"><img loading=\"lazy\" decoding=\"async\" class=\"wp-post-image\" width=\"370\" height=\"209\" alt=\"REQUISITOS &#8211; PROCESO DE SELECCI\u00d3N DE ASPIRANTES A BOMBERO 1\" src=\"https:\/\/bomberoscotacachi.gob.ec\/wp-content\/uploads\/2025\/10\/IMG-20251028-WA00021-370x209.jpg\"><\/a>\t<\/div>\r\n\t\t\t\t\t<\/div>\r\n\t\t\t\t\t\t\t\t<div class=\"post_header entry-header\">\r\n\t\t\t\t\t\t\t\t\t\t\t\t<h6 class=\"post_title entry-title\"><a href=\"https:\/\/bomberoscotacachi.gob.ec\/en\/convocatoria-2025\/\">REQUISITOS &#8211; PROCESO DE SELECCI\u00d3N DE ASPIRANTES A BOMBERO 1<\/a><\/h6>\r\n\t\t\t\t\t\t\t\t\t\t\t<\/div><!-- .entry-header -->\r\n\t\t\t\t<div class=\"post_meta\"><span class=\"post_meta_date\"><a class=\"post_info_date icon-clock-empty\" href=\"https:\/\/bomberoscotacachi.gob.ec\/en\/convocatoria-2025\/\">24\/09\/2025<\/a><\/span><\/div>\t\t<\/article>\r\n\t\t<\/div><\/div><!-- \/.columns_wrap --><\/div><!-- \/.sc_recent_news --><\/aside><\/div><!-- \/.sc_recent_news_wrap --><\/div><\/div><\/div><\/div><div class=\"vc_row wpb_row vc_row-fluid\"><div class=\"wpb_column vc_column_container vc_col-sm-12\"><div class=\"vc_column-inner\"><div class=\"wpb_wrapper\"><div class=\"sc_section sc_section_block\"><div class=\"sc_section_inner\"><h2 class=\"sc_section_title sc_item_title\">Mando Institucional<\/h2><div class=\"sc_section_content_wrap\"><div class=\"vc_row wpb_row vc_inner vc_row-fluid\"><div class=\"wpb_column vc_column_container vc_col-sm-6\"><div class=\"vc_column-inner\"><div class=\"wpb_wrapper\"><div class=\"vc_empty_space\"   style=\"height: 10px\"><span class=\"vc_empty_space_inner\"><\/span><\/div><span class=\"sc_highlight\" style=\"color:#000000;font-size:26px; line-height: 1em;\">Myr. (B) Giovanni Zamora Orbe<\/span><div class=\"vc_empty_space\"   style=\"height: 10px\"><span class=\"vc_empty_space_inner\"><\/span><\/div><span class=\"sc_highlight\" style=\"color:#dd3333;font-size:24px; line-height: 1em;\">Jefe del Cuerpo de Bomberos Cotacachi<\/span><div class=\"vc_empty_space\"   style=\"height: 32px\"><span class=\"vc_empty_space_inner\"><\/span><\/div><span class=\"sc_highlight sc_highlight_style_3\" style=\"font-size:20px; line-height: 1em;\">\u00abSomos una instituci\u00f3n con muchas ganas de seguir creciendo; Poco a poco hemos mejorado nuestro nivel t\u00e9cnico, acad\u00e9mico y equipamiento, trabajamos en la construcci\u00f3n de una comunidad resiliente\u00bb<\/span><\/div><\/div><\/div><div class=\"wpb_column vc_column_container vc_col-sm-6\"><div class=\"vc_column-inner\"><div class=\"wpb_wrapper\">\r\n\t<div  class=\"wpb_single_image wpb_content_element vc_align_center wpb_content_element\">\r\n\t\t\r\n\t\t<figure class=\"wpb_wrapper vc_figure\">\r\n\t\t\t<a href=\"https:\/\/bomberoscotacachi.gob.ec\/en\/comandancia\/\" target=\"_self\" class=\"vc_single_image-wrapper vc_box_border  vc_box_border_grey\"><img decoding=\"async\" class=\"vc_single_image-img\" src=\"https:\/\/bomberoscotacachi.gob.ec\/wp-content\/uploads\/2025\/09\/GIOVANNI-ZAMORA-ORBE-FOTO-2025-ok-250x374.jpg\" width=\"250\" height=\"374\" alt=\"GIOVANNI ZAMORA ORBE FOTO 2025 ok\" title=\"GIOVANNI ZAMORA ORBE FOTO 2025 ok\" loading=\"lazy\" \/><\/a>\r\n\t\t<\/figure>\r\n\t<\/div>\r\n<\/div><\/div><\/div><\/div><\/div><div class=\"sc_section_button sc_item_button\"><a href=\"https:\/\/bomberoscotacachi.gob.ec\/en\/comandancia\/\" class=\"sc_button sc_button_square sc_button_style_filled sc_button_size_small  sc_button_iconed icon-right\">PERFIL PROFESIONAL<\/a><\/div><\/div><\/div><\/div><\/div><\/div><\/div><div class=\"vc_row wpb_row vc_row-fluid\"><div class=\"wpb_column vc_column_container vc_col-sm-12\"><div class=\"vc_column-inner\"><div class=\"wpb_wrapper\"><div class=\"vc_empty_space\"   style=\"height: 32px\"><span class=\"vc_empty_space_inner\"><\/span><\/div><div id=\"sc_services_1465577159_wrap\" class=\"sc_services_wrap scheme_fire\"><div id=\"sc_services_1465577159\" class=\"sc_services sc_services_style_services-3 sc_services_type_icons\" style=\"width:100%;\" data-equal-height=\".sc_services_item\"><h3 class=\"sc_services_title sc_item_title\">Services<\/h3><div class=\"sc_columns columns_wrap\"><div class=\"column-1_4 column_padding_bottom\">\t\t\t<div id=\"sc_services_1465577159_1\"\t\t\t\tclass=\"sc_services_item sc_services_item_1 odd first\"\r\n\t\t\t\t>\r\n\t\t\t\t<a href=\"https:\/\/bomberoscotacachi.gob.ec\/en\/services\/estructural-bomberos-cotacachi\/\"><span class=\"sc_icon icon-fire4\"><\/span><h4 class=\"sc_services_item_title\">Structural Fires<\/h4><\/a>\t\t\t<\/div>\r\n\t\t<\/div><div class=\"column-1_4 column_padding_bottom\">\t\t\t<div id=\"sc_services_1465577159_2\"\t\t\t\tclass=\"sc_services_item sc_services_item_2 even\"\r\n\t\t\t\t>\r\n\t\t\t\t<a href=\"https:\/\/bomberoscotacachi.gob.ec\/en\/services\/rescate-vehicular-bomberos-cotacachi\/\"><span class=\"sc_icon icon-fire2\"><\/span><h4 class=\"sc_services_item_title\">Vehicle Rescue<\/h4><\/a>\t\t\t<\/div>\r\n\t\t<\/div><div class=\"column-1_4 column_padding_bottom\">\t\t\t<div id=\"sc_services_1465577159_3\"\t\t\t\tclass=\"sc_services_item sc_services_item_3 odd\"\r\n\t\t\t\t>\r\n\t\t\t\t<a href=\"https:\/\/bomberoscotacachi.gob.ec\/en\/services\/rescate-salvamento-bomberos-cotacachi\/\"><span class=\"sc_icon icon-fire3\"><\/span><h4 class=\"sc_services_item_title\">Rescue<\/h4><\/a>\t\t\t<\/div>\r\n\t\t<\/div><div class=\"column-1_4 column_padding_bottom\">\t\t\t<div id=\"sc_services_1465577159_4\"\t\t\t\tclass=\"sc_services_item sc_services_item_4 even\"\r\n\t\t\t\t>\r\n\t\t\t\t<a href=\"https:\/\/bomberoscotacachi.gob.ec\/en\/services\/comunidad-bomberos-cotacachi\/\"><span class=\"sc_icon icon-fire5\"><\/span><h4 class=\"sc_services_item_title\">Link with the Community<\/h4><\/a>\t\t\t<\/div>\r\n\t\t<\/div><\/div><\/div><!-- \/.sc_services --><\/div><!-- \/.sc_services_wrap --><div class=\"vc_empty_space\"   style=\"height: 32px\"><span class=\"vc_empty_space_inner\"><\/span><\/div><\/div><\/div><\/div><\/div><div class=\"vc_row wpb_row vc_row-fluid\"><div class=\"wpb_column vc_column_container vc_col-sm-12\"><div class=\"vc_column-inner\"><div class=\"wpb_wrapper\"><div id=\"sc_services_956864359_wrap\" class=\"sc_services_wrap scheme_fire\"><div id=\"sc_services_956864359\" class=\"sc_services sc_services_style_services-1 sc_services_type_icons\" style=\"width:100%;\" data-equal-height=\".sc_services_item\"><h3 class=\"sc_services_title sc_item_title\">Notas Importantes<\/h3><div class=\"sc_columns columns_wrap\"><div class=\"column-1_4 column_padding_bottom\">\t\t\t<div id=\"sc_services_956864359_1\"\t\t\t\tclass=\"sc_services_item sc_services_item_1 odd first\"\r\n\t\t\t\t>\r\n\t\t\t\t<a href=\"https:\/\/bomberoscotacachi.gob.ec\/en\/services\/rescate-vehicular-bomberos-cotacachi\/\"><span class=\"sc_icon icon-fire2\"><\/span><\/a>\t\t\t\t<div class=\"sc_services_item_content\">\r\n\t\t\t\t\t<h4 class=\"sc_services_item_title\"><a href=\"https:\/\/bomberoscotacachi.gob.ec\/en\/services\/rescate-vehicular-bomberos-cotacachi\/\">Vehicle Rescue<\/a><\/h4>\r\n\t\t\t\t\t<div class=\"sc_services_item_description\">\r\n\t\t\t\t\t\t<p>Currently, in several places in the country, health services ...<\/p><a href=\"https:\/\/bomberoscotacachi.gob.ec\/en\/services\/rescate-vehicular-bomberos-cotacachi\/\" class=\"sc_services_item_readmore\">Learn more<span class=\"icon-right\"><\/span><\/a>\t\t\t\t\t<\/div>\r\n\t\t\t\t<\/div>\r\n\t\t\t<\/div>\r\n\t\t<\/div><div class=\"column-1_4 column_padding_bottom\">\t\t\t<div id=\"sc_services_956864359_2\"\t\t\t\tclass=\"sc_services_item sc_services_item_2 even\"\r\n\t\t\t\t>\r\n\t\t\t\t<a href=\"https:\/\/bomberoscotacachi.gob.ec\/en\/services\/atencion-prehospitalaria-bomberos-cotacachi\/\"><span class=\"sc_icon icon-fire1\"><\/span><\/a>\t\t\t\t<div class=\"sc_services_item_content\">\r\n\t\t\t\t\t<h4 class=\"sc_services_item_title\"><a href=\"https:\/\/bomberoscotacachi.gob.ec\/en\/services\/atencion-prehospitalaria-bomberos-cotacachi\/\">Prehospital care<\/a><\/h4>\r\n\t\t\t\t\t<div class=\"sc_services_item_description\">\r\n\t\t\t\t\t\t<p>Prehospital medicine is a subspecialty of Medicine ...<\/p><a href=\"https:\/\/bomberoscotacachi.gob.ec\/en\/services\/atencion-prehospitalaria-bomberos-cotacachi\/\" class=\"sc_services_item_readmore\">Learn more<span class=\"icon-right\"><\/span><\/a>\t\t\t\t\t<\/div>\r\n\t\t\t\t<\/div>\r\n\t\t\t<\/div>\r\n\t\t<\/div><div class=\"column-1_4 column_padding_bottom\">\t\t\t<div id=\"sc_services_956864359_3\"\t\t\t\tclass=\"sc_services_item sc_services_item_3 odd\"\r\n\t\t\t\t>\r\n\t\t\t\t<a href=\"https:\/\/bomberoscotacachi.gob.ec\/en\/services\/que-hacer-ante-un-sismo\/\"><span class=\"sc_icon icon-book-open\"><\/span><\/a>\t\t\t\t<div class=\"sc_services_item_content\">\r\n\t\t\t\t\t<h4 class=\"sc_services_item_title\"><a href=\"https:\/\/bomberoscotacachi.gob.ec\/en\/services\/que-hacer-ante-un-sismo\/\">What to do before an earthquake?<\/a><\/h4>\r\n\t\t\t\t\t<div class=\"sc_services_item_description\">\r\n\t\t\t\t\t\t<p>Keep calm. Do not despair and, in spite of the panic, take a few minutes ...<\/p><a href=\"https:\/\/bomberoscotacachi.gob.ec\/en\/services\/que-hacer-ante-un-sismo\/\" class=\"sc_services_item_readmore\">Learn more<span class=\"icon-right\"><\/span><\/a>\t\t\t\t\t<\/div>\r\n\t\t\t\t<\/div>\r\n\t\t\t<\/div>\r\n\t\t<\/div><div class=\"column-1_4 column_padding_bottom\">\t\t\t<div id=\"sc_services_956864359_4\"\t\t\t\tclass=\"sc_services_item sc_services_item_4 even\"\r\n\t\t\t\t>\r\n\t\t\t\t<a href=\"https:\/\/bomberoscotacachi.gob.ec\/en\/services\/que-hacer-en-caso-de-un-incendio\/\"><span class=\"sc_icon icon-book-open\"><\/span><\/a>\t\t\t\t<div class=\"sc_services_item_content\">\r\n\t\t\t\t\t<h4 class=\"sc_services_item_title\"><a href=\"https:\/\/bomberoscotacachi.gob.ec\/en\/services\/que-hacer-en-caso-de-un-incendio\/\">What to do in case of a fire?<\/a><\/h4>\r\n\t\t\t\t\t<div class=\"sc_services_item_description\">\r\n\t\t\t\t\t\t<p>Fire drills at school are an important part ...<\/p><a href=\"https:\/\/bomberoscotacachi.gob.ec\/en\/services\/que-hacer-en-caso-de-un-incendio\/\" class=\"sc_services_item_readmore\">Learn more<span class=\"icon-right\"><\/span><\/a>\t\t\t\t\t<\/div>\r\n\t\t\t\t<\/div>\r\n\t\t\t<\/div>\r\n\t\t<\/div><\/div><\/div><!-- \/.sc_services --><\/div><!-- \/.sc_services_wrap --><\/div><\/div><\/div><\/div>\n<\/div>","protected":false},"excerpt":{"rendered":"Los simulacros de incendio que se hacen en la escuela son una parte importante de sentirse seguro en este lugar. Te preparan para lo que necesitar\u00edas hacer en caso de [...]","protected":false},"author":4,"featured_media":0,"parent":0,"menu_order":0,"comment_status":"closed","ping_status":"closed","template":"","meta":{"footnotes":"","_links_to":"","_links_to_target":""},"class_list":["post-2456","page","type-page","status-publish","hentry"],"_links":{"self":[{"href":"https:\/\/bomberoscotacachi.gob.ec\/en\/wp-json\/wp\/v2\/pages\/2456","targetHints":{"allow":["GET"]}}],"collection":[{"href":"https:\/\/bomberoscotacachi.gob.ec\/en\/wp-json\/wp\/v2\/pages"}],"about":[{"href":"https:\/\/bomberoscotacachi.gob.ec\/en\/wp-json\/wp\/v2\/types\/page"}],"author":[{"embeddable":true,"href":"https:\/\/bomberoscotacachi.gob.ec\/en\/wp-json\/wp\/v2\/users\/4"}],"replies":[{"embeddable":true,"href":"https:\/\/bomberoscotacachi.gob.ec\/en\/wp-json\/wp\/v2\/comments?post=2456"}],"version-history":[{"count":39,"href":"https:\/\/bomberoscotacachi.gob.ec\/en\/wp-json\/wp\/v2\/pages\/2456\/revisions"}],"predecessor-version":[{"id":3649,"href":"https:\/\/bomberoscotacachi.gob.ec\/en\/wp-json\/wp\/v2\/pages\/2456\/revisions\/3649"}],"wp:attachment":[{"href":"https:\/\/bomberoscotacachi.gob.ec\/en\/wp-json\/wp\/v2\/media?parent=2456"}],"curies":[{"name":"wp","href":"https:\/\/api.w.org\/{rel}","templated":true}]}}