{"id":2677,"date":"2021-09-16T12:20:46","date_gmt":"2021-09-16T17:20:46","guid":{"rendered":"https:\/\/bomberoscotacachi.gob.ec\/?page_id=2677"},"modified":"2025-09-24T15:23:53","modified_gmt":"2025-09-24T20:23:53","slug":"comandancia","status":"publish","type":"page","link":"https:\/\/bomberoscotacachi.gob.ec\/en\/comandancia\/","title":{"rendered":"Comandancia"},"content":{"rendered":"<div class=\"wpb-content-wrapper\"><div class=\"vc_row wpb_row vc_row-fluid\"><div class=\"wpb_column vc_column_container vc_col-sm-12\"><div class=\"vc_column-inner\"><div class=\"wpb_wrapper\"><div class=\"sc_section sc_section_block\"><div class=\"sc_section_inner\"><h2 class=\"sc_section_title sc_item_title\">JEFE DEL CUERPO DE BOMBEROS COTACACHI<\/h2><div class=\"sc_section_content_wrap\"><\/div><\/div><\/div><\/div><\/div><\/div><\/div><div class=\"vc_row wpb_row vc_row-fluid\"><div class=\"wpb_column vc_column_container vc_col-sm-2\"><div class=\"vc_column-inner\"><div class=\"wpb_wrapper\"><\/div><\/div><\/div><div class=\"wpb_column vc_column_container vc_col-sm-8\"><div class=\"vc_column-inner\"><div class=\"wpb_wrapper\"><div class=\"vc_empty_space\"   style=\"height: 42px\"><span class=\"vc_empty_space_inner\"><\/span><\/div>\r\n\t<div class=\"wpb_raw_code wpb_raw_html wpb_content_element\" >\r\n\t\t<div class=\"wpb_wrapper\">\r\n\t\t\t<marquee bgcolor=\"#FFFFFF\" width=\"100%\" scrolldelay=\"150\" scrollamount=\"10\" direction=\"left\" loop=\"infinite\">\"Ser Bombero no es solo una profesi\u00f3n, es un estilo de vida. Nuestra misi\u00f3n va m\u00e1s all\u00e1 de salvar vidas y proteger bienes.\"\n<\/marquee>\r\n\t\t<\/div>\r\n\t<\/div>\r\n<\/div><\/div><\/div><div class=\"wpb_column vc_column_container vc_col-sm-2\"><div class=\"vc_column-inner\"><div class=\"wpb_wrapper\"><\/div><\/div><\/div><\/div><div class=\"vc_row wpb_row vc_row-fluid\"><div class=\"wpb_column vc_column_container vc_col-sm-12\"><div class=\"vc_column-inner\"><div class=\"wpb_wrapper\"><div class=\"vc_empty_space\"   style=\"height: 40px\"><span class=\"vc_empty_space_inner\"><\/span><\/div><\/div><\/div><\/div><\/div><div class=\"vc_row wpb_row vc_row-fluid\"><div class=\"wpb_column vc_column_container vc_col-sm-6\"><div class=\"vc_column-inner\"><div class=\"wpb_wrapper\">\r\n\t<div  class=\"wpb_single_image wpb_content_element vc_align_center wpb_content_element\">\r\n\t\t\r\n\t\t<figure class=\"wpb_wrapper vc_figure\">\r\n\t\t\t<div class=\"vc_single_image-wrapper vc_box_border  vc_box_border_grey\"><img loading=\"lazy\" decoding=\"async\" width=\"1024\" height=\"640\" src=\"https:\/\/bomberoscotacachi.gob.ec\/wp-content\/uploads\/2025\/09\/GIOVANNI-ZAMORA-ORBE-FOTO-2025-ok2-1024x640.jpg\" class=\"vc_single_image-img attachment-large\" alt=\"\" title=\"GIOVANNI ZAMORA ORBE FOTO 2025 ok2\" srcset=\"https:\/\/bomberoscotacachi.gob.ec\/wp-content\/uploads\/2025\/09\/GIOVANNI-ZAMORA-ORBE-FOTO-2025-ok2-1024x640.jpg 1024w, https:\/\/bomberoscotacachi.gob.ec\/wp-content\/uploads\/2025\/09\/GIOVANNI-ZAMORA-ORBE-FOTO-2025-ok2-300x188.jpg 300w, https:\/\/bomberoscotacachi.gob.ec\/wp-content\/uploads\/2025\/09\/GIOVANNI-ZAMORA-ORBE-FOTO-2025-ok2-768x480.jpg 768w, https:\/\/bomberoscotacachi.gob.ec\/wp-content\/uploads\/2025\/09\/GIOVANNI-ZAMORA-ORBE-FOTO-2025-ok2.jpg 1280w\" sizes=\"auto, (max-width: 1024px) 100vw, 1024px\" \/><\/div>\r\n\t\t<\/figure>\r\n\t<\/div>\r\n<div class=\"vc_empty_space\"   style=\"height: 22px\"><span class=\"vc_empty_space_inner\"><\/span><\/div><div class=\"vc_separator wpb_content_element vc_separator_align_left vc_sep_width_100 vc_sep_pos_align_center wpb_content_element vc_separator-has-text\" ><span class=\"vc_sep_holder vc_sep_holder_l\"><span style=\"border-color:#dd3333;\" class=\"vc_sep_line\"><\/span><\/span><h4>MSc. H\u00e9ctor Giovanni Zamora Orbe<\/h4><span class=\"vc_sep_holder vc_sep_holder_r\"><span style=\"border-color:#dd3333;\" class=\"vc_sep_line\"><\/span><\/span>\r\n<\/div><div class=\"vc_empty_space\"   style=\"height: 10px\"><span class=\"vc_empty_space_inner\"><\/span><\/div><span class=\"sc_highlight sc_highlight_style_1\" style=\"font-size:20px; line-height: 1em;\">Mayor de Bomberos del Ecuador<\/span><div class=\"vc_empty_space\"   style=\"height: 42px\"><span class=\"vc_empty_space_inner\"><\/span><\/div><div class=\"vc_separator wpb_content_element vc_separator_align_left vc_sep_width_100 vc_sep_pos_align_center wpb_content_element vc_separator-has-text\" ><span class=\"vc_sep_holder vc_sep_holder_l\"><span style=\"border-color:#dd3333;\" class=\"vc_sep_line\"><\/span><\/span><h4>Trayectoria profesional<\/h4><span class=\"vc_sep_holder vc_sep_holder_r\"><span style=\"border-color:#dd3333;\" class=\"vc_sep_line\"><\/span><\/span>\r\n<\/div><div class=\"vc_empty_space\"   style=\"height: 10px\"><span class=\"vc_empty_space_inner\"><\/span><\/div>\r\n\t<div class=\"wpb_text_column wpb_content_element\" >\r\n\t\t<div class=\"wpb_wrapper\">\r\n\t\t\t<ul>\n<li>Instructor del Cuerpo de Bomberos a nivel nacional:<br \/>\n&#8211; Prevenci\u00f3n y extinci\u00f3n de incendios.<br \/>\n&#8211; B\u00fasqueda y rescate en estructuras colapsadas.<\/li>\n<\/ul>\n\r\n\t\t<\/div>\r\n\t<\/div>\r\n<div class=\"vc_empty_space\"   style=\"height: 8px\"><span class=\"vc_empty_space_inner\"><\/span><\/div>\r\n\t<div class=\"wpb_text_column wpb_content_element\" >\r\n\t\t<div class=\"wpb_wrapper\">\r\n\t\t\t<ul>\n<li>Capacitador Formador del SNGRE en el Curso de Bomberos Forestales<\/li>\n<li>Instructor en Primeros Auxilios Avanzados<\/li>\n<li>Instructor de Rescate Vehicular Avanzado<\/li>\n<li>Instructor del Curso Para Instructores<\/li>\n<li>Instructor del Sistema de Comando de Incidentes nivel B\u00e1sico \u2013 Intermedio y Avanzado<\/li>\n<li>Especialista en Sistemas de Informaci\u00f3n Geogr\u00e1fica y cartograf\u00eda<\/li>\n<li>L\u00edder de la Brigada de Refuerzo de Incendios Forestales BRIF Otavalo Cotacachi<\/li>\n<li>Comandante del Cuerpo de Bomberos de Cotacachi<\/li>\n<\/ul>\n\r\n\t\t<\/div>\r\n\t<\/div>\r\n<div class=\"vc_empty_space\"   style=\"height: 42px\"><span class=\"vc_empty_space_inner\"><\/span><\/div><\/div><\/div><\/div><div class=\"wpb_column vc_column_container vc_col-sm-6\"><div class=\"vc_column-inner\"><div class=\"wpb_wrapper\"><div class=\"vc_empty_space\"   style=\"height: 62px\"><span class=\"vc_empty_space_inner\"><\/span><\/div><div class=\"vc_separator wpb_content_element vc_separator_align_left vc_sep_width_100 vc_sep_pos_align_center wpb_content_element vc_separator-has-text\" ><span class=\"vc_sep_holder vc_sep_holder_l\"><span style=\"border-color:#dd3333;\" class=\"vc_sep_line\"><\/span><\/span><h4>Perfil personal<\/h4><span class=\"vc_sep_holder vc_sep_holder_r\"><span style=\"border-color:#dd3333;\" class=\"vc_sep_line\"><\/span><\/span>\r\n<\/div><div class=\"vc_empty_space\"   style=\"height: 12px\"><span class=\"vc_empty_space_inner\"><\/span><\/div>\r\n\t<div class=\"wpb_text_column wpb_content_element\" >\r\n\t\t<div class=\"wpb_wrapper\">\r\n\t\t\t<p>Nacionalidad: ecuatoriano<br \/>\nFecha de Nacimiento: 29 de mayo de 1987<\/p>\n\r\n\t\t<\/div>\r\n\t<\/div>\r\n<div class=\"vc_empty_space\"   style=\"height: 42px\"><span class=\"vc_empty_space_inner\"><\/span><\/div><div class=\"vc_separator wpb_content_element vc_separator_align_left vc_sep_width_100 vc_sep_pos_align_center wpb_content_element vc_separator-has-text\" ><span class=\"vc_sep_holder vc_sep_holder_l\"><span style=\"border-color:#dd3333;\" class=\"vc_sep_line\"><\/span><\/span><h4>Estudios acad\u00e9micos<\/h4><span class=\"vc_sep_holder vc_sep_holder_r\"><span style=\"border-color:#dd3333;\" class=\"vc_sep_line\"><\/span><\/span>\r\n<\/div><div class=\"vc_empty_space\"   style=\"height: 12px\"><span class=\"vc_empty_space_inner\"><\/span><\/div>\r\n\t<div class=\"wpb_text_column wpb_content_element\" >\r\n\t\t<div class=\"wpb_wrapper\">\r\n\t\t\t<ul>\n<li>Instituto de Altos Estudios Nacionales \u2013 IAEN<br \/>\n&#8211; <strong>Magister<\/strong> en Prevenci\u00f3n y Gesti\u00f3n para la Reducci\u00f3n de Riesgos y Desastres<\/li>\n<\/ul>\n\r\n\t\t<\/div>\r\n\t<\/div>\r\n\r\n\t<div class=\"wpb_text_column wpb_content_element\" >\r\n\t\t<div class=\"wpb_wrapper\">\r\n\t\t\t<ul>\n<li>Universidad T\u00e9cnica del Norte<br \/>\n&#8211; <strong>Magister<\/strong> en Higiene y Salud Ocupacional<\/li>\n<\/ul>\n\r\n\t\t<\/div>\r\n\t<\/div>\r\n\r\n\t<div class=\"wpb_text_column wpb_content_element\" >\r\n\t\t<div class=\"wpb_wrapper\">\r\n\t\t\t<ul>\n<li>Universidad T\u00e9cnica del Norte<br \/>\n&#8211; <strong>Licenciado<\/strong> en Dise\u00f1o y Publicidad<\/li>\n<\/ul>\n\r\n\t\t<\/div>\r\n\t<\/div>\r\n\r\n\t<div class=\"wpb_text_column wpb_content_element\" >\r\n\t\t<div class=\"wpb_wrapper\">\r\n\t\t\t<ul>\n<li>Instituto Universitario 17 de Julio<br \/>\n&#8211; <strong>Tecn\u00f3logo<\/strong> en Control y Operaciones de Rescate<\/li>\n<\/ul>\n\r\n\t\t<\/div>\r\n\t<\/div>\r\n\r\n\t<div class=\"wpb_text_column wpb_content_element\" >\r\n\t\t<div class=\"wpb_wrapper\">\r\n\t\t\t<ul>\n<li>Escuela de Formaci\u00f3n de Bomberos de la Primera Zona \u2013 Ibarra<br \/>\n&#8211; <strong>Oficial de Bomberos<\/strong><\/li>\n<\/ul>\n\r\n\t\t<\/div>\r\n\t<\/div>\r\n<\/div><\/div><\/div><\/div><div class=\"vc_row wpb_row vc_row-fluid\"><div class=\"wpb_column vc_column_container vc_col-sm-2\"><div class=\"vc_column-inner\"><div class=\"wpb_wrapper\"><\/div><\/div><\/div><div class=\"wpb_column vc_column_container vc_col-sm-8\"><div class=\"vc_column-inner\"><div class=\"wpb_wrapper\"><div class=\"vc_empty_space\"   style=\"height: 42px\"><span class=\"vc_empty_space_inner\"><\/span><\/div>\r\n\t<div class=\"wpb_raw_code wpb_raw_html wpb_content_element\" >\r\n\t\t<div class=\"wpb_wrapper\">\r\n\t\t\t<marquee bgcolor=\"#FFFFFF\" width=\"100%\" scrolldelay=\"150\" scrollamount=\"10\" direction=\"left\" loop=\"infinite\">\"Nuestro compromiso con la vida, es parte de nuestra doctrina. Siempre al servicio de la ciudadan\u00eda.\"\n<\/marquee>\r\n\t\t<\/div>\r\n\t<\/div>\r\n<\/div><\/div><\/div><div class=\"wpb_column vc_column_container vc_col-sm-2\"><div class=\"vc_column-inner\"><div class=\"wpb_wrapper\"><\/div><\/div><\/div><\/div><div class=\"vc_row wpb_row vc_row-fluid\"><div class=\"wpb_column vc_column_container vc_col-sm-12\"><div class=\"vc_column-inner\"><div class=\"wpb_wrapper\"><div class=\"vc_empty_space\"   style=\"height: 42px\"><span class=\"vc_empty_space_inner\"><\/span><\/div><\/div><\/div><\/div><\/div><div class=\"vc_row wpb_row vc_row-fluid\"><div class=\"wpb_column vc_column_container vc_col-sm-12\"><div class=\"vc_column-inner\"><div class=\"wpb_wrapper\"><div id=\"sc_events_1162594848_wrap\" class=\"sc_events_wrap scheme_fire\"><div id=\"sc_events_1162594848\" class=\"sc_events sc_events_style_events-1\" style=\"width:100%;\"><h2 class=\"sc_events_title sc_item_title\">AGENDA<\/h2><div class=\"sc_columns columns_wrap\"><div class=\"column-1_4 column_padding_bottom\">\t\t\t<div id=\"sc_events_1162594848_1\"\t\t\t\tclass=\"sc_events_item sc_events_item_1 odd first\"\r\n\t\t\t\t\t\t\t\t>\r\n\t\t\t\t<div class=\"sc_events_item_featured post_featured\">\r\n\t\t\t\t\t\t\t\t\t<\/div>\r\n\t\t\t\t<div class=\"sc_events_item_content\">\r\n\t\t\t\t\t<p class=\"sc_events_item_date\">17\/09\/2021 2:00 PM<\/p><h5 class=\"sc_events_item_title\"><a href=\"https:\/\/bomberoscotacachi.gob.ec\/en\/agenda-institucional\/reunion-de-trabajo-con-bomberos-ruminahui\/\">REUNION DE TRABAJO CON BOMBEROS RUMI\u00d1AHUI<\/a><\/h5>\r\n\t\t\t\t\t<div class=\"sc_events_item_description\">\r\n\t\t\t\t\t\t<p>En la reuni\u00f3n se tratar\u00e1n temas administrativos.<\/p><a href=\"https:\/\/bomberoscotacachi.gob.ec\/en\/agenda-institucional\/reunion-de-trabajo-con-bomberos-ruminahui\/\" class=\"sc_events_item_readmore\">Leer m\u00e1s...<span class=\"icon-right\"><\/span><\/a>\t\t\t\t\t<\/div>\r\n\t\t\t\t<\/div>\r\n\t\t\t<\/div>\r\n\t\t<\/div><div class=\"column-1_4 column_padding_bottom\">\t\t\t<div id=\"sc_events_1162594848_2\"\t\t\t\tclass=\"sc_events_item sc_events_item_2 even\"\r\n\t\t\t\t\t\t\t\t>\r\n\t\t\t\t<div class=\"sc_events_item_featured post_featured\">\r\n\t\t\t\t\t\t\t\t\t<\/div>\r\n\t\t\t\t<div class=\"sc_events_item_content\">\r\n\t\t\t\t\t<p class=\"sc_events_item_date\">05\/10\/2021 8:00 AM<\/p><h5 class=\"sc_events_item_title\"><a href=\"https:\/\/bomberoscotacachi.gob.ec\/en\/agenda-institucional\/curso-de-manejo-de-comites-de-operaciones-de-emergencia\/\">CURSO DE MANEJO DE COMITES DE OPERACIONES DE EMERGENCIA<\/a><\/h5>\r\n\t\t\t\t\t<div class=\"sc_events_item_description\">\r\n\t\t\t\t\t\t<p>Dirigido a todas las entidades que conforman el COE Cantonal de Cotacachi<\/p><a href=\"https:\/\/bomberoscotacachi.gob.ec\/en\/agenda-institucional\/curso-de-manejo-de-comites-de-operaciones-de-emergencia\/\" class=\"sc_events_item_readmore\">Leer m\u00e1s...<span class=\"icon-right\"><\/span><\/a>\t\t\t\t\t<\/div>\r\n\t\t\t\t<\/div>\r\n\t\t\t<\/div>\r\n\t\t<\/div><div class=\"column-1_4 column_padding_bottom\">\t\t\t<div id=\"sc_events_1162594848_3\"\t\t\t\tclass=\"sc_events_item sc_events_item_3 odd\"\r\n\t\t\t\t\t\t\t\t>\r\n\t\t\t\t<div class=\"sc_events_item_featured post_featured\">\r\n\t\t\t\t\t\t\t\t\t<\/div>\r\n\t\t\t\t<div class=\"sc_events_item_content\">\r\n\t\t\t\t\t<p class=\"sc_events_item_date\">06\/10\/2021 8:00 AM<\/p><h5 class=\"sc_events_item_title\"><a href=\"https:\/\/bomberoscotacachi.gob.ec\/en\/agenda-institucional\/curso-de-manejo-de-comite-de-operaciones-de-emergencia\/\">CAPACITACI\u00d3N DE EQUIPOS DE ALTO DESEMPE\u00d1O<\/a><\/h5>\r\n\t\t\t\t\t<div class=\"sc_events_item_description\">\r\n\t\t\t\t\t\t<p>Capacitaci\u00f3n de Coaching dirigido a todo el personal del Cuerpo de Bomberos de Cotacachi<\/p><a href=\"https:\/\/bomberoscotacachi.gob.ec\/en\/agenda-institucional\/curso-de-manejo-de-comite-de-operaciones-de-emergencia\/\" class=\"sc_events_item_readmore\">Leer m\u00e1s...<span class=\"icon-right\"><\/span><\/a>\t\t\t\t\t<\/div>\r\n\t\t\t\t<\/div>\r\n\t\t\t<\/div>\r\n\t\t<\/div><div class=\"column-1_4 column_padding_bottom\">\t\t\t<div id=\"sc_events_1162594848_4\"\t\t\t\tclass=\"sc_events_item sc_events_item_4 even\"\r\n\t\t\t\t\t\t\t\t>\r\n\t\t\t\t<div class=\"sc_events_item_featured post_featured\">\r\n\t\t\t\t\t\t\t\t\t<\/div>\r\n\t\t\t\t<div class=\"sc_events_item_content\">\r\n\t\t\t\t\t<p class=\"sc_events_item_date\">11\/10\/2021 10:00 AM<\/p><h5 class=\"sc_events_item_title\"><a href=\"https:\/\/bomberoscotacachi.gob.ec\/en\/agenda-institucional\/lanzamiento-de-la-carrera-tecnologia-en-combate-de-incendios-y-operaciones-de-rescate\/\">Lanzamiento de la carrera \u00abTecnolog\u00eda en Combate de Incendios y Operaciones de Rescate\u00bb<\/a><\/h5>\r\n\t\t\t\t\t<div class=\"sc_events_item_description\">\r\n\t\t\t\t\t\t<p>Evento otganizado por los Cuerpos de Bomberos de Imbabura y el Instituto 17 de Julio.<\/p><a href=\"https:\/\/bomberoscotacachi.gob.ec\/en\/agenda-institucional\/lanzamiento-de-la-carrera-tecnologia-en-combate-de-incendios-y-operaciones-de-rescate\/\" class=\"sc_events_item_readmore\">Leer m\u00e1s...<span class=\"icon-right\"><\/span><\/a>\t\t\t\t\t<\/div>\r\n\t\t\t\t<\/div>\r\n\t\t\t<\/div>\r\n\t\t<\/div><div class=\"column-1_4 column_padding_bottom\">\t\t\t<div id=\"sc_events_1162594848_5\"\t\t\t\tclass=\"sc_events_item sc_events_item_5 odd\"\r\n\t\t\t\t\t\t\t\t>\r\n\t\t\t\t<div class=\"sc_events_item_featured post_featured\">\r\n\t\t\t\t\t\t\t\t\t<\/div>\r\n\t\t\t\t<div class=\"sc_events_item_content\">\r\n\t\t\t\t\t<p class=\"sc_events_item_date\">11\/10\/2021 7:00 PM<\/p><h5 class=\"sc_events_item_title\"><a href=\"https:\/\/bomberoscotacachi.gob.ec\/en\/agenda-institucional\/ponencia-en-curso-de-sistemas-de-informacion-geografica-y-cartografia\/\">PONENCIA EN CURSO DE SISTEMAS DE INFORMACI\u00d3N GEOGR\u00c1FICA Y CARTOGRAF\u00cdA<\/a><\/h5>\r\n\t\t\t\t\t<div class=\"sc_events_item_description\">\r\n\t\t\t\t\t\t<p>Dirigido al personal de Bomberos de Chone, para la conformaci\u00f3n de una Brigada de Refuerzo a Incendios Forestales<\/p><a href=\"https:\/\/bomberoscotacachi.gob.ec\/en\/agenda-institucional\/ponencia-en-curso-de-sistemas-de-informacion-geografica-y-cartografia\/\" class=\"sc_events_item_readmore\">Leer m\u00e1s...<span class=\"icon-right\"><\/span><\/a>\t\t\t\t\t<\/div>\r\n\t\t\t\t<\/div>\r\n\t\t\t<\/div>\r\n\t\t<\/div><div class=\"column-1_4 column_padding_bottom\">\t\t\t<div id=\"sc_events_1162594848_6\"\t\t\t\tclass=\"sc_events_item sc_events_item_6 even\"\r\n\t\t\t\t\t\t\t\t>\r\n\t\t\t\t<div class=\"sc_events_item_featured post_featured\">\r\n\t\t\t\t\t\t\t\t\t<\/div>\r\n\t\t\t\t<div class=\"sc_events_item_content\">\r\n\t\t\t\t\t<p class=\"sc_events_item_date\">12\/10\/2021 10:00 AM<\/p><h5 class=\"sc_events_item_title\"><a href=\"https:\/\/bomberoscotacachi.gob.ec\/en\/agenda-institucional\/ponencia-por-el-dia-mundial-de-reduccion-de-riesgos\/\">PONENCIA POR EL DIA MUNDIAL DE REDUCCI\u00d3N DE RIESGOS<\/a><\/h5>\r\n\t\t\t\t\t<div class=\"sc_events_item_description\">\r\n\t\t\t\t\t\t<p>Evento organizado por el GAD Municipal de Cotacachi y el Servicio Nacional de Gesti\u00f3n de Riesgos &#8211; Coordinaci\u00f3n 01 &nbsp;<\/p><a href=\"https:\/\/bomberoscotacachi.gob.ec\/en\/agenda-institucional\/ponencia-por-el-dia-mundial-de-reduccion-de-riesgos\/\" class=\"sc_events_item_readmore\">Leer m\u00e1s...<span class=\"icon-right\"><\/span><\/a>\t\t\t\t\t<\/div>\r\n\t\t\t\t<\/div>\r\n\t\t\t<\/div>\r\n\t\t<\/div><div class=\"column-1_4 column_padding_bottom\">\t\t\t<div id=\"sc_events_1162594848_7\"\t\t\t\tclass=\"sc_events_item sc_events_item_7 odd\"\r\n\t\t\t\t\t\t\t\t>\r\n\t\t\t\t<div class=\"sc_events_item_featured post_featured\">\r\n\t\t\t\t\t\t\t\t\t<\/div>\r\n\t\t\t\t<div class=\"sc_events_item_content\">\r\n\t\t\t\t\t<p class=\"sc_events_item_date\">15\/10\/2021 9:00 AM<\/p><h5 class=\"sc_events_item_title\"><a href=\"https:\/\/bomberoscotacachi.gob.ec\/en\/agenda-institucional\/evento-por-el-dia-clasico-del-bombero-ecuatoriano\/\">EVENTO POR EL D\u00cdA CL\u00c1SICO DEL BOMBERO ECUATORIANO<\/a><\/h5>\r\n\t\t\t\t\t<div class=\"sc_events_item_description\">\r\n\t\t\t\t\t\t<p>Evento organizado por la Comandancia, Unidad de Operaciones y Unidad de Transporte del Cuerpo de Bomberos de Cotacachi.<\/p><a href=\"https:\/\/bomberoscotacachi.gob.ec\/en\/agenda-institucional\/evento-por-el-dia-clasico-del-bombero-ecuatoriano\/\" class=\"sc_events_item_readmore\">Leer m\u00e1s...<span class=\"icon-right\"><\/span><\/a>\t\t\t\t\t<\/div>\r\n\t\t\t\t<\/div>\r\n\t\t\t<\/div>\r\n\t\t<\/div><\/div><\/div><!-- \/.sc_events --><\/div><!-- \/.sc_envents_wrap --><\/div><\/div><\/div><\/div>\n<\/div>","protected":false},"excerpt":{"rendered":"Evento organizado por la Comandancia, Unidad de Operaciones y Unidad de Transporte del Cuerpo de Bomberos de Cotacachi.","protected":false},"author":4,"featured_media":0,"parent":0,"menu_order":0,"comment_status":"closed","ping_status":"closed","template":"","meta":{"footnotes":"","_links_to":"","_links_to_target":""},"class_list":["post-2677","page","type-page","status-publish","hentry","cat_jefatura"],"_links":{"self":[{"href":"https:\/\/bomberoscotacachi.gob.ec\/en\/wp-json\/wp\/v2\/pages\/2677","targetHints":{"allow":["GET"]}}],"collection":[{"href":"https:\/\/bomberoscotacachi.gob.ec\/en\/wp-json\/wp\/v2\/pages"}],"about":[{"href":"https:\/\/bomberoscotacachi.gob.ec\/en\/wp-json\/wp\/v2\/types\/page"}],"author":[{"embeddable":true,"href":"https:\/\/bomberoscotacachi.gob.ec\/en\/wp-json\/wp\/v2\/users\/4"}],"replies":[{"embeddable":true,"href":"https:\/\/bomberoscotacachi.gob.ec\/en\/wp-json\/wp\/v2\/comments?post=2677"}],"version-history":[{"count":18,"href":"https:\/\/bomberoscotacachi.gob.ec\/en\/wp-json\/wp\/v2\/pages\/2677\/revisions"}],"predecessor-version":[{"id":3597,"href":"https:\/\/bomberoscotacachi.gob.ec\/en\/wp-json\/wp\/v2\/pages\/2677\/revisions\/3597"}],"wp:attachment":[{"href":"https:\/\/bomberoscotacachi.gob.ec\/en\/wp-json\/wp\/v2\/media?parent=2677"}],"curies":[{"name":"wp","href":"https:\/\/api.w.org\/{rel}","templated":true}]}}