{"id":2795,"date":"2022-08-15T16:27:39","date_gmt":"2022-08-15T21:27:39","guid":{"rendered":"https:\/\/bomberoscotacachi.gob.ec\/?page_id=2795"},"modified":"2022-08-18T12:40:52","modified_gmt":"2022-08-18T17:40:52","slug":"aspirante-bombero-2022","status":"publish","type":"page","link":"https:\/\/bomberoscotacachi.gob.ec\/en\/aspirante-bombero-2022\/","title":{"rendered":"CONVOCATORIA 2022"},"content":{"rendered":"<div class=\"wpb-content-wrapper\"><div class=\"vc_row wpb_row vc_row-fluid\"><div class=\"wpb_column vc_column_container vc_col-sm-12\"><div class=\"vc_column-inner\"><div class=\"wpb_wrapper\">\r\n\t<div class=\"wpb_text_column wpb_content_element\" >\r\n\t\t<div class=\"wpb_wrapper\">\r\n\t\t\t<h2 style=\"text-align: center;\"><span style=\"color: #000000;\">BASES PARA EL PROCESO DE SELECCI\u00d3N Y FORMACI\u00d3N DE LOS ASPIRANTES A BOMBERO DEL CUERPO DE BOMBEROS COTACACHI <\/span><\/h2>\n\r\n\t\t<\/div>\r\n\t<\/div>\r\n<\/div><\/div><\/div><\/div><div class=\"vc_row wpb_row vc_row-fluid\"><div class=\"wpb_column vc_column_container vc_col-sm-12\"><div class=\"vc_column-inner\"><div class=\"wpb_wrapper\"><div class=\"vc_empty_space\"   style=\"height: 52px\"><span class=\"vc_empty_space_inner\"><\/span><\/div>\r\n\t<div class=\"wpb_text_column wpb_content_element\" >\r\n\t\t<div class=\"wpb_wrapper\">\r\n\t\t\t<p style=\"text-align: justify;\"><span style=\"color: #000000;\"><strong>Objeto:<\/strong><\/span> <span style=\"color: #000000;\">Cuerpo de Bomberos Cotacachi realiza el proceso de selecci\u00f3n de aspirantes a <\/span><span style=\"color: #000000;\">bombero, cumpliendo con los par\u00e1metros establecidos en el COESCOP C\u00f3digo Org\u00e1nico <\/span><span style=\"color: #000000;\">de Entidades Complementarias de Seguridad Ciudadana y Orden P\u00fablico, con el fin de que <\/span><span style=\"color: #000000;\">una vez seleccionados cursen por la Escuela de Formaci\u00f3n para convertirse en Bombero <\/span><span style=\"color: #000000;\">Profesional, al aprobar dicha formaci\u00f3n tendr\u00e1n la oportunidad de pertenecer a la carrera bomberil.<\/span><\/p>\n\r\n\t\t<\/div>\r\n\t<\/div>\r\n<div class=\"vc_empty_space\"   style=\"height: 32px\"><span class=\"vc_empty_space_inner\"><\/span><\/div>\r\n\t<div  class=\"wpb_single_image wpb_content_element vc_align_center wpb_content_element\">\r\n\t\t\r\n\t\t<figure class=\"wpb_wrapper vc_figure\">\r\n\t\t\t<div class=\"vc_single_image-wrapper vc_box_rounded  vc_box_border_grey\"><img loading=\"lazy\" decoding=\"async\" width=\"800\" height=\"994\" src=\"https:\/\/bomberoscotacachi.gob.ec\/wp-content\/uploads\/2022\/08\/AFICHE-YA-PUEDES-POSTULAR-web-1.png\" class=\"vc_single_image-img attachment-large\" alt=\"\" title=\"AFICHE-YA-PUEDES-POSTULAR-web\" srcset=\"https:\/\/bomberoscotacachi.gob.ec\/wp-content\/uploads\/2022\/08\/AFICHE-YA-PUEDES-POSTULAR-web-1.png 800w, https:\/\/bomberoscotacachi.gob.ec\/wp-content\/uploads\/2022\/08\/AFICHE-YA-PUEDES-POSTULAR-web-1-241x300.png 241w, https:\/\/bomberoscotacachi.gob.ec\/wp-content\/uploads\/2022\/08\/AFICHE-YA-PUEDES-POSTULAR-web-1-768x954.png 768w, https:\/\/bomberoscotacachi.gob.ec\/wp-content\/uploads\/2022\/08\/AFICHE-YA-PUEDES-POSTULAR-web-1-10x12.png 10w\" sizes=\"auto, (max-width: 800px) 100vw, 800px\" \/><\/div>\r\n\t\t<\/figure>\r\n\t<\/div>\r\n\r\n\t<div class=\"wpb_text_column wpb_content_element\" >\r\n\t\t<div class=\"wpb_wrapper\">\r\n\t\t\t<h5 style=\"text-align: center;\"><strong><span style=\"color: #000000;\">REQUISITOS<\/span><\/strong><\/h5>\n<p style=\"text-align: justify;\"><span style=\"color: #000000;\"><strong>Art. 1.-<\/strong> Los Aspirantes a Bombero 1 (Bombero), deber\u00e1n cumplir con los requisitos establecidos en la ley que regula el servicio p\u00fablico, el C\u00f3digo Org\u00e1nico de las Entidades de Seguridad Ciudadana y Orden P\u00fablico y los siguientes:<\/span><\/p>\n<p style=\"text-align: justify;\"><span style=\"color: #000000;\">a) Inscripci\u00f3n en las fechas establecidas por el Cuerpo de Bomberos de Cotacachi.<\/span><\/p>\n<p style=\"text-align: justify;\"><span style=\"color: #000000;\">b) Ser ecuatoriano (a) conforme refiere el Art. 7 de la Constituci\u00f3n de la Rep\u00fablica del Ecuador (C\u00e9dula de ciudadan\u00eda).<\/span><\/p>\n<p style=\"text-align: justify;\"><span style=\"color: #000000;\">c) Edad entre los 18 a\u00f1os y 21 a\u00f1os de edad (21 a\u00f1os, 11 meses y 30 d\u00edas al momento de la postulaci\u00f3n) , salvo procesos relacionados a la vinculaci\u00f3n de aspirantes para atenci\u00f3n prehospitalaria, hasta los 25 a\u00f1os (25 a\u00f1os, 11 meses y 30 d\u00edas al momento de la postulaci\u00f3n).<\/span><\/p>\n<p style=\"text-align: justify;\"><span style=\"color: #000000;\">d) T\u00edtulo de bachiller refrendado por el Ministerio correspondiente;<\/span><br \/>\n<a href=\"https:\/\/servicios.educacion.gob.ec\/titulacion25-web\/faces\/paginas\/consulta-titulos-refrendados.xhtml\"><span style=\"color: #ff0000;\">https:\/\/servicios.educacion.gob.ec\/titulacion25-web\/faces\/paginas\/consulta-titulos-refrendados.xhtml<\/span><\/a><\/p>\n<p style=\"text-align: justify;\"><span style=\"color: #000000;\">e) T\u00edtulo de tercer nivel que avale la formaci\u00f3n en atenci\u00f3n prehospitalaria (En caso de los Param\u00e9dicos) <\/span><br \/>\n<a href=\"https:\/\/www.senescyt.gob.ec\/web\/guest\/consultas\"><span style=\"color: #ff0000;\">https:\/\/www.senescyt.gob.ec\/web\/guest\/consultas <\/span><\/a><\/p>\n<p style=\"text-align: justify;\"><span style=\"color: #000000;\">f) Aprobar ex\u00e1menes m\u00e9dicos, dentales, psicom\u00e9tricos, f\u00edsicos y la entrevista personal; de ser necesario se aplicar\u00e1 las pruebas de control y confianza conforme lo establecido en el Art. 33 del COESCOP. <\/span><\/p>\n<p style=\"text-align: justify;\"><span style=\"color: #000000;\">g) Certificado emitido de no haber sido destituido o dado de baja de las siguientes entidades:<\/span><\/p>\n<p><span style=\"color: #000000;\">1. Fuerzas Armadas.<\/span><br \/>\n<a href=\"https:\/\/www.defensa.gob.ec\/certificados-en-linea\/\"><span style=\"color: #ff0000;\">https:\/\/www.defensa.gob.ec\/certificados-en-linea\/<\/span><\/a><\/p>\n<p><span style=\"color: #000000;\">2.Polic\u00eda Nacional. <\/span><br \/>\n<a href=\"https:\/\/certificados.ministeriodegobierno.gob.ec\/gestorcertificados\/dnobaja\/\"><span style=\"color: #ff0000;\">https:\/\/certificados.ministeriodegobierno.gob.ec\/gestorcertificados\/dnobaja\/ <\/span><\/a><\/p>\n<p><span style=\"color: #000000;\">3. Cuerpo de Agentes de Control de Tr\u00e1nsito de la Mancomunidad del Norte <\/span><br \/>\n<a href=\"https:\/\/www.comisiontransito.gob.ec\/consulta-de-datos-laborales-en-cte\/\"><span style=\"color: #ff0000;\">https:\/\/www.comisiontransito.gob.ec\/consulta-de-datos-laborales-en-cte\/<\/span><\/a><\/p>\n<p><span style=\"color: #000000;\">h) Certificado de no tener Antecedente Penales. <\/span><br \/>\n<a href=\"https:\/\/certificados.ministeriodegobierno.gob.ec\/gestorcertificados\/antecedentes\/\"><span style=\"color: #ff0000;\">https:\/\/certificados.ministeriodegobierno.gob.ec\/gestorcertificados\/antecedentes\/<\/span><\/a><\/p>\n<p style=\"text-align: justify;\"><span style=\"color: #000000;\">j) Declaraci\u00f3n juramentada de no adeudar m\u00e1s de dos pensiones alimenticias, ni haber recibido sentencia condenatoria ejecutoriada por casos de violencia intrafamiliar. <\/span><\/p>\n<p><span style=\"color: #000000;\">k) Declaraci\u00f3n juramentada del lugar de residencia.<\/span><\/p>\n<p><span style=\"color: #000000;\">m) Declaraci\u00f3n de aceptaci\u00f3n de riesgos. <\/span><\/p>\n<p><span style=\"color: #000000;\">n) No poseer cuentas o bienes en para\u00edsos fiscales.<\/span><\/p>\n<p style=\"text-align: justify;\"><strong><span style=\"color: #000000;\">Las declaraciones de los literales j, k, m, n; se realizar\u00e1n con el formato <\/span><span style=\"color: #000000;\">establecido en el siguiente link:<\/span><\/strong><br \/>\n<a href=\"https:\/\/drive.google.com\/file\/d\/1onBdxUeSq9BRqV55Kr4FQ-cShk1FZVfW\/view?usp=sharing\"><span style=\"color: #ff0000;\">https:\/\/drive.google.com\/file\/d\/1onBdxUeSq9BRqV55Kr4FQcShk1FZVfW\/view?usp=sharing<\/span><\/a><\/p>\n<p><span style=\"color: #000000;\">l) Certificado de no tener impedimento de laborar en el sector p\u00fablico<\/span><br \/>\n<a href=\"https:\/\/certificadoimpedimento.trabajo.gob.ec\/\"><span style=\"color: #ff0000;\">https:\/\/certificadoimpedimento.trabajo.gob.ec\/<\/span><\/a><\/p>\n<p style=\"text-align: justify;\"><span style=\"color: #000000;\">p) Certificado de no haber recibido sentencia condenatoria ejecutoriada por los delitos contra la administraci\u00f3n p\u00fablica; y asuntos de violencia intrafamiliar o de g\u00e9nero.<\/span><br \/>\n<span style=\"color: #ff0000;\"><a style=\"color: #ff0000;\" href=\"http:\/\/consultas.funcionjudicial.gob.ec\/informacionjudicialindividual\/pages\/index.jsf#!\/\">http:\/\/consultas.funcionjudicial.gob.ec\/informacionjudicialindividual\/pages\/index.jsf#!\/<\/a><\/span><\/p>\n<p style=\"text-align: justify;\"><span style=\"color: #000000;\">Se considerar\u00e1 la Nota m\u00ednima de 800 puntos en el examen de admisi\u00f3n a la educaci\u00f3n superior de la SENESCYT <strong>(Examen equivalente a la evaluaci\u00f3n acad\u00e9mica, adjuntar documento de sustento)<\/strong>.<\/span><\/p>\n<p style=\"text-align: justify;\"><span style=\"color: #000000;\">Se deber\u00e1 adjuntar todos los documentos de sustento que validen la hoja de vida enviada. <\/span><\/p>\n<p style=\"text-align: justify;\"><span style=\"color: #000000;\">Una vez que el aspirante cuente con toda la documentaci\u00f3n deber\u00e1 escanearla y enviar al correo electr\u00f3nico <span style=\"color: #0000ff;\">seleccion.personal@bomberoscotacachi.gob.ec\u00a0 <\/span>, debidamente numerada y foliada para su posterior validaci\u00f3n y verificaci\u00f3n.<\/span><\/p>\n\r\n\t\t<\/div>\r\n\t<\/div>\r\n<div class=\"vc_empty_space\"   style=\"height: 32px\"><span class=\"vc_empty_space_inner\"><\/span><\/div>\r\n\t<div class=\"wpb_raw_code wpb_raw_html wpb_content_element\" >\r\n\t\t<div class=\"wpb_wrapper\">\r\n\t\t\t<!-- wp:spacer {\"height\":\"24px\"} -->\n<div class=\"wp-block-spacer\" style=\"height: 24px;\" aria-hidden=\"true\">\u00a0<\/div>\n<!-- \/wp:spacer -->\n<p style=\"color:black; font-size:130%;\"><!-- wp:paragraph --><strong>Bases para el Proceso de Selecci\u00f3n y Formaci\u00f3n de los Aspirantes a Bombero<\/strong> (<a href=\"https:\/\/drive.google.com\/file\/d\/1BP3B6qAMtOpTfpKDM1RzdSv8QwsNiwr2\/view?usp=sharing\">DESCARGAR AQU\u00cd<\/a>)<\/p>\n<!-- \/wp:paragraph -->\n<p style=\"color:black; font-size:130%;\"><!-- wp:paragraph --><strong>Formulario de inscripci\u00f3n<\/strong> (<a href=\"https:\/\/drive.google.com\/file\/d\/12AyDyIo3sHQ_mc9DsIxu3Z6Fu3EDRcP7\/view?usp=sharing\">DESCARGAR AQU\u00cd<\/a>)<\/p>\n<!-- \/wp:paragraph -->\n<p style=\"color:black; font-size:130%;\"><!-- wp:paragraph --><strong>Formato de Aceptaci\u00f3n de Riesgos<\/strong> (<a href=\"https:\/\/drive.google.com\/file\/d\/1wlHj3fS_ivD7wKH1VIRIWC3LVELRYY7U\/view?usp=sharing\" target=\"_blank\" rel=\"noreferrer noopener\">DESCARGAR AQU<\/a><a href=\"https:\/\/drive.google.com\/file\/d\/1wlHj3fS_ivD7wKH1VIRIWC3LVELRYY7U\/view?usp=sharing\">\u00cd<\/a>)<\/p>\n<!-- \/wp:paragraph -->\n<p style=\"color:black; font-size:130%;\"><!-- wp:paragraph --><strong>Formato de Declaraci\u00f3n de Aspirantes<\/strong> (<a href=\"https:\/\/drive.google.com\/file\/d\/1onBdxUeSq9BRqV55Kr4FQ-cShk1FZVfW\/view?usp=sharing\" target=\"_blank\" rel=\"noreferrer noopener\">DESCARGAR AQU<\/a><a href=\"https:\/\/drive.google.com\/file\/d\/1onBdxUeSq9BRqV55Kr4FQ-cShk1FZVfW\/view?usp=sharing\">\u00cd<\/a>)<\/p>\n<!-- \/wp:paragraph -->\n\n<p style=\"color:black; font-size:130%;\"><!-- wp:paragraph --><strong>Cronograma para el Proceso de Selecci\u00f3n<\/strong> (<a href=\"https:\/\/drive.google.com\/file\/d\/1YxGV0VVbqC5zhZeJE772QeAssEGPJSIV\/view?usp=sharing\" target=\"_blank\" rel=\"noreferrer noopener\">DESCARGAR AQU<\/a><a href=\"https:\/\/drive.google.com\/file\/d\/1YxGV0VVbqC5zhZeJE772QeAssEGPJSIV\/view?usp=sharing\">\u00cd<\/a>)<\/p>\n<!-- \/wp:paragraph -->\n<p>&nbsp;<\/p>\r\n\t\t<\/div>\r\n\t<\/div>\r\n<\/div><\/div><\/div><\/div><div class=\"vc_row wpb_row vc_row-fluid\"><div class=\"wpb_column vc_column_container vc_col-sm-12\"><div class=\"vc_column-inner\"><div class=\"wpb_wrapper\">\r\n\t<div  class=\"wpb_single_image wpb_content_element vc_align_center wpb_content_element\">\r\n\t\t\r\n\t\t<figure class=\"wpb_wrapper vc_figure\">\r\n\t\t\t<div class=\"vc_single_image-wrapper vc_box_border  vc_box_border_grey\"><img loading=\"lazy\" decoding=\"async\" width=\"1080\" height=\"1528\" src=\"https:\/\/bomberoscotacachi.gob.ec\/wp-content\/uploads\/2022\/08\/cronograma-hd2.jpg\" class=\"vc_single_image-img attachment-full\" alt=\"\" title=\"cronograma-hd2\" srcset=\"https:\/\/bomberoscotacachi.gob.ec\/wp-content\/uploads\/2022\/08\/cronograma-hd2.jpg 1080w, https:\/\/bomberoscotacachi.gob.ec\/wp-content\/uploads\/2022\/08\/cronograma-hd2-212x300.jpg 212w, https:\/\/bomberoscotacachi.gob.ec\/wp-content\/uploads\/2022\/08\/cronograma-hd2-724x1024.jpg 724w, https:\/\/bomberoscotacachi.gob.ec\/wp-content\/uploads\/2022\/08\/cronograma-hd2-768x1087.jpg 768w, https:\/\/bomberoscotacachi.gob.ec\/wp-content\/uploads\/2022\/08\/cronograma-hd2-8x12.jpg 8w\" sizes=\"auto, (max-width: 1080px) 100vw, 1080px\" \/><\/div>\r\n\t\t<\/figure>\r\n\t<\/div>\r\n<\/div><\/div><\/div><\/div><div class=\"vc_row wpb_row vc_row-fluid\"><div class=\"wpb_column vc_column_container vc_col-sm-12\"><div class=\"vc_column-inner\"><div class=\"wpb_wrapper\"><div class=\"vc_empty_space\"   style=\"height: 42px\"><span class=\"vc_empty_space_inner\"><\/span><\/div><\/div><\/div><\/div><\/div>\n<\/div>","protected":false},"excerpt":{"rendered":"BASES PARA EL PROCESO DE SELECCI\u00d3N Y FORMACI\u00d3N DE LOS ASPIRANTES A BOMBERO DEL CUERPO DE BOMBEROS COTACACHI Objeto: Cuerpo de Bomberos Cotacachi realiza el proceso de selecci\u00f3n de aspirantes [...]","protected":false},"author":4,"featured_media":0,"parent":0,"menu_order":0,"comment_status":"closed","ping_status":"closed","template":"","meta":{"footnotes":"","_links_to":"","_links_to_target":""},"class_list":["post-2795","page","type-page","status-publish","hentry"],"_links":{"self":[{"href":"https:\/\/bomberoscotacachi.gob.ec\/en\/wp-json\/wp\/v2\/pages\/2795","targetHints":{"allow":["GET"]}}],"collection":[{"href":"https:\/\/bomberoscotacachi.gob.ec\/en\/wp-json\/wp\/v2\/pages"}],"about":[{"href":"https:\/\/bomberoscotacachi.gob.ec\/en\/wp-json\/wp\/v2\/types\/page"}],"author":[{"embeddable":true,"href":"https:\/\/bomberoscotacachi.gob.ec\/en\/wp-json\/wp\/v2\/users\/4"}],"replies":[{"embeddable":true,"href":"https:\/\/bomberoscotacachi.gob.ec\/en\/wp-json\/wp\/v2\/comments?post=2795"}],"version-history":[{"count":26,"href":"https:\/\/bomberoscotacachi.gob.ec\/en\/wp-json\/wp\/v2\/pages\/2795\/revisions"}],"predecessor-version":[{"id":2855,"href":"https:\/\/bomberoscotacachi.gob.ec\/en\/wp-json\/wp\/v2\/pages\/2795\/revisions\/2855"}],"wp:attachment":[{"href":"https:\/\/bomberoscotacachi.gob.ec\/en\/wp-json\/wp\/v2\/media?parent=2795"}],"curies":[{"name":"wp","href":"https:\/\/api.w.org\/{rel}","templated":true}]}}