{"id":2929,"date":"2023-05-25T13:09:20","date_gmt":"2023-05-25T18:09:20","guid":{"rendered":"https:\/\/bomberoscotacachi.gob.ec\/?page_id=2929"},"modified":"2023-05-25T15:36:48","modified_gmt":"2023-05-25T20:36:48","slug":"politica-de-privacidad","status":"publish","type":"page","link":"https:\/\/bomberoscotacachi.gob.ec\/en\/politica-de-privacidad\/","title":{"rendered":"Pol\u00edtica de Privacidad"},"content":{"rendered":"<p><em>Si\u00e9ntase seguro, su informaci\u00f3n lo est\u00e1<\/em><\/p>\n\n\n\n<p><em>\u00bfQu\u00e9 informaci\u00f3n manejamos?<\/em><\/p>\n\n\n\n<ul class=\"wp-block-list\">\n<li>&#8211; Informaci\u00f3n de contacto<\/li>\n\n\n\n<li>&#8211; Preferencias de uso de nuestras p\u00e1ginas<\/li>\n<\/ul>\n\n\n\n<p><em>Usted nos entrega su informaci\u00f3n cada vez que:<\/em><\/p>\n\n\n\n<ul class=\"wp-block-list\">\n<li>&#8211; Solicita cualquiera de nuestros productos<\/li>\n\n\n\n<li>&#8211; Abre cualquiera de nuestras p\u00e1ginas o links<\/li>\n\n\n\n<li>&#8211; Sigue cualquiera de nuestras cuentas en redes sociales<\/li>\n\n\n\n<li>&#8211; Recibe nuestros mails o llamadas<\/li>\n<\/ul>\n\n\n\n<p><em>\u00bfPara qu\u00e9 la usamos?<\/em><\/p>\n\n\n\n<ul class=\"wp-block-list\">\n<li>&#8211; Para darle un mejor servicio<\/li>\n\n\n\n<li>&#8211; Mejorar el contenido, usabilidad y experiencia de los ciudadanos\/usuarios en el sistema web de permisos de funcionamiento.<\/li>\n\n\n\n<li>&#8211; Recibir retroalimentaci\u00f3n del usuario sobre la informaci\u00f3n que se publica.<\/li>\n<\/ul>\n\n\n\n<p><em>Pol\u00edticas de privacidad<\/em><\/p>\n\n\n\n<p>CUERPO DE BOMBEROS COTACACHI comprometido con cumplir las leyes vigentes, en especial la Ley Org\u00e1nica de Protecci\u00f3n de Datos Personales, y con el objeto de proteger la privacidad de sus usuarios, pone en conocimiento lo siguiente:<br>Toda la informaci\u00f3n ser\u00e1 procesada y almacenada, respetando las leyes vigentes, as\u00ed como los convenios internacionales.<\/p>\n\n\n\n<p>La informaci\u00f3n se obtiene directamente del usuario al utilizar los servicios que ofrecemos mediante nuestros sitios web, formularios de suscripci\u00f3n a newsletters, registros de usuarios o cualquier promoci\u00f3n o servicio que est\u00e9 o haya estado disponible para nuestros usuarios. Al entregarla, usted acepta los t\u00e9rminos de uso, tratamiento y dem\u00e1s establecidos en nuestras pol\u00edticas. As\u00ed entregada, se mantendr\u00e1 con nosotros mientras usted o la ley no determinen lo contrario.<\/p>\n\n\n\n<p>Los datos personales son utilizados para proveer al usuario de un servicio personalizado y acorde a sus necesidades, de acuerdo a su ubicaci\u00f3n, preferencias o contenidos que puedan llegar a serle de inter\u00e9s. En caso de haber suministrado datos err\u00f3neos o inexactos, EL CUERPO DE BOMBEROS COTACACHI queda liberado de toda responsabilidad en la prestaci\u00f3n del servicio y el correcto manejo de la informaci\u00f3n proporcionada.<\/p>\n\n\n\n<p class=\"has-text-align-left\">EL CUERPO DE BOMBEROS COTACACHI no compartir\u00e1 esta informaci\u00f3n con terceros, salvo para los fines espec\u00edficos para los que fue recabada o cuando haya sido requerido por orden judicial, de acuerdo con la normativa vigente en el Ecuador. EL CUERPO DE BOMBEROS COTACACHI no vende ni alquila la informaci\u00f3n de los usuarios por ning\u00fan medio.<\/p>\n\n\n\n<p>De acuerdo a lo explicado anteriormente, usted entiende y acepta que nuestra pol\u00edtica de confidencialidad no aplica a la informaci\u00f3n que el usuario proporcione voluntariamente al comunicarse con otras personas mediante correspondencia electr\u00f3nica, en chats, grupos de noticias u otras actividades similares. Es responsabilidad del usuario ser prudente en el tipo de informaci\u00f3n que entrega al participar en actividades p\u00fablicas. EL CUERPO DE BOMBEROS COTACACHI no se responsabiliza por la privacidad o pol\u00edticas de recolecci\u00f3n de datos de terceros proveedores de servicios y productos o de c\u00f3mo esos terceros proveedores de servicios o productos usen la informaci\u00f3n que usted provea.<\/p>\n\n\n\n<p>En todo lo no expresado se entienden incorporadas las leyes vigentes en Ecuador.<\/p>\n\n\n\n<p>EL CUERPO DE BOMBEROS COTACACHI es responsable del tratamiento de los datos personales de sus usuarios. En caso de requerir informaci\u00f3n adicional puede contactarnos al correo electr\u00f3nico info@bomberoscotacachi.gob.ec, tel\u00e9fono: (593) 2 915210, Juan Montalvo 9-66 y Rocafuerte, Cotacachi-Imbabura-Ecuador. Si no desea que sus datos sean utilizados bajo las condiciones anteriormente descritas, puede decidir no utilizar un servicio determinado, escribiendo a info@bomberoscotacachi.gob.ec.<\/p>\n\n\n\n<p><strong>Aceptaci\u00f3n de los t\u00e9rminos<\/strong><\/p>\n\n\n\n<p>Esta declaraci\u00f3n de confidencialidad \/ privacidad, que describe los t\u00e9rminos y condiciones de EL CUERPO DE BOMBEROS COTACACHI, constituye un acuerdo v\u00e1lido jur\u00eddicamente y por tanto con vida jur\u00eddica entre el usuario EL CUERPO DE BOMBEROS COTACACHI; si el usuario utiliza los servicios de EL CUERPO DE BOMBEROS COTACACHI significa que ha le\u00eddo, entendido, aceptado y consecuentemente acordado con EL CUERPO DE BOMBEROS COTACACHI los t\u00e9rminos antes expuestos. En caso de no estar de acuerdo con ellos (los t\u00e9rminos y condiciones), el usuario no deber\u00e1 proporcionar ninguna informaci\u00f3n personal, ni utilizar este servicio.<\/p>","protected":false},"excerpt":{"rendered":"<p>Si\u00e9ntase seguro, su informaci\u00f3n lo est\u00e1 \u00bfQu\u00e9 informaci\u00f3n manejamos? Usted nos entrega su informaci\u00f3n cada vez que: \u00bfPara qu\u00e9 la usamos? Pol\u00edticas de privacidad CUERPO DE BOMBEROS COTACACHI comprometido con [&hellip;]<\/p>\n","protected":false},"author":4,"featured_media":0,"parent":0,"menu_order":0,"comment_status":"closed","ping_status":"closed","template":"","meta":{"footnotes":"","_links_to":"","_links_to_target":""},"class_list":["post-2929","page","type-page","status-publish","hentry"],"_links":{"self":[{"href":"https:\/\/bomberoscotacachi.gob.ec\/en\/wp-json\/wp\/v2\/pages\/2929","targetHints":{"allow":["GET"]}}],"collection":[{"href":"https:\/\/bomberoscotacachi.gob.ec\/en\/wp-json\/wp\/v2\/pages"}],"about":[{"href":"https:\/\/bomberoscotacachi.gob.ec\/en\/wp-json\/wp\/v2\/types\/page"}],"author":[{"embeddable":true,"href":"https:\/\/bomberoscotacachi.gob.ec\/en\/wp-json\/wp\/v2\/users\/4"}],"replies":[{"embeddable":true,"href":"https:\/\/bomberoscotacachi.gob.ec\/en\/wp-json\/wp\/v2\/comments?post=2929"}],"version-history":[{"count":1,"href":"https:\/\/bomberoscotacachi.gob.ec\/en\/wp-json\/wp\/v2\/pages\/2929\/revisions"}],"predecessor-version":[{"id":2930,"href":"https:\/\/bomberoscotacachi.gob.ec\/en\/wp-json\/wp\/v2\/pages\/2929\/revisions\/2930"}],"wp:attachment":[{"href":"https:\/\/bomberoscotacachi.gob.ec\/en\/wp-json\/wp\/v2\/media?parent=2929"}],"curies":[{"name":"wp","href":"https:\/\/api.w.org\/{rel}","templated":true}]}}