{"id":2931,"date":"2023-05-25T15:19:02","date_gmt":"2023-05-25T20:19:02","guid":{"rendered":"https:\/\/bomberoscotacachi.gob.ec\/?page_id=2931"},"modified":"2023-05-25T15:35:47","modified_gmt":"2023-05-25T20:35:47","slug":"mas-informacion-sobre-las-cookies","status":"publish","type":"page","link":"https:\/\/bomberoscotacachi.gob.ec\/en\/mas-informacion-sobre-las-cookies\/","title":{"rendered":"M\u00e1s informaci\u00f3n sobre las cookies"},"content":{"rendered":"<h2 class=\"wp-block-heading\">\u00bfQu\u00e9 es una cookie?<\/h2>\n\n\n\n<p>Una&nbsp;<em>cookie<\/em>&nbsp;es un fichero de texto&nbsp;<strong>inofensivo<\/strong>&nbsp;que se almacena en su navegador cuando visita casi cualquier p\u00e1gina web. La utilidad de la&nbsp;<em>cookie<\/em>&nbsp;es que la web sea capaz de recordar su visita cuando vuelva a navegar por esa p\u00e1gina. Aunque mucha gente no lo sabe las&nbsp;<em>cookies<\/em>&nbsp;se llevan utilizando desde hace 20 a\u00f1os, cuando aparecieron los primeros navegadores para la World Wide Web.<\/p>\n\n\n\n<h2 class=\"wp-block-heading\">\u00bfQu\u00e9 NO ES una cookie?<\/h2>\n\n\n\n<p>No es un virus, ni un troyano, ni un gusano, ni spam, ni spyware, ni abre ventanas pop-up.<\/p>\n\n\n\n<h2 class=\"wp-block-heading\">\u00bfQu\u00e9 informaci\u00f3n almacena una&nbsp;<em>cookie<\/em>?<\/h2>\n\n\n\n<p>Las&nbsp;<em>cookies<\/em>&nbsp;no suelen almacenar informaci\u00f3n sensible sobre usted, como tarjetas de cr\u00e9dito o datos bancarios, fotograf\u00edas, su DNI o informaci\u00f3n personal, etc. Los datos que guardan son de car\u00e1cter t\u00e9cnico, preferencias personales, personalizaci\u00f3n de contenidos, etc.<\/p>\n\n\n\n<p>El servidor web no le asocia a usted como persona si no a su navegador web. De hecho, si usted navega habitualmente con Internet Explorer y prueba a navegar por la misma web con Firefox o Chrome ver\u00e1 que la web no se da cuenta que es usted la misma persona porque en realidad est\u00e1 asociando al navegador, no a la persona.<\/p>\n\n\n\n<h2 class=\"wp-block-heading\">\u00bfQu\u00e9 tipo de&nbsp;<em>cookies<\/em>&nbsp;existen?<\/h2>\n\n\n\n<ul class=\"wp-block-list\">\n<li><em>Cookies<\/em>&nbsp;t\u00e9cnicas: Son las m\u00e1s elementales y permiten, entre otras cosas, saber cu\u00e1ndo est\u00e1 navegando un humano o una aplicaci\u00f3n automatizada, cu\u00e1ndo navega un usuario an\u00f3nimo y uno registrado, tareas b\u00e1sicas para el funcionamiento de cualquier web din\u00e1mica.<\/li>\n\n\n\n<li><em>Cookies<\/em>&nbsp;de an\u00e1lisis: Recogen informaci\u00f3n sobre el tipo de navegaci\u00f3n que est\u00e1 realizando, las secciones que m\u00e1s utiliza, productos consultados, franja horaria de uso, idioma, etc.<\/li>\n\n\n\n<li><em>Cookies<\/em>&nbsp;publicitarias: Muestran publicidad en funci\u00f3n de su navegaci\u00f3n, su pa\u00eds de procedencia, idioma, etc.<\/li>\n<\/ul>\n\n\n\n<h2 class=\"wp-block-heading\">\u00bfQu\u00e9 son las&nbsp;<em>cookies<\/em>&nbsp;propias y las de terceros?<\/h2>\n\n\n\n<p>Las&nbsp;<em>cookies propias<\/em>&nbsp;son las generadas por la p\u00e1gina que est\u00e1 visitando y las&nbsp;<em>de terceros<\/em>&nbsp;son las generadas por servicios o proveedores externos como Facebook, Twitter, Google, etc.<\/p>\n\n\n\n<h2 class=\"wp-block-heading\">\u00bfQu\u00e9 ocurre si desactivo las&nbsp;<em>cookies<\/em>?<\/h2>\n\n\n\n<p>Para que entienda el alcance que puede tener desactivar las&nbsp;<em>cookies<\/em>&nbsp;le mostramos unos ejemplos:<\/p>\n\n\n\n<ul class=\"wp-block-list\">\n<li>No podr\u00e1 compartir contenidos de esa web en Facebook, Twitter o cualquier otra red social.<\/li>\n\n\n\n<li>El sitio web no podr\u00e1 adaptar los contenidos a sus preferencias personales, como suele ocurrir en las tiendas online.<\/li>\n\n\n\n<li>No podr\u00e1 acceder al \u00e1rea personal de esa web, como por ejemplo&nbsp;<em>Mi cuenta<\/em>, o&nbsp;<em>Mi perfil<\/em>&nbsp;o&nbsp;<em>Mis pedidos<\/em>.<\/li>\n\n\n\n<li>Tiendas online: Le ser\u00e1 imposible realizar compras online, tendr\u00e1n que ser telef\u00f3nicas o visitando la tienda f\u00edsica si es que dispone de ella.<\/li>\n\n\n\n<li>No ser\u00e1 posible personalizar sus preferencias geogr\u00e1ficas como franja horaria, divisa o idioma.<\/li>\n\n\n\n<li>El sitio web no podr\u00e1 realizar anal\u00edticas web sobre visitantes y tr\u00e1fico en la web, lo que dificultar\u00e1 que la web sea competitiva.<\/li>\n\n\n\n<li>No podr\u00e1 escribir en el blog, no podr\u00e1 subir fotos, publicar comentarios, valorar o puntuar contenidos. La web tampoco podr\u00e1 saber si usted es un humano o una aplicaci\u00f3n automatizada que publica&nbsp;<em>spam<\/em>.<\/li>\n\n\n\n<li>No se podr\u00e1 mostrar publicidad sectorizada, lo que reducir\u00e1 los ingresos publicitarios de la web.<\/li>\n\n\n\n<li>Todas las redes sociales usan&nbsp;<em>cookies<\/em>, si las desactiva no podr\u00e1 utilizar ninguna red social.<\/li>\n<\/ul>\n\n\n\n<h2 class=\"wp-block-heading\">\u00bfSe pueden eliminar las&nbsp;<em>cookies<\/em>?<\/h2>\n\n\n\n<p>S\u00ed. No s\u00f3lo eliminar, tambi\u00e9n bloquear, de forma general o particular para un dominio espec\u00edfico.<\/p>\n\n\n\n<p>Para eliminar las&nbsp;<em>cookies<\/em>&nbsp;de un sitio web debe ir a la configuraci\u00f3n de su navegador y all\u00ed podr\u00e1 buscar las asociadas al dominio en cuesti\u00f3n y proceder a su eliminaci\u00f3n.<\/p>\n\n\n\n<h2 class=\"wp-block-heading\" id=\"navegadores\">Configuraci\u00f3n de&nbsp;<em>cookies<\/em>&nbsp;para los navegadores m\u00e1s populares<\/h2>\n\n\n\n<p>A continuaci\u00f3n, le indicamos c\u00f3mo acceder a una&nbsp;<em>cookie<\/em>&nbsp;determinada del navegador&nbsp;<strong>Chrome<\/strong>. Nota: estos pasos pueden variar en funci\u00f3n de la versi\u00f3n del navegador:<\/p>\n\n\n\n<ol class=\"wp-block-list\" type=\"1\" start=\"1\">\n<li>Vaya a Configuraci\u00f3n o Preferencias mediante el men\u00fa Archivo o bien pinchando el icono de personalizaci\u00f3n que aparece arriba a la derecha.<\/li>\n\n\n\n<li>Ver\u00e1 diferentes secciones, pinche la opci\u00f3n&nbsp;<em>Mostrar opciones avanzadas<\/em>.<\/li>\n\n\n\n<li>Vaya a&nbsp;<em>Privacidad<\/em>,&nbsp;<em>Configuraci\u00f3n de contenido<\/em>.<\/li>\n\n\n\n<li>Seleccione&nbsp;<em>Todas las&nbsp;cookies&nbsp;y los datos de sitios<\/em>.<\/li>\n\n\n\n<li>Aparecer\u00e1 un listado con todas las&nbsp;<em>cookies<\/em>&nbsp;ordenadas por dominio. Para que le sea m\u00e1s f\u00e1cil encontrar las&nbsp;<em>cookies<\/em>&nbsp;de un determinado dominio introduzca parcial o totalmente la direcci\u00f3n en el campo&nbsp;<em>Buscar cookies<\/em>.<\/li>\n\n\n\n<li>Tras realizar este filtro aparecer\u00e1n en pantalla una o varias l\u00edneas con las&nbsp;<em>cookies<\/em>&nbsp;de la web solicitada. Ahora s\u00f3lo tiene que seleccionarla y pulsar la&nbsp;<em>X<\/em>&nbsp;para proceder a su eliminaci\u00f3n.<\/li>\n<\/ol>\n\n\n\n<p>Para acceder a la configuraci\u00f3n de&nbsp;<em>cookies<\/em>&nbsp;del navegador&nbsp;<strong>Internet Explorer<\/strong>&nbsp;siga estos pasos (pueden variar en funci\u00f3n de la versi\u00f3n del navegador):<\/p>\n\n\n\n<ol class=\"wp-block-list\" type=\"1\" start=\"1\">\n<li>Vaya a&nbsp;<em>Herramientas<\/em>,&nbsp;<em>Opciones de Internet<\/em><\/li>\n\n\n\n<li>Haga click en&nbsp;<em>Privacidad<\/em>.<\/li>\n\n\n\n<li>Mueva el deslizador hasta ajustar el nivel de privacidad que desee.<\/li>\n<\/ol>\n\n\n\n<p>Para acceder a la configuraci\u00f3n de&nbsp;<em>cookies<\/em>&nbsp;del navegador&nbsp;<strong>Firefox<\/strong>&nbsp;siga estos pasos (pueden variar en funci\u00f3n de la versi\u00f3n del navegador):<\/p>\n\n\n\n<ol class=\"wp-block-list\" type=\"1\" start=\"1\">\n<li>Vaya a&nbsp;<em>Opciones<\/em>&nbsp;o&nbsp;<em>Preferencias<\/em>&nbsp;seg\u00fan su sistema operativo.<\/li>\n\n\n\n<li>Haga click en&nbsp;<em>Privacidad<\/em>.<\/li>\n\n\n\n<li>En&nbsp;<em>Historial<\/em>&nbsp;elija&nbsp;<em>Usar una configuraci\u00f3n personalizada para el historial<\/em>.<\/li>\n\n\n\n<li>Ahora ver\u00e1 la opci\u00f3n&nbsp;<em>Aceptar cookies<\/em>, puede activarla o desactivarla seg\u00fan sus preferencias.<\/li>\n<\/ol>\n\n\n\n<p>Para acceder a la configuraci\u00f3n de&nbsp;<em>cookies<\/em>&nbsp;del navegador&nbsp;<strong>Safari para OSX<\/strong>&nbsp;siga estos pasos (pueden variar en funci\u00f3n de la versi\u00f3n del navegador):<\/p>\n\n\n\n<ol class=\"wp-block-list\" type=\"1\" start=\"1\">\n<li>Vaya a&nbsp;<em>Preferencias<\/em>, luego&nbsp;<em>Privacidad<\/em>.<\/li>\n\n\n\n<li>En este lugar ver\u00e1 la opci\u00f3n&nbsp;<em>Bloquear cookies<\/em>&nbsp;para que ajuste el tipo de bloqueo que desea realizar.<\/li>\n<\/ol>\n\n\n\n<p>Para acceder a la configuraci\u00f3n de&nbsp;<em>cookies<\/em>&nbsp;del navegador&nbsp;<strong>Safari para iOS<\/strong>&nbsp;siga estos pasos (pueden variar en funci\u00f3n de la versi\u00f3n del navegador):<\/p>\n\n\n\n<ol class=\"wp-block-list\" type=\"1\" start=\"1\">\n<li>Vaya a&nbsp;<em>Ajustes<\/em>, luego&nbsp;<em>Safari<\/em>.<\/li>\n\n\n\n<li>Vaya a&nbsp;<em>Privacidad y Seguridad<\/em>, ver\u00e1 la opci\u00f3n&nbsp;<em>Bloquear cookies<\/em>&nbsp;para que ajuste el tipo de bloqueo que desea realizar.<\/li>\n<\/ol>\n\n\n\n<p>Para acceder a la configuraci\u00f3n de&nbsp;<em>cookies<\/em>&nbsp;del navegador para dispositivos&nbsp;<strong>Android<\/strong>&nbsp;siga estos pasos (pueden variar en funci\u00f3n de la versi\u00f3n del navegador):<\/p>\n\n\n\n<ol class=\"wp-block-list\" type=\"1\" start=\"1\">\n<li>Ejecute el navegador y pulse la tecla&nbsp;<em>Men\u00fa<\/em>, luego&nbsp;<em>Ajustes<\/em>.<\/li>\n\n\n\n<li>Vaya a&nbsp;<em>Seguridad y Privacidad<\/em>, ver\u00e1 la opci\u00f3n&nbsp;<em>Aceptar cookies<\/em>&nbsp;para que active o desactive la casilla.<\/li>\n<\/ol>\n\n\n\n<p>Para acceder a la configuraci\u00f3n de&nbsp;<em>cookies<\/em>&nbsp;del navegador para dispositivos&nbsp;<strong>Windows Phone<\/strong>&nbsp;siga estos pasos (pueden variar en funci\u00f3n de la versi\u00f3n del navegador):<\/p>\n\n\n\n<ol class=\"wp-block-list\" type=\"1\" start=\"1\">\n<li>Abra&nbsp;<em>Internet Explorer<\/em>, luego&nbsp;<em>M\u00e1s<\/em>, luego&nbsp;<em>Configuraci\u00f3n<\/em><\/li>\n\n\n\n<li>Ahora puede activar o desactivar la casilla&nbsp;<em>Permitir cookies<\/em>.<\/li>\n<\/ol>\n\n\n\n<p>Asesor de Cookies es un&nbsp;<a href=\"http:\/\/wordpress.org\/plugins\/asesor-cookies-para-la-ley-en-espana\/\" target=\"_blank\" rel=\"noreferrer noopener\"><strong>plugin para WordPress<\/strong><\/a><\/p>","protected":false},"excerpt":{"rendered":"<p>\u00bfQu\u00e9 es una cookie? Una&nbsp;cookie&nbsp;es un fichero de texto&nbsp;inofensivo&nbsp;que se almacena en su navegador cuando visita casi cualquier p\u00e1gina web. La utilidad de la&nbsp;cookie&nbsp;es que la web sea capaz de [&hellip;]<\/p>\n","protected":false},"author":4,"featured_media":0,"parent":0,"menu_order":0,"comment_status":"closed","ping_status":"closed","template":"","meta":{"footnotes":"","_links_to":"","_links_to_target":""},"class_list":["post-2931","page","type-page","status-publish","hentry"],"_links":{"self":[{"href":"https:\/\/bomberoscotacachi.gob.ec\/en\/wp-json\/wp\/v2\/pages\/2931","targetHints":{"allow":["GET"]}}],"collection":[{"href":"https:\/\/bomberoscotacachi.gob.ec\/en\/wp-json\/wp\/v2\/pages"}],"about":[{"href":"https:\/\/bomberoscotacachi.gob.ec\/en\/wp-json\/wp\/v2\/types\/page"}],"author":[{"embeddable":true,"href":"https:\/\/bomberoscotacachi.gob.ec\/en\/wp-json\/wp\/v2\/users\/4"}],"replies":[{"embeddable":true,"href":"https:\/\/bomberoscotacachi.gob.ec\/en\/wp-json\/wp\/v2\/comments?post=2931"}],"version-history":[{"count":1,"href":"https:\/\/bomberoscotacachi.gob.ec\/en\/wp-json\/wp\/v2\/pages\/2931\/revisions"}],"predecessor-version":[{"id":2932,"href":"https:\/\/bomberoscotacachi.gob.ec\/en\/wp-json\/wp\/v2\/pages\/2931\/revisions\/2932"}],"wp:attachment":[{"href":"https:\/\/bomberoscotacachi.gob.ec\/en\/wp-json\/wp\/v2\/media?parent=2931"}],"curies":[{"name":"wp","href":"https:\/\/api.w.org\/{rel}","templated":true}]}}