{"id":3006,"date":"2023-08-25T15:36:17","date_gmt":"2023-08-25T20:36:17","guid":{"rendered":"https:\/\/bomberoscotacachi.gob.ec\/?page_id=3006"},"modified":"2025-12-05T12:15:12","modified_gmt":"2025-12-05T17:15:12","slug":"convocatoria-importacion-2025","status":"publish","type":"page","link":"https:\/\/bomberoscotacachi.gob.ec\/en\/convocatoria-importacion-2025\/","title":{"rendered":"CONVOCATORIA &#8211; IMPORTACI\u00d3N &#8211; 2025"},"content":{"rendered":"<div class=\"wpb-content-wrapper\"><div class=\"vc_row wpb_row vc_row-fluid vc_custom_1693252546332\"><div class=\"wpb_column vc_column_container vc_col-sm-12\"><div class=\"vc_column-inner\"><div class=\"wpb_wrapper\">\r\n\t<div  class=\"wpb_single_image wpb_content_element vc_align_left wpb_content_element\">\r\n\t\t\r\n\t\t<figure class=\"wpb_wrapper vc_figure\">\r\n\t\t\t<div class=\"vc_single_image-wrapper   vc_box_border_grey\"><img loading=\"lazy\" decoding=\"async\" width=\"1265\" height=\"241\" src=\"https:\/\/bomberoscotacachi.gob.ec\/wp-content\/uploads\/2023\/08\/ENCABEZADO-A4.png\" class=\"vc_single_image-img attachment-full\" alt=\"\" title=\"ENCABEZADO A4\" srcset=\"https:\/\/bomberoscotacachi.gob.ec\/wp-content\/uploads\/2023\/08\/ENCABEZADO-A4.png 1265w, https:\/\/bomberoscotacachi.gob.ec\/wp-content\/uploads\/2023\/08\/ENCABEZADO-A4-300x57.png 300w, https:\/\/bomberoscotacachi.gob.ec\/wp-content\/uploads\/2023\/08\/ENCABEZADO-A4-1024x195.png 1024w, https:\/\/bomberoscotacachi.gob.ec\/wp-content\/uploads\/2023\/08\/ENCABEZADO-A4-768x146.png 768w\" sizes=\"auto, (max-width: 1265px) 100vw, 1265px\" \/><\/div>\r\n\t\t<\/figure>\r\n\t<\/div>\r\n<h1 class=\"sc_title sc_title_regular\"><\/p>\n<p style=\"text-align: center;\"><span style=\"color: #000000;\"><strong>CONVOCATORIA PARA LA ADQUISICI\u00d3N DE BIENES EN EL EXTRANJERO<\/strong><\/span><\/p>\n<p><\/h1>\r\n\t<div class=\"wpb_text_column wpb_content_element\" >\r\n\t\t<div class=\"wpb_wrapper\">\r\n\t\t\t<p style=\"text-align: justify;\"><span style=\"color: #000000;\">Se convoca a las empresas extranjeras, legalmente capaces para contratar, a que presenten sus ofertas para la: ADQUISICI\u00d3N DE KIT DE EQUIPOS DE EXTRICACI\u00d3N, CORTE Y EXPANSI\u00d3N VEHICULAR Y ACCESORIOS PARA EL CUERPO DE BOMBEROS COTACACHI.<\/span><\/p>\n<p style=\"text-align: justify;\"><span style=\"color: #000000;\"><strong>Vigencia de la oferta:<\/strong> La oferta se entender\u00e1 vigente hasta 60 DIAS.<\/span><\/p>\n<p style=\"text-align: justify;\"><span style=\"color: #000000;\"><strong>Precio de la oferta:<\/strong> El presupuesto referencial es de USD. 60.785,21 (Sesenta Mil&nbsp; Setecientos Ochenta y Cinco con&nbsp; 21\/100 D\u00f3lares de los Estados Unidos de Am\u00e9rica), m\u00e1s IVA.<\/span><\/p>\n<p style=\"text-align: justify;\"><span style=\"color: #000000;\"><strong>Plazo de ejecuci\u00f3n:<\/strong> M\u00e1ximo 120 d\u00edas, contados a partir del siguiente d\u00eda de la suscripci\u00f3n del respectivo contrato.<\/span><\/p>\n<p style=\"text-align: justify;\"><span style=\"color: #000000;\"><strong>Forma de pago:<\/strong> El pago se realizar\u00e1 con un anticipo que ser\u00e1 del 50% del valor total del contrato, cuya entrega deber\u00e1 ocurrir dentro del t\u00e9rmino m\u00e1ximo de quince (15) d\u00edas subsiguientes a la suscripci\u00f3n del contrato, previa entrega de la garant\u00eda de anticipo, y el 50% restante, ser\u00e1 contra entrega-recepci\u00f3n de los bienes, una vez suscrita el acta de entrega recepci\u00f3n de la totalidad del objeto del contrato, a entera satisfacci\u00f3n del CONTRATANTE.<\/span><\/p>\n<p style=\"text-align: justify;\"><span style=\"color: #000000;\"><strong>Cronograma del procedimiento:<\/strong> El cronograma que regir\u00e1 el procedimiento ser\u00e1 el siguiente:<\/span><\/p>\n<table>\n<tbody>\n<tr>\n<td width=\"419\"><span style=\"color: #000000;\"><strong>ETAPA<\/strong><\/span><\/td>\n<td width=\"143\"><span style=\"color: #000000;\"><strong>FECHA L\u00cdMITE<\/strong><\/span><\/td>\n<td width=\"71\"><span style=\"color: #000000;\"><strong>HORA<\/strong><\/span><\/td>\n<\/tr>\n<tr>\n<td width=\"419\"><span style=\"color: #000000;\"><strong>1.&nbsp; FECHA DE INICIO DEL PROCESO Y CONVOCATORIA<\/strong><\/span><\/td>\n<td width=\"143\"><span style=\"color: #000000;\">13-NOV-2025<\/span><\/td>\n<td width=\"71\"><span style=\"color: #000000;\">19H45<\/span><\/td>\n<\/tr>\n<tr>\n<td width=\"419\"><span style=\"color: #000000;\"><strong>2.&nbsp; FECHA L\u00cdMITE DE PREGUNTAS<\/strong><\/span><\/td>\n<td width=\"143\"><span style=\"color: #000000;\">17-NOV-2025<\/span><\/td>\n<td width=\"71\"><span style=\"color: #000000;\">19H45<\/span><\/td>\n<\/tr>\n<tr>\n<td width=\"419\"><span style=\"color: #000000;\"><strong>3.&nbsp; FECHA L\u00cdMITE DE RESPUESTAS Y ACLARACIONES<\/strong><\/span><\/td>\n<td width=\"143\"><span style=\"color: #000000;\">19-NOV-2025<\/span><\/td>\n<td width=\"71\"><span style=\"color: #000000;\">19H45<\/span><\/td>\n<\/tr>\n<tr>\n<td width=\"419\"><span style=\"color: #000000;\"><strong>4.&nbsp; FECHA L\u00cdMITE DE RECEPCI\u00d3N DE LA OFERTA<\/strong><\/span><\/td>\n<td width=\"143\"><span style=\"color: #000000;\">25-NOV-2025<\/span><\/td>\n<td width=\"71\"><span style=\"color: #000000;\">19H45<\/span><\/td>\n<\/tr>\n<tr>\n<td width=\"419\"><span style=\"color: #000000;\"><strong>5.&nbsp; FECHA DE APERTURA DE OFERTAS<\/strong><\/span><\/td>\n<td width=\"143\"><span style=\"color: #000000;\">25-NOV-2025<\/span><\/td>\n<td width=\"71\"><span style=\"color: #000000;\">20H00<\/span><\/td>\n<\/tr>\n<tr>\n<td width=\"419\"><span style=\"color: #000000;\"><strong>6.&nbsp; FECHA DE CALIFICACI\u00d3N DE LA OFERTA<\/strong><\/span><\/td>\n<td width=\"143\"><span style=\"color: #000000;\">26-NOV-2025<\/span><\/td>\n<td width=\"71\"><span style=\"color: #000000;\">20H00<\/span><\/td>\n<\/tr>\n<tr>\n<td width=\"419\"><span style=\"color: #000000;\"><strong>7.&nbsp; FECHA ESTIMADA DE ADJUDICACI\u00d3N<\/strong><\/span><\/td>\n<td width=\"143\"><span style=\"color: #000000;\">2-DIC-2025<\/span><\/td>\n<td width=\"71\"><span style=\"color: #000000;\">20H00<\/span><\/td>\n<\/tr>\n<\/tbody>\n<\/table>\n<p>&nbsp;<\/p>\n<p style=\"text-align: justify;\"><span style=\"color: #000000;\">En el caso de ser necesario, el t\u00e9rmino para la convalidaci\u00f3n de errores ser\u00e1 de acuerdo al siguiente cronograma:<\/span><\/p>\n<table>\n<tbody>\n<tr>\n<td width=\"419\"><span style=\"color: #000000;\"><strong>ETAPA<\/strong><\/span><\/td>\n<td width=\"143\"><span style=\"color: #000000;\"><strong>FECHA L\u00cdMITE<\/strong><\/span><\/td>\n<td width=\"71\"><span style=\"color: #000000;\"><strong>HORA<\/strong><\/span><\/td>\n<\/tr>\n<tr>\n<td width=\"419\"><span style=\"color: #000000;\"><strong>1.&nbsp;&nbsp;&nbsp; FECHA L\u00cdMITE PARA SOLICITAR CONVALIDACI\u00d3N<\/strong><\/span><\/td>\n<td width=\"143\"><span style=\"color: #000000;\">26-NOV-2025<\/span><\/td>\n<td width=\"71\"><span style=\"color: #000000;\">20H00<\/span><\/td>\n<\/tr>\n<tr>\n<td width=\"419\"><span style=\"color: #000000;\"><strong>2.&nbsp; FECHA L\u00cdMITE DE RESPUESTA A CONVALIDACI\u00d3N<\/strong><\/span><\/td>\n<td width=\"143\"><span style=\"color: #000000;\">28-NOV-2025<\/span><\/td>\n<td width=\"71\"><span style=\"color: #000000;\">20H00<\/span><\/td>\n<\/tr>\n<tr>\n<td width=\"419\"><span style=\"color: #000000;\"><strong>3.&nbsp; FECHA DE CALIFICACI\u00d3N DE LA OFERTA<\/strong><\/span><\/td>\n<td width=\"143\"><span style=\"color: #000000;\">01-DIC-2025<\/span><\/td>\n<td width=\"71\"><span style=\"color: #000000;\">20H00<\/span><\/td>\n<\/tr>\n<tr>\n<td width=\"419\"><span style=\"color: #000000;\"><strong>4.&nbsp; FECHA ESTIMADA DE ADJUDICACI\u00d3N<\/strong><\/span><\/td>\n<td width=\"143\"><span style=\"color: #000000;\">05-DIC-2025<\/span><\/td>\n<td width=\"71\"><span style=\"color: #000000;\">20H00<\/span><\/td>\n<\/tr>\n<\/tbody>\n<\/table>\n<p>&nbsp;<\/p>\n<p><span style=\"color: #000000; font-size: 150%;\"><strong>DOCUMENTOS RELEVANTES:<\/strong><\/span><\/p>\n<ol>\n<li><strong><span style=\"color: #000000;\">DELEGACION PERSONAL <a href=\"https:\/\/drive.google.com\/file\/d\/1DoS4luZYqthULTlxSC6QrQfQhoQvEx-b\/view?usp=sharing\">(descargar)<\/a><\/span><\/strong><\/li>\n<li><strong><span style=\"color: #000000;\">INFORME DE NECESIDAD <a href=\"https:\/\/drive.google.com\/file\/d\/1cxasJ7akSjFfIvPFWtXy4dhhEb5ijySd\/view?usp=sharing\">(descargar)<\/a><\/span><\/strong><\/li>\n<li><strong><span style=\"color: #000000;\">SOLICITUD DE BODEGA <a href=\"https:\/\/drive.google.com\/file\/d\/16rjjFwnrFbJXs6tVLns_1DD58AWm8W2e\/view?usp=sharing\">(descargar)<\/a><\/span><\/strong><\/li>\n<li><strong><span style=\"color: #000000;\">CERTIFICACION BODEGA <a href=\"https:\/\/drive.google.com\/file\/d\/10kv-sjupxS_VykcPy1xLZ22h4Z_K71VW\/view?usp=sharing\">(descargar)<\/a><\/span><\/strong><\/li>\n<li><strong><span style=\"color: #000000;\">DELEGACI\u00d3N <a href=\"https:\/\/drive.google.com\/file\/d\/1gns4IN8gPTAg9cxsqs13G52Zen_kiv79\/view?usp=sharing\">(descargar)<\/a><\/span><\/strong><\/li>\n<li><strong><span style=\"color: #000000;\">CERTIFICACI\u00d3N BODEGA <a href=\"https:\/\/drive.google.com\/file\/d\/1FWXpBIUK_N1z6nRKOj6lSLPeAJKBV_-g\/view?usp=sharing\">(descargar)<\/a><\/span><\/strong><\/li>\n<li><strong><span style=\"color: #000000;\">SOLICITUD POA <a href=\"https:\/\/drive.google.com\/file\/d\/1bO4SaBHAZrn_fhUnmYKIbrd0p831K8V9\/view?usp=sharing\">(descargar)<\/a><\/span><\/strong><\/li>\n<li><strong><span style=\"color: #000000;\">CERTIFICACI\u00d3N POA <a href=\"https:\/\/drive.google.com\/file\/d\/1Of5notUswPw1b6WxmFPdf896dUS2VBxP\/view?usp=sharing\">(descargar)<\/a><\/span><\/strong><\/li>\n<li><strong><span style=\"color: #000000;\">SOLICITUD PAC <a href=\"https:\/\/drive.google.com\/file\/d\/1L__DS-7WjkIt0RdNGaWO42V2ZMpUui_H\/view?usp=sharing\">(descargar)<\/a><\/span><\/strong><\/li>\n<li><strong><span style=\"color: #000000;\">CERTIFICACI\u00d3N PAC <a href=\"https:\/\/drive.google.com\/file\/d\/1Oq6tr2iVFE50s-Mo1qeinoYuZeNBPLGO\/view?usp=sharing\">(descargar)<\/a><\/span><\/strong><\/li>\n<li><strong><span style=\"color: #000000;\">ESPECIFICACIONES T\u00c9CNICAS <a href=\"https:\/\/drive.google.com\/file\/d\/1uCuPjSownfRz24Lp4QgmMKA-eIqvyrol\/view?usp=sharing\">(descargar)<\/a><\/span><\/strong><\/li>\n<li><strong><span style=\"color: #000000;\">CORREO 1 <a href=\"https:\/\/drive.google.com\/file\/d\/1YILIRSU6io5GVRpZzCC4WdwtgMZTPPri\/view?usp=sharing\">(descargar)<\/a><\/span><\/strong><\/li>\n<li><strong><span style=\"color: #000000;\">CORREO 2 <a href=\"https:\/\/drive.google.com\/file\/d\/1Fy-E7gNoA7k8CHpSp9DJeUOHZIrrhLBf\/view?usp=sharing\">(descargar)<\/a><\/span><\/strong><\/li>\n<li><strong><span style=\"color: #000000;\">PROFORMA 1 <a href=\"https:\/\/drive.google.com\/file\/d\/1KuAQiC8GVO-rnSgzfwvo1ARjFBhJ0vM7\/view?usp=sharing\">(descargar)<\/a><\/span><\/strong><\/li>\n<li><strong><span style=\"color: #000000;\">PROFORMA 2 <a href=\"https:\/\/drive.google.com\/file\/d\/1az56JM6k11TJbg18pkrexuZAqsgbpa9i\/view?usp=sharing\">(descargar)<\/a><\/span><\/strong><\/li>\n<li><strong><span style=\"color: #000000;\">CALCULADORA <a href=\"https:\/\/docs.google.com\/spreadsheets\/d\/11G7JdwX1rpqE4SfTgp-KdLfMEA9WHevf\/edit?usp=sharing&amp;ouid=102471435158765899373&amp;rtpof=true&amp;sd=true\">(descargar)<\/a><\/span><\/strong><\/li>\n<li><strong><span style=\"color: #000000;\">LINEAMIENTOS DE VINCULACION <a href=\"https:\/\/drive.google.com\/file\/d\/1F1TLxUCUecL7iL_840y5g8OuEKGgB7AQ\/view?usp=sharing\">(descargar)<\/a><\/span><\/strong><\/li>\n<li><strong><span style=\"color: #000000;\">CUADRO COMPARATIVO <a href=\"https:\/\/drive.google.com\/file\/d\/1JZFu7dhIo9U6vLBOU5d96kOt4Iu5tQkD\/view?usp=sharing\">(descargar)<\/a><\/span><\/strong><\/li>\n<li><strong><span style=\"color: #000000;\">ESTUDIO DE MERCADO <a href=\"https:\/\/drive.google.com\/file\/d\/1ww3JoBb7XbVV55ttGJKL6Ul5zyvk7CT0\/view?usp=sharing\">(descargar)<\/a><\/span><\/strong><\/li>\n<li><strong><span style=\"color: #000000;\">PETICI\u00d3N <a href=\"https:\/\/drive.google.com\/file\/d\/1aao3Obd1Eag-ufAGZwc4cjREGFHK_LXv\/view?usp=sharing\">(descargar)<\/a><\/span><\/strong><\/li>\n<li><strong><span style=\"color: #000000;\">VERIFICACION ACUERDOS COMERCIALES <a href=\"https:\/\/drive.google.com\/file\/d\/1MIJ8JkIC63_JjcRClnBUeaO7IX8XXfQu\/view?usp=sharing\">(descargar)<\/a><\/span><\/strong><\/li>\n<li><strong><span style=\"color: #000000;\">VERIFICACION CATALOGO ELECTRONICO <a href=\"https:\/\/drive.google.com\/file\/d\/1Y_RYcYSFu5VbqUWfeY9JgnIfRt98T6Mg\/view?usp=sharing\">(descargar)<\/a><\/span><\/strong><\/li>\n<li><strong><span style=\"color: #000000;\">CERTIFICADO DE CODIGO CPC EXENTO <a href=\"https:\/\/drive.google.com\/file\/d\/1WPBlm9DiFo1j08hIyaI6HVPekQYraAne\/view?usp=sharing\">(descargar)<\/a><\/span><\/strong><\/li>\n<li><strong><span style=\"color: #000000;\">CATALOGO ELECTR\u00d3NICO <a href=\"https:\/\/drive.google.com\/file\/d\/1Gg1xb6LEfBI1t6P_jwL5NZg2O-xjtXLF\/view?usp=sharing\">(descargar)<\/a><\/span><\/strong><\/li>\n<li><strong><span style=\"color: #000000;\">PRESUPUESTO <a href=\"https:\/\/drive.google.com\/file\/d\/1jlcmVu2pRNIaLkC_-5-6BlVSUwitcYEp\/view?usp=sharing\">(descargar)<\/a><\/span><\/strong><\/li>\n<li><span style=\"color: #000000;\"><strong>SOLICITUD DE PRESUPUESTO <a href=\"https:\/\/drive.google.com\/file\/d\/1XNX7aH89MpCtxeXvusNhrFy_zYp349GW\/view?usp=sharing\">(descargar)<\/a><\/strong><\/span><\/li>\n<li><span style=\"color: #000000;\"><strong>PRESUPUESTO <a href=\"https:\/\/drive.google.com\/file\/d\/1uNizlrVLQPGjJt_2wk09bXX8p03Tth4d\/view?usp=sharing\">(descargar)<\/a><\/strong><\/span><\/li>\n<li><span style=\"color: #000000;\"><strong>SOLICITUD DE INICIO <a href=\"https:\/\/drive.google.com\/file\/d\/1npXCzi9No5jvN7vrsHSPJ2Fgu43Gognc\/view?usp=sharing\">(descargar)<\/a><\/strong><\/span><\/li>\n<li><strong><span style=\"color: #000000;\">SOLICITUD SERCOP <a href=\"https:\/\/drive.google.com\/file\/d\/1kIVmuHeRU7pTOavt1e0NJIQ8W1tyYpwR\/view?usp=sharing\">(descargar)<\/a><\/span><\/strong><\/li>\n<li><strong><span style=\"color: #000000;\">OFICIO SERCOP-DCPN-2025-0846-O <a href=\"https:\/\/drive.google.com\/file\/d\/1ld8j0TvkDauLAkJai2lPWBvx1BRJzMep\/view?usp=sharing\">(descargar)<\/a><\/span><\/strong><\/li>\n<li><span style=\"color: #000000;\"><strong>ACTA RESPUESTA <a href=\"https:\/\/drive.google.com\/file\/d\/1Rlnz_3z0CDnjZMGBpDboGcUoRR9vnZGa\/view?usp=sharing\">(descargar)<\/a><\/strong><\/span><\/li>\n<li><span style=\"color: #000000;\"><strong>INFORME USO DE CPC EXENTO <a href=\"https:\/\/drive.google.com\/file\/d\/1Kve7FS7qIg8tETZnl_JxM690qPw3TzY6\/view?usp=sharing\">(descargar)<\/a><\/strong><\/span><\/li>\n<li><span style=\"color: #000000;\"><strong>MEMO CONVOCATORIA <a href=\"https:\/\/drive.google.com\/file\/d\/1ryDKpvjkVJvDeeaxa4v06mcus-jxLS_v\/view?usp=sharing\">(descargar)<\/a><\/strong><\/span><\/li>\n<li><strong><span style=\"color: #000000;\">MEMO PUBLICACI\u00d3N <a href=\"https:\/\/drive.google.com\/file\/d\/1wuJQ78Y1wM54ZaxB2uzYmgQbE0ebb2gF\/view?usp=sharing\">(descargar)<\/a><\/span><\/strong><\/li>\n<li><span style=\"color: #000000;\"><strong>CONVOCATORIA <a href=\"https:\/\/drive.google.com\/file\/d\/1U8EukpipxlGcFZZodwlx1uH-4JFhAuth\/view?usp=sharing\">(descargar)<\/a><\/strong><\/span><\/li>\n<li><span style=\"color: #000000;\"><strong>MEMO TIC&#8217;s <a href=\"https:\/\/drive.google.com\/file\/d\/1KxJAayEefwj6m6jAUgWdjY0ltlEuie0g\/view?usp=sharing\">(descargar)<\/a><\/strong><\/span><\/li>\n<li><span style=\"color: #000000;\"><strong>RESPUESTA TIC&#8217;s <a href=\"https:\/\/drive.google.com\/file\/d\/1q4N7tkeMIBBFlftRo1QGxIbcETuwCNuf\/view?usp=sharing\">(descargar)<\/a><\/strong><\/span><\/li>\n<li><span style=\"color: #000000;\"><strong>MEMO DISPOSICION 000095 CBC-J1-2025 &#8211; PUBLICACION <a href=\"https:\/\/drive.google.com\/file\/d\/1SOS2jUDxITyQppA0F_bblwn-iNx8p5H3\/view?usp=sharing\">(descargar)<\/a><\/strong><\/span><\/li>\n<li><span style=\"color: #000000;\"><strong>MEMORANDO ENTREGA DE PLIEGOS <a href=\"https:\/\/drive.google.com\/file\/d\/1eu_z1Y6PYrGEY2qK-iVYYTV0oB6l-zyu\/view?usp=sharing\">(descargar)<\/a><\/strong><\/span><\/li>\n<li><span style=\"color: #000000;\"><strong>PLIEGO <a href=\"https:\/\/drive.google.com\/file\/d\/1fb7QhN4zWxwGU7PQT9uK8wg_yIXdpkou\/view?usp=sharing\">(descargar)<\/a><\/strong><\/span><\/li>\n<li><span style=\"color: #000000;\"><strong>RESOLUCION INICIO CONTRATACION EN EL EXTERIOR <a href=\"https:\/\/drive.google.com\/file\/d\/1J0yPfyNRqyntB9tnK-kLPDKyRcEwjyOa\/view?usp=sharing\">(descargar)<\/a><\/strong><\/span><\/li>\n<li><span style=\"color: #000000;\"><strong>MEMORANDO N\u00b0 030 <a href=\"https:\/\/drive.google.com\/file\/d\/1RSN-ifNEpce9AhSfpC9Oz9c-6Vog-6NY\/view?usp=sharing\">(descargar)<\/a><\/strong><\/span><\/li>\n<li><span style=\"color: #000000;\"><strong>MEMORANDO N\u00b0 031 <a href=\"https:\/\/drive.google.com\/file\/d\/1UXYlhzKJ3VuMCPxYVhvERvSLoOwdNTl7\/view?usp=sharing\">(descargar)<\/a><\/strong><\/span><\/li>\n<li><span style=\"color: #000000;\"><strong>ACTA DE RESPUESTAS Y ACLARACIONES <a href=\"https:\/\/drive.google.com\/file\/d\/1R3S5TeDdSs9WvUg_r41O-5Kep5OJ1Hyh\/view?usp=sharing\">(descargar)<\/a><\/strong><\/span><\/li>\n<li><span style=\"color: #000000;\"><strong>OFERTA FINAL PROTECFIRE EQUIPMENTS US LLC <a href=\"https:\/\/drive.google.com\/file\/d\/1ClBI2AYyTsYcW3ZEkwgARnMy0CglDCcR\/view?usp=sharing\">(descargar)<\/a><\/strong><\/span><\/li>\n<li><span style=\"color: #000000;\"><strong>ACTA DE APERTURA <a href=\"https:\/\/drive.google.com\/file\/d\/1_TTXK8L4O_LTnvtqTXtHrBsspKFy_60c\/view?usp=sharing\">(descargar)<\/a><\/strong><\/span><\/li>\n<li><span style=\"color: #000000;\"><strong>OFICIO DE CONVALIDACI\u00d3N DE ERRORES <a href=\"https:\/\/drive.google.com\/file\/d\/1veMF-sBbeoHrf6cWhE-qDBGFFWRHwpCc\/view?usp=drivesdk\">(descargar)<\/a><\/strong><\/span><\/li>\n<li><span style=\"color: #000000;\"><strong>ACTA DE CON VALIDACI\u00d3N DE ERRORES <a href=\"https:\/\/drive.google.com\/file\/d\/1MIq2cyNYblk49lVvLCwzj_Sr2OWdGx-1\/view?usp=drivesdk\">(descargar)<\/a><\/strong><\/span><\/li>\n<li><span style=\"color: #000000;\"><strong>CARTA RESPUESTA A CONVALIDACION &#8211; PROTECFIRE EQUIPMENTS US LLC <a href=\"https:\/\/drive.google.com\/file\/d\/153MBbWMnjuvHGdoqx4Xt9tsmWnPM3vWI\/view?usp=sharing\">(descargar)<\/a><\/strong><\/span><\/li>\n<li><span style=\"color: #000000;\"><strong>OFERTA FINAL PROTECFIRE EQUIPMENTS US LLC <a href=\"https:\/\/drive.google.com\/file\/d\/1IXDvu1iDRiTsceOxFsQLc0H_xaPH2Fgb\/view?usp=sharing\">(descargar)<\/a><\/strong><\/span><\/li>\n<li><span style=\"color: #000000;\"><strong>CALIFICACI\u00d3N DE OFERTAS <a href=\"https:\/\/drive.google.com\/file\/d\/1ZO3JRNfIqt8nS8ZR3RVnHNH9gWGt0Lgm\/view?usp=drivesdk\">(descargar)<\/a><\/strong><\/span><\/li>\n<li><span style=\"color: #000000;\"><strong>INFORME DE RECOMENDACI\u00d3N <a href=\"https:\/\/drive.google.com\/file\/d\/1tgZ3OsI6zP6HpczLSomET1WHFVonzDFy\/view?usp=drivesdk\">(descargar)<\/a><\/strong><\/span><\/li>\n<li><span style=\"color: #000000;\"><strong>SOLUCI\u00d3N ADJUDICACI\u00d3N <a href=\"https:\/\/drive.google.com\/file\/d\/127iNSJh4mNHL3RbKjwH_QCbYdUah8Jca\/view?usp=drivesdk\">(descargar)<\/a><\/strong><\/span><\/li>\n<\/ol>\n<p>&nbsp;<\/p>\n<p style=\"text-align: left;\"><span style=\"color: #000000;\">Cotacachi, 13 de noviembre de 2025<\/span><\/p>\n<p>&nbsp;<\/p>\n<p><span style=\"color: #000000;\">Atentamente,<\/span><\/p>\n<p>&nbsp;<\/p>\n<p style=\"text-align: center;\"><span style=\"color: #000000;\"><strong>Myr. (B) Msc. Giovanni Zamora Orbe<\/strong><\/span><\/p>\n<p style=\"text-align: center;\"><span style=\"color: #000000;\"><strong>JEFE DEL CUERPO DE BOMBEROS COTACACHI<\/strong><\/span><\/p>\n<p>&nbsp;<\/p>\n\r\n\t\t<\/div>\r\n\t<\/div>\r\n<\/div><\/div><\/div><\/div><div class=\"vc_row wpb_row vc_row-fluid\"><div class=\"wpb_column vc_column_container vc_col-sm-12\"><div class=\"vc_column-inner\"><div class=\"wpb_wrapper\"><div class=\"vc_empty_space\"   style=\"height: 32px\"><span class=\"vc_empty_space_inner\"><\/span><\/div><\/div><\/div><\/div><\/div><div class=\"vc_row wpb_row vc_row-fluid\"><div class=\"wpb_column vc_column_container vc_col-sm-12\"><div class=\"vc_column-inner\"><div class=\"wpb_wrapper\">\r\n\t<div  class=\"wpb_single_image wpb_content_element vc_align_left wpb_content_element\">\r\n\t\t\r\n\t\t<figure class=\"wpb_wrapper vc_figure\">\r\n\t\t\t<div class=\"vc_single_image-wrapper   vc_box_border_grey\"><img loading=\"lazy\" decoding=\"async\" width=\"1265\" height=\"212\" src=\"https:\/\/bomberoscotacachi.gob.ec\/wp-content\/uploads\/2023\/08\/PIE-A4.png\" class=\"vc_single_image-img attachment-full\" alt=\"\" title=\"PIE A4\" srcset=\"https:\/\/bomberoscotacachi.gob.ec\/wp-content\/uploads\/2023\/08\/PIE-A4.png 1265w, https:\/\/bomberoscotacachi.gob.ec\/wp-content\/uploads\/2023\/08\/PIE-A4-300x50.png 300w, https:\/\/bomberoscotacachi.gob.ec\/wp-content\/uploads\/2023\/08\/PIE-A4-1024x172.png 1024w, https:\/\/bomberoscotacachi.gob.ec\/wp-content\/uploads\/2023\/08\/PIE-A4-768x129.png 768w\" sizes=\"auto, (max-width: 1265px) 100vw, 1265px\" \/><\/div>\r\n\t\t<\/figure>\r\n\t<\/div>\r\n<\/div><\/div><\/div><\/div>\n<\/div>","protected":false},"excerpt":{"rendered":"CONVOCATORIA PARA LA ADQUISICI\u00d3N DE BIENES EN EL EXTRANJERO Se convoca a las empresas extranjeras, legalmente capaces para contratar, a que presenten sus ofertas para la: ADQUISICI\u00d3N DE KIT DE [...]","protected":false},"author":1,"featured_media":0,"parent":0,"menu_order":0,"comment_status":"closed","ping_status":"closed","template":"","meta":{"footnotes":"","_links_to":"","_links_to_target":""},"class_list":["post-3006","page","type-page","status-publish","hentry"],"_links":{"self":[{"href":"https:\/\/bomberoscotacachi.gob.ec\/en\/wp-json\/wp\/v2\/pages\/3006","targetHints":{"allow":["GET"]}}],"collection":[{"href":"https:\/\/bomberoscotacachi.gob.ec\/en\/wp-json\/wp\/v2\/pages"}],"about":[{"href":"https:\/\/bomberoscotacachi.gob.ec\/en\/wp-json\/wp\/v2\/types\/page"}],"author":[{"embeddable":true,"href":"https:\/\/bomberoscotacachi.gob.ec\/en\/wp-json\/wp\/v2\/users\/1"}],"replies":[{"embeddable":true,"href":"https:\/\/bomberoscotacachi.gob.ec\/en\/wp-json\/wp\/v2\/comments?post=3006"}],"version-history":[{"count":41,"href":"https:\/\/bomberoscotacachi.gob.ec\/en\/wp-json\/wp\/v2\/pages\/3006\/revisions"}],"predecessor-version":[{"id":3668,"href":"https:\/\/bomberoscotacachi.gob.ec\/en\/wp-json\/wp\/v2\/pages\/3006\/revisions\/3668"}],"wp:attachment":[{"href":"https:\/\/bomberoscotacachi.gob.ec\/en\/wp-json\/wp\/v2\/media?parent=3006"}],"curies":[{"name":"wp","href":"https:\/\/api.w.org\/{rel}","templated":true}]}}