{"id":3312,"date":"2024-06-10T17:12:52","date_gmt":"2024-06-10T22:12:52","guid":{"rendered":"https:\/\/bomberoscotacachi.gob.ec\/?page_id=3312"},"modified":"2025-09-24T17:17:39","modified_gmt":"2025-09-24T22:17:39","slug":"conductor-profesional-2024","status":"publish","type":"page","link":"https:\/\/bomberoscotacachi.gob.ec\/en\/conductor-profesional-2024\/","title":{"rendered":"CONVOCATORIA CONDUCTORES 2024"},"content":{"rendered":"<div class=\"wpb-content-wrapper\"><div class=\"vc_row wpb_row vc_row-fluid\"><div class=\"wpb_column vc_column_container vc_col-sm-12\"><div class=\"vc_column-inner\"><div class=\"wpb_wrapper\">\r\n\t<div  class=\"wpb_single_image wpb_content_element vc_align_center wpb_content_element\">\r\n\t\t\r\n\t\t<figure class=\"wpb_wrapper vc_figure\">\r\n\t\t\t<div class=\"vc_single_image-wrapper   vc_box_border_grey\"><img loading=\"lazy\" decoding=\"async\" width=\"1265\" height=\"241\" src=\"https:\/\/bomberoscotacachi.gob.ec\/wp-content\/uploads\/2023\/08\/ENCABEZADO-A4.png\" class=\"vc_single_image-img attachment-full\" alt=\"\" title=\"ENCABEZADO A4\" srcset=\"https:\/\/bomberoscotacachi.gob.ec\/wp-content\/uploads\/2023\/08\/ENCABEZADO-A4.png 1265w, https:\/\/bomberoscotacachi.gob.ec\/wp-content\/uploads\/2023\/08\/ENCABEZADO-A4-300x57.png 300w, https:\/\/bomberoscotacachi.gob.ec\/wp-content\/uploads\/2023\/08\/ENCABEZADO-A4-1024x195.png 1024w, https:\/\/bomberoscotacachi.gob.ec\/wp-content\/uploads\/2023\/08\/ENCABEZADO-A4-768x146.png 768w\" sizes=\"auto, (max-width: 1265px) 100vw, 1265px\" \/><\/div>\r\n\t\t<\/figure>\r\n\t<\/div>\r\n\r\n\t<div class=\"wpb_text_column wpb_content_element\" >\r\n\t\t<div class=\"wpb_wrapper\">\r\n\t\t\t<h2 style=\"text-align: center;\"><span style=\"color: #000000;\">BASES PARA EL PROCESO DE SELECCI\u00d3N DE BOMBEROS DEL CUERPO DE BOMBEROS COTACACHI <\/span><\/h2>\n\r\n\t\t<\/div>\r\n\t<\/div>\r\n<\/div><\/div><\/div><\/div><div class=\"vc_row wpb_row vc_row-fluid\"><div class=\"wpb_column vc_column_container vc_col-sm-12\"><div class=\"vc_column-inner\"><div class=\"wpb_wrapper\"><div class=\"vc_empty_space\"   style=\"height: 52px\"><span class=\"vc_empty_space_inner\"><\/span><\/div><div class=\"vc_empty_space\"   style=\"height: 32px\"><span class=\"vc_empty_space_inner\"><\/span><\/div>\r\n\t<div  class=\"wpb_single_image wpb_content_element vc_align_center wpb_content_element\">\r\n\t\t\r\n\t\t<figure class=\"wpb_wrapper vc_figure\">\r\n\t\t\t<div class=\"vc_single_image-wrapper vc_box_rounded  vc_box_border_grey\"><img loading=\"lazy\" decoding=\"async\" width=\"636\" height=\"900\" src=\"https:\/\/bomberoscotacachi.gob.ec\/wp-content\/uploads\/2024\/06\/AFICHE-OFICIAL-OK.png\" class=\"vc_single_image-img attachment-large\" alt=\"\" title=\"AFICHE-OFICIAL-OK\" srcset=\"https:\/\/bomberoscotacachi.gob.ec\/wp-content\/uploads\/2024\/06\/AFICHE-OFICIAL-OK.png 636w, https:\/\/bomberoscotacachi.gob.ec\/wp-content\/uploads\/2024\/06\/AFICHE-OFICIAL-OK-212x300.png 212w\" sizes=\"auto, (max-width: 636px) 100vw, 636px\" \/><\/div>\r\n\t\t<\/figure>\r\n\t<\/div>\r\n<div class=\"vc_empty_space\"   style=\"height: 32px\"><span class=\"vc_empty_space_inner\"><\/span><\/div>\r\n\t<div class=\"wpb_raw_code wpb_raw_html wpb_content_element\" >\r\n\t\t<div class=\"wpb_wrapper\">\r\n\t\t\t<!-- wp:spacer {\"height\":\"24px\"} -->\n<div class=\"wp-block-spacer\" style=\"height: 24px;\" aria-hidden=\"true\">\u00a0<\/div>\n<!-- \/wp:spacer -->\n\n<p style=\"color:black; font-size:130%;\"><!-- wp:paragraph --><strong>CARTA P\u00daBLICA A LOS ASPIRANTES A BOMBEROS DE COTACACHI<\/strong> (<a href=\"https:\/\/drive.google.com\/file\/d\/1qmCanE373_I_0-v3NfE1G4lvx2gyoCFi\/view?usp=sharing\" target=\"_blank\" rel=\"noopener noreferrer\">DESCARGAR AQU\u00cd<\/a>)<\/p>\n<!-- \/wp:paragraph -->\n\n<p style=\"color:black; font-size:130%;\"><!-- wp:paragraph --><strong>REQUISITOS PARA LA POSTULACI\u00d3N DE ASPIRANTES A BOMBEROS DE COTACACHI<\/strong> (<a href=\"https:\/\/drive.google.com\/file\/d\/1ggF6tvbwXM9LxgAFl3XCSwGdJuFslc6F\/view?usp=sharing\" target=\"_blank\" rel=\"noopener noreferrer\">DESCARGAR AQU\u00cd<\/a>)<\/p>\n<!-- \/wp:paragraph -->\n\n<p style=\"color:black; font-size:130%;\"><!-- wp:paragraph --><strong>REGLAMENTO P\u00daBLICO PARA LA SELECCI\u00d3N DE ASPIRANTES A BOMBEROS DE COTACACHI<\/strong> (<a href=\"https:\/\/drive.google.com\/file\/d\/1LbdK4VBRWj2-KNbUMqKakIamyR3VNp4i\/view?usp=sharing\" target=\"_blank\" rel=\"noopener noreferrer\">DESCARGAR AQU\u00cd<\/a>)<\/p>\n<!-- \/wp:paragraph -->\n\n<p style=\"color:black; font-size:130%;\"><!-- wp:paragraph --><strong>CRONOGRAMA LLAMAMIENTO ASPIRANTES A BOMBEROS COTACACHI 2024<\/strong> (<a href=\"https:\/\/drive.google.com\/file\/d\/1TKPPqZ0VOrSWohGL0UEx_Ivvoz6GaM0T\/view?usp=sharing\" target=\"_blank\" rel=\"noopener noreferrer\">DESCARGAR AQU\u00cd<\/a>)<\/p>\n<!-- \/wp:paragraph -->\n\n<p style=\"color:black; font-size:130%;\"><!-- wp:paragraph --><strong>FORMATO DE DECLARACI\u00d3N DE ASPIRANTES<\/strong> (<a href=\"https:\/\/bomberoscotacachi.gob.ec\/wp-content\/uploads\/documents\/bombero-conductor\/FORMATO-DECLARACION-ASPIRANTES-CBC.doc\">DESCARGAR AQU\u00cd<\/a>)<\/p>\n<!-- \/wp:paragraph -->\n\n<p style=\"color:black; font-size:130%;\"><!-- wp:paragraph --><strong>FORMATO DE ACEPTACI\u00d3N DE RIESGOS<\/strong> (<a href=\"https:\/\/bomberoscotacachi.gob.ec\/wp-content\/uploads\/documents\/bombero-conductor\/FORMATO-DE-ACEPTACION-DE-RIESGOS-.docx\">DESCARGAR AQU\u00cd<\/a>)<\/p>\n<!-- \/wp:paragraph -->\n\n<p style=\"color:black; font-size:130%;\"><!-- wp:paragraph --><strong>FORMULARIO DE INSCRIPCI\u00d3N<\/strong> (<a href=\"https:\/\/bomberoscotacachi.gob.ec\/wp-content\/uploads\/documents\/bombero-conductor\/Formulario-de-Inscripcion.doc\">DESCARGAR AQU\u00cd<\/a>)<\/p>\n\n<p style=\"color:black; font-size:130%;\"><!-- wp:paragraph --><strong>FORMATO DE HOJA DE VIDA<\/strong> (<a href=\"https:\/\/bomberoscotacachi.gob.ec\/wp-content\/uploads\/documents\/bombero-conductor\/FORMATO HOJA_VIDA_MDT .docx\">DESCARGAR AQU\u00cd<\/a>)<\/p>\n\n<p style=\"color:black; font-size:130%;\"><!-- wp:paragraph --><strong>LISTADO DE POSTULANTES QUE PASAN A LA SIGUIENTE FASE<\/strong> (<a href=\"https:\/\/bomberoscotacachi.gob.ec\/wp-content\/uploads\/documents\/bombero-conductor\/LISTADO DE POSTULANTES QUE PASAN A LA SIGUIENTE FASE.pdf\">DESCARGAR AQU\u00cd<\/a>)<\/p>\n\n<p style=\"color:black; font-size:130%;\"><!-- wp:paragraph --><strong>REGISTRO DE FECHA LUGAR Y HORA PARA LA TOMA DE PRUEBAS DE CONFIANZA<\/strong> (<a href=\"https:\/\/bomberoscotacachi.gob.ec\/wp-content\/uploads\/documents\/bombero-conductor\/REGISTRO DE FECHA LUGAR Y HORA PARA LA TOMA DE PRUEBAS DE CONFIANZA.pdf\">DESCARGAR AQU\u00cd<\/a>)<\/p>\n\n<p style=\"color:black; font-size:130%;\"><!-- wp:paragraph --><strong>PUBLICACI\u00d3N DE RESULTADOS DE PRUEBAS DE CONFIANZA<\/strong> (<a href=\"https:\/\/drive.google.com\/file\/d\/1CGTEPAOTdeLPFxBw3W9nP1HHilJ4kMSQ\/view\">DESCARGAR AQU\u00cd<\/a>)<\/p>\n\n<p style=\"color:black; font-size:130%;\"><!-- wp:paragraph --><strong>REGISTRO DE FECHA LUGAR Y HORA PARA LA TOMA DE PRUEBA PSICOM\u00c9TRICA<\/strong> (<a href=\"https:\/\/drive.google.com\/file\/d\/1myBQCyZuk1HWpKzBTNBmlxKsmqN7QNUU\/view\">DESCARGAR AQU\u00cd<\/a>)<\/p>\n\n<p style=\"color:black; font-size:130%;\"><!-- wp:paragraph --><strong>RESULTADOS DE PRUEBA\nPSICOM\u00c9TRICA<\/strong> (<a href=\"https:\/\/drive.google.com\/file\/d\/1fjbdF-LIBp5x-uz6TptN9iH7ZZxbefv4\/view?usp=sharing\">DESCARGAR AQU\u00cd<\/a>)<\/p>\n\n<p style=\"color:black; font-size:130%;\"><!-- wp:paragraph --><strong>REGISTRO DE FECHA LUGAR Y HORA PARA EVALUACI\u00d3N M\u00c9DICA<\/strong> (<a href=\"https:\/\/drive.google.com\/file\/d\/1h2_JCKk-havxapzIPLZTcFN9txoaHtkS\/view\">DESCARGAR AQU\u00cd<\/a>)<\/p>\n\n<p style=\"color:black; font-size:130%;\"><!-- wp:paragraph --><strong>PUBLICACI\u00d3N DE RESULTADOS PRUEBA M\u00c9DICAS<\/strong> (<a href=\"https:\/\/drive.google.com\/file\/d\/1QLj_bPVk70JGH7cpr6nC8lUMBHzWMazG\/view?usp=sharing\">DESCARGAR AQU\u00cd<\/a>)<\/p>\n\n<p style=\"color:black; font-size:130%;\"><!-- wp:paragraph --><strong>REGISTRO DE FECHA LUGAR Y HORA PARA LA TOMA DE PRUEBAS F\u00cdSICAS<\/strong> (<a href=\"https:\/\/drive.google.com\/file\/d\/1TJAVFgvDZeYiOvr1DUREhaTRsOrhELCx\/view\">DESCARGAR AQU\u00cd<\/a>)<\/p>\n\n<p style=\"color:black; font-size:130%;\"><!-- wp:paragraph --><strong>RESULTADOS PRUEBAS F\u00cdSICAS<\/strong> (<a href=\"https:\/\/drive.google.com\/file\/d\/1hRJHQnIp5RdSYpoWD1JdrnbETEaUisuE\/view?usp=drivesdk\">DESCARGAR AQU\u00cd<\/a>)<\/p>\n\n<p style=\"color:black; font-size:130%;\"><!-- wp:paragraph --><strong>REGISTRO DE FECHA LUGAR Y HORA PARA LA ENTREVISTA<\/strong> (<a href=\"https:\/\/drive.google.com\/file\/d\/1hPHuK8BULpcCKT_Vv7YgwdT-V85OYz2f\/view\">DESCARGAR AQU\u00cd<\/a>)<\/p>\n\n<p style=\"color:black; font-size:130%;\"><!-- wp:paragraph --><strong>RESULTADOS DE PRUEBAS FINALES<\/strong> (<a href=\"https:\/\/drive.google.com\/file\/d\/1ozpVU_sXwxv8k6sweJbwabR1jN0-V7jo\/view?usp=drive_link\">DESCARGAR AQU\u00cd<\/a>)<\/p>\n\n<!-- \/wp:paragraph -->\n<p>&nbsp;<\/p>\r\n\t\t<\/div>\r\n\t<\/div>\r\n<\/div><\/div><\/div><\/div><div class=\"vc_row wpb_row vc_row-fluid\"><div class=\"wpb_column vc_column_container vc_col-sm-12\"><div class=\"vc_column-inner\"><div class=\"wpb_wrapper\">\r\n\t<div  class=\"wpb_single_image wpb_content_element vc_align_center wpb_content_element\">\r\n\t\t\r\n\t\t<figure class=\"wpb_wrapper vc_figure\">\r\n\t\t\t<div class=\"vc_single_image-wrapper   vc_box_border_grey\"><img loading=\"lazy\" decoding=\"async\" width=\"1265\" height=\"212\" src=\"https:\/\/bomberoscotacachi.gob.ec\/wp-content\/uploads\/2023\/08\/PIE-A4.png\" class=\"vc_single_image-img attachment-full\" alt=\"\" title=\"PIE A4\" srcset=\"https:\/\/bomberoscotacachi.gob.ec\/wp-content\/uploads\/2023\/08\/PIE-A4.png 1265w, https:\/\/bomberoscotacachi.gob.ec\/wp-content\/uploads\/2023\/08\/PIE-A4-300x50.png 300w, https:\/\/bomberoscotacachi.gob.ec\/wp-content\/uploads\/2023\/08\/PIE-A4-1024x172.png 1024w, https:\/\/bomberoscotacachi.gob.ec\/wp-content\/uploads\/2023\/08\/PIE-A4-768x129.png 768w\" sizes=\"auto, (max-width: 1265px) 100vw, 1265px\" \/><\/div>\r\n\t\t<\/figure>\r\n\t<\/div>\r\n<\/div><\/div><\/div><\/div>\n<\/div>","protected":false},"excerpt":{"rendered":"BASES PARA EL PROCESO DE SELECCI\u00d3N DE BOMBEROS DEL CUERPO DE BOMBEROS COTACACHI \u00a0 CARTA P\u00daBLICA A LOS ASPIRANTES A BOMBEROS DE COTACACHI (DESCARGAR AQU\u00cd) REQUISITOS PARA LA POSTULACI\u00d3N DE [...]","protected":false},"author":4,"featured_media":0,"parent":0,"menu_order":0,"comment_status":"closed","ping_status":"closed","template":"","meta":{"footnotes":"","_links_to":"","_links_to_target":""},"class_list":["post-3312","page","type-page","status-publish","hentry"],"_links":{"self":[{"href":"https:\/\/bomberoscotacachi.gob.ec\/en\/wp-json\/wp\/v2\/pages\/3312","targetHints":{"allow":["GET"]}}],"collection":[{"href":"https:\/\/bomberoscotacachi.gob.ec\/en\/wp-json\/wp\/v2\/pages"}],"about":[{"href":"https:\/\/bomberoscotacachi.gob.ec\/en\/wp-json\/wp\/v2\/types\/page"}],"author":[{"embeddable":true,"href":"https:\/\/bomberoscotacachi.gob.ec\/en\/wp-json\/wp\/v2\/users\/4"}],"replies":[{"embeddable":true,"href":"https:\/\/bomberoscotacachi.gob.ec\/en\/wp-json\/wp\/v2\/comments?post=3312"}],"version-history":[{"count":22,"href":"https:\/\/bomberoscotacachi.gob.ec\/en\/wp-json\/wp\/v2\/pages\/3312\/revisions"}],"predecessor-version":[{"id":3599,"href":"https:\/\/bomberoscotacachi.gob.ec\/en\/wp-json\/wp\/v2\/pages\/3312\/revisions\/3599"}],"wp:attachment":[{"href":"https:\/\/bomberoscotacachi.gob.ec\/en\/wp-json\/wp\/v2\/media?parent=3312"}],"curies":[{"name":"wp","href":"https:\/\/api.w.org\/{rel}","templated":true}]}}