{"id":3602,"date":"2025-09-24T18:02:32","date_gmt":"2025-09-24T23:02:32","guid":{"rendered":"https:\/\/bomberoscotacachi.gob.ec\/?page_id=3602"},"modified":"2026-01-13T15:39:19","modified_gmt":"2026-01-13T20:39:19","slug":"convocatoria-2025","status":"publish","type":"page","link":"https:\/\/bomberoscotacachi.gob.ec\/en\/convocatoria-2025\/","title":{"rendered":"CONVOCATORIA 2025"},"content":{"rendered":"<div class=\"wpb-content-wrapper\"><div class=\"vc_row wpb_row vc_row-fluid\"><div class=\"wpb_column vc_column_container vc_col-sm-12\"><div class=\"vc_column-inner\"><div class=\"wpb_wrapper\"><div class=\"vc_empty_space\"   style=\"height: 32px\"><span class=\"vc_empty_space_inner\"><\/span><\/div>\r\n\t<div  class=\"wpb_single_image wpb_content_element vc_align_left wpb_content_element\">\r\n\t\t\r\n\t\t<figure class=\"wpb_wrapper vc_figure\">\r\n\t\t\t<div class=\"vc_single_image-wrapper   vc_box_border_grey\"><img loading=\"lazy\" decoding=\"async\" width=\"1265\" height=\"241\" src=\"https:\/\/bomberoscotacachi.gob.ec\/wp-content\/uploads\/2023\/08\/ENCABEZADO-A4.png\" class=\"vc_single_image-img attachment-full\" alt=\"\" title=\"ENCABEZADO A4\" srcset=\"https:\/\/bomberoscotacachi.gob.ec\/wp-content\/uploads\/2023\/08\/ENCABEZADO-A4.png 1265w, https:\/\/bomberoscotacachi.gob.ec\/wp-content\/uploads\/2023\/08\/ENCABEZADO-A4-300x57.png 300w, https:\/\/bomberoscotacachi.gob.ec\/wp-content\/uploads\/2023\/08\/ENCABEZADO-A4-1024x195.png 1024w, https:\/\/bomberoscotacachi.gob.ec\/wp-content\/uploads\/2023\/08\/ENCABEZADO-A4-768x146.png 768w\" sizes=\"auto, (max-width: 1265px) 100vw, 1265px\" \/><\/div>\r\n\t\t<\/figure>\r\n\t<\/div>\r\n<div class=\"vc_empty_space\"   style=\"height: 72px\"><span class=\"vc_empty_space_inner\"><\/span><\/div><h1 style=\"color: #DD3333;text-align: center;font-family:Lato;font-weight:700;font-style:normal\" class=\"vc_custom_heading vc_do_custom_heading\" >PROCESO DE POSTULACI\u00d3N 2025<\/h1><h3 style=\"color: #000000;text-align: center;font-family:Lato;font-weight:700;font-style:normal\" class=\"vc_custom_heading vc_do_custom_heading\" >REQUISITOS PARA POSTULAR AL PROCESO DE SELECCI\u00d3N DE ASPIRANTES A BOMBERO 1 (BOMBERO)<\/h3><div class=\"vc_empty_space\"   style=\"height: 32px\"><span class=\"vc_empty_space_inner\"><\/span><\/div>\r\n\t<div  class=\"wpb_single_image wpb_content_element vc_align_center wpb_content_element\">\r\n\t\t\r\n\t\t<figure class=\"wpb_wrapper vc_figure\">\r\n\t\t\t<div class=\"vc_single_image-wrapper   vc_box_border_grey\"><img decoding=\"async\" class=\"vc_single_image-img\" src=\"https:\/\/bomberoscotacachi.gob.ec\/wp-content\/uploads\/2025\/10\/IMG-20251028-WA00021-357x505.jpg\" width=\"357\" height=\"505\" alt=\"IMG-20251028-WA0002(1)\" title=\"IMG-20251028-WA0002(1)\" loading=\"lazy\" \/><\/div>\r\n\t\t<\/figure>\r\n\t<\/div>\r\n<div class=\"vc_empty_space\"   style=\"height: 32px\"><span class=\"vc_empty_space_inner\"><\/span><\/div>\r\n\t<div class=\"wpb_raw_code wpb_raw_html wpb_content_element\" >\r\n\t\t<div class=\"wpb_wrapper\">\r\n\t\t\t<!-- wp:spacer {\"height\":\"24px\"} -->\r\n<div class=\"wp-block-spacer\" style=\"height: 24px;\" aria-hidden=\"true\">\u00a0<\/div>\r\n<!-- \/wp:spacer -->\r\n\r\n<p style=\"color:black; font-size:130%;\"><!-- wp:paragraph --><strong>SOLICITUD DE INGRESO<\/strong> (<a href=\"https:\/\/drive.google.com\/file\/d\/1OA2NuAgySfuxgoC8vgRGCw6mFK75tGaP\/view?usp=drive_link\" target=\"_blank\" rel=\"noopener noreferrer\">DESCARGAR AQU\u00cd<\/a>)<\/p>\r\n\r\n<p style=\"color:black; font-size:130%;\"><!-- wp:paragraph --><strong>REGLAMENTO DE CONVOCATORIA, SELECCI\u00d3N Y ADMISI\u00d3N DE BOMBERO 1<\/strong> (<a href=\"https:\/\/drive.google.com\/file\/d\/19es2zt9QThcO3UyAYKXxNXbzq6z6DABq\/view?usp=sharing\">DESCARGAR AQU\u00cd<\/a>)<\/p>\r\n\r\n<p style=\"color:black; font-size:130%;\"><!-- wp:paragraph --><strong>FICHA DE NSCRIPCI\u00d3N<\/strong> (<a href=\"https:\/\/drive.google.com\/file\/d\/1Pxsv5R4wi7FyB6E0uIaRNfeC9WNkWxs8\/view?usp=sharing\" target=\"_blank\" rel=\"noopener noreferrer\">DESCARGAR AQU\u00cd<\/a>)<\/p>\r\n<!-- \/wp:paragraph -->\r\n\r\n<p style=\"color:black; font-size:130%;\"><!-- wp:paragraph --><strong>HOJA DE VIDA<\/strong> (<a href=\"https:\/\/drive.google.com\/file\/d\/1eeeKf6aXbrgsmHgpFwnYtRrv61FvzPKG\/view?usp=sharing\" target=\"_blank\" rel=\"noopener noreferrer\">DESCARGAR AQU\u00cd<\/a>)<\/p>\r\n<!-- \/wp:paragraph -->\r\n\r\n<p style=\"color:black; font-size:130%;\"><!-- wp:paragraph --><strong>ACEPTACI\u00d3N DE RIESGOS PARA SELECCI\u00d3N Y CURSO DE BOMBEROS<\/strong> (<a href=\"https:\/\/drive.google.com\/file\/d\/1dIW4kA5ar8Qmp7WQTOy7awKOBzleiuJW\/view?usp=drive_link\" target=\"_blank\" rel=\"noopener noreferrer\">DESCARGAR AQU\u00cd<\/a>)<\/p>\r\n<!-- \/wp:paragraph -->\r\n\r\n<p style=\"color:black; font-size:130%;\"><!-- wp:paragraph --><strong>FORMATO DE DECLARACI\u00d3N JURAMENTADA DE ASPIRANTES<\/strong> (<a href=\"https:\/\/drive.google.com\/file\/d\/1r8eMs082azw9PylWa2B_EylKpsGeKpmz\/view?usp=sharing\">DESCARGAR AQU\u00cd<\/a>)<\/p>\r\n<!-- \/wp:paragraph -->\r\n\r\n<p style=\"color:black; font-size:130%;\"><!-- wp:paragraph --><strong>ACTA DE COMPROMISO<\/strong> (<a href=\"https:\/\/drive.google.com\/file\/d\/1ej_c9WsCy-NWKJb8RlVeSgfBuOeebbHS\/view?usp=sharing\">DESCARGAR AQU\u00cd<\/a>)<\/p>\r\n<!-- \/wp:paragraph -->\r\n\r\n<p style=\"color:black; font-size:130%;\"><!-- wp:paragraph --><strong>REQUISITOS PARA POSTULACI\u00d3N<\/strong> (<a href=\"https:\/\/drive.google.com\/file\/d\/1YvWVpJBqoVLgZCj4cO0XyQDNxp_fm0dJ\/view?usp=sharing\">DESCARGAR AQU\u00cd<\/a>)<\/p>\r\n\r\n<p style=\"color:black; font-size:130%;\"><!-- wp:paragraph --><strong>CRONOGRAMA DE PLANIFICACI\u00d3N DEL PROCESO DE SELECCI\u00d3N<\/strong> (<a href=\"https:\/\/drive.google.com\/file\/d\/1ZoO5fZXrpn8ftU0WchFq5VR84DmH7pnY\/view?usp=sharing\">DESCARGAR AQU\u00cd<\/a>)<\/p>\r\n\r\n<p style=\"color:black; font-size:130%;\"><!-- wp:paragraph --><strong>LISTADO DE POSTULANTES QUE PASAN A LA SIGUIENTE FASE DEL PROCESO DE SELECCI\u00d3N DE ASPIRANTES A BOMBERO 1<\/strong> (<a href=\"https:\/\/drive.google.com\/file\/d\/1CUUEOtcT7e1CDF9AD95SnY6O9CZPIT7j\/view?usp=sharing\">DESCARGAR AQU\u00cd<\/a>)<\/p>\r\n\r\n<p style=\"color:black; font-size:130%;\"><!-- wp:paragraph --><strong>REGISTRO DE FECHA LUGAR Y HORA PARA LA TOMA DE PRUEBAS DE CONFIANZA<\/strong> (<a href=\"https:\/\/drive.google.com\/file\/d\/1b2syp3ydgdbIwxD9wk9J0lvZRZc2QCZ7\/view?usp=sharing\">DESCARGAR AQU\u00cd<\/a>)<\/p>\r\n\r\n<p style=\"color:black; font-size:130%;\"><!-- wp:paragraph --><strong>RESULTADOS PRUEBAS DE CONFIANZA<\/strong> (<a href=\"https:\/\/drive.google.com\/file\/d\/1N2pg09VKvBdMtz_VxgZsQ9qTqELWV31J\/view?usp=sharing\">DESCARGAR AQU\u00cd<\/a>)<\/p>\r\n\r\n<p style=\"color:black; font-size:130%;\"><!-- wp:paragraph --><strong>RESULTADOS PRUEBA ACAD\u00c9MICAS<\/strong> (<a href=\"https:\/\/drive.google.com\/file\/d\/1AqZohgOhucOhjZ7MkhpkRyZcjyzLhdzo\/view?usp=sharing\">DESCARGAR AQU\u00cd<\/a>)<\/p>\r\n\r\n<p style=\"color:black; font-size:130%;\"><!-- wp:paragraph --><strong>RESULTADOS PRUEBA PSICOM\u00c9TRICA <\/strong> (<a href=\"https:\/\/drive.google.com\/file\/d\/1Ai5d6XGUgly8XwRGbA9KNgCHZ--WTHEC\/view?usp=sharing\">DESCARGAR AQU\u00cd<\/a>)<\/p>\r\n\r\n<p style=\"color:black; font-size:130%;\"><!-- wp:paragraph --><strong>PUBLICACI\u00d3N DE RESULTADOS PRUEBA M\u00c9DICAS <\/strong> (<a href=\"https:\/\/drive.google.com\/file\/d\/1ab2mYd20_pVZswroRujH6m3ryo8Q6tDL\/view?usp=sharing\">DESCARGAR AQU\u00cd<\/a>)<\/p>\r\n\r\n<p style=\"color:black; font-size:130%;\"><!-- wp:paragraph --><strong>INSTRUCTIVO PRUEBAS F\u00cdSICAS CBC ASPIRANTES <\/strong> (<a href=\"https:\/\/drive.google.com\/file\/d\/1FhYr4s_3TsWEfI7LVuBds0anc4Sxu5fQ\/view?usp=sharing\">DESCARGAR AQU\u00cd<\/a>)<\/p>\r\n\r\n<p style=\"color:black; font-size:130%;\"><!-- wp:paragraph --><strong>PUBLICACI\u00d3N DE RESULTADOS PRUEBA F\u00cdSICAS  <\/strong> (<a href=\"https:\/\/drive.google.com\/file\/d\/1JBLW_mJz7N5ZRgarUpnICiEj4G1C6bBy\/view?usp=sharing\">DESCARGAR AQU\u00cd<\/a>)<\/p>\r\n\r\n<p style=\"color:black; font-size:130%;\"><!-- wp:paragraph --><strong>PUBLICACI\u00d3N DE RESULTADOS FINALES  <\/strong> (<a href=\"https:\/\/drive.google.com\/file\/d\/1UumkmUeg0R2JLiFTPCBtKZXO2spU1buP\/view?usp=sharing\">DESCARGAR AQU\u00cd<\/a>)<\/p>\r\n\r\n<!-- \/wp:paragraph -->\r\n<p>&nbsp;<\/p>\r\n\t\t<\/div>\r\n\t<\/div>\r\n\r\n\t<div  class=\"wpb_single_image wpb_content_element vc_align_right wpb_content_element\">\r\n\t\t\r\n\t\t<figure class=\"wpb_wrapper vc_figure\">\r\n\t\t\t<div class=\"vc_single_image-wrapper   vc_box_border_grey\"><img loading=\"lazy\" decoding=\"async\" width=\"1265\" height=\"212\" src=\"https:\/\/bomberoscotacachi.gob.ec\/wp-content\/uploads\/2023\/08\/PIE-A4.png\" class=\"vc_single_image-img attachment-full\" alt=\"\" title=\"PIE A4\" srcset=\"https:\/\/bomberoscotacachi.gob.ec\/wp-content\/uploads\/2023\/08\/PIE-A4.png 1265w, https:\/\/bomberoscotacachi.gob.ec\/wp-content\/uploads\/2023\/08\/PIE-A4-300x50.png 300w, https:\/\/bomberoscotacachi.gob.ec\/wp-content\/uploads\/2023\/08\/PIE-A4-1024x172.png 1024w, https:\/\/bomberoscotacachi.gob.ec\/wp-content\/uploads\/2023\/08\/PIE-A4-768x129.png 768w\" sizes=\"auto, (max-width: 1265px) 100vw, 1265px\" \/><\/div>\r\n\t\t<\/figure>\r\n\t<\/div>\r\n<\/div><\/div><\/div><\/div><div class=\"vc_row wpb_row vc_row-fluid\"><div class=\"wpb_column vc_column_container vc_col-sm-12\"><div class=\"vc_column-inner\"><div class=\"wpb_wrapper\"><\/div><\/div><\/div><\/div>\n<\/div>","protected":false},"excerpt":{"rendered":"PROCESO DE POSTULACI\u00d3N 2025REQUISITOS PARA POSTULAR AL PROCESO DE SELECCI\u00d3N DE ASPIRANTES A BOMBERO 1 (BOMBERO) \u00a0 SOLICITUD DE INGRESO (DESCARGAR AQU\u00cd) REGLAMENTO DE CONVOCATORIA, SELECCI\u00d3N Y ADMISI\u00d3N DE BOMBERO [...]","protected":false},"author":4,"featured_media":0,"parent":0,"menu_order":0,"comment_status":"closed","ping_status":"closed","template":"","meta":{"footnotes":"","_links_to":"","_links_to_target":""},"class_list":["post-3602","page","type-page","status-publish","hentry"],"_links":{"self":[{"href":"https:\/\/bomberoscotacachi.gob.ec\/en\/wp-json\/wp\/v2\/pages\/3602","targetHints":{"allow":["GET"]}}],"collection":[{"href":"https:\/\/bomberoscotacachi.gob.ec\/en\/wp-json\/wp\/v2\/pages"}],"about":[{"href":"https:\/\/bomberoscotacachi.gob.ec\/en\/wp-json\/wp\/v2\/types\/page"}],"author":[{"embeddable":true,"href":"https:\/\/bomberoscotacachi.gob.ec\/en\/wp-json\/wp\/v2\/users\/4"}],"replies":[{"embeddable":true,"href":"https:\/\/bomberoscotacachi.gob.ec\/en\/wp-json\/wp\/v2\/comments?post=3602"}],"version-history":[{"count":20,"href":"https:\/\/bomberoscotacachi.gob.ec\/en\/wp-json\/wp\/v2\/pages\/3602\/revisions"}],"predecessor-version":[{"id":3692,"href":"https:\/\/bomberoscotacachi.gob.ec\/en\/wp-json\/wp\/v2\/pages\/3602\/revisions\/3692"}],"wp:attachment":[{"href":"https:\/\/bomberoscotacachi.gob.ec\/en\/wp-json\/wp\/v2\/media?parent=3602"}],"curies":[{"name":"wp","href":"https:\/\/api.w.org\/{rel}","templated":true}]}}