{"id":3686,"date":"2026-01-06T14:06:36","date_gmt":"2026-01-06T19:06:36","guid":{"rendered":"https:\/\/bomberoscotacachi.gob.ec\/?page_id=3686"},"modified":"2026-01-14T10:39:28","modified_gmt":"2026-01-14T15:39:28","slug":"ley-de-transparencia-2026","status":"publish","type":"page","link":"https:\/\/bomberoscotacachi.gob.ec\/en\/ley-de-transparencia-2026\/","title":{"rendered":"Ley de Transparencia 2026"},"content":{"rendered":"<div class=\"wpb-content-wrapper\"><div class=\"vc_row wpb_row vc_row-fluid vc_custom_1706198846228 vc_row-has-fill\"><div class=\"wpb_column vc_column_container vc_col-sm-12\"><div class=\"vc_column-inner\"><div class=\"wpb_wrapper\"><h2 style=\"font-size: 45px;color: #dd3333;text-align: center;font-family:Lato;font-weight:700;font-style:normal\" class=\"vc_custom_heading vc_do_custom_heading\" >TRANSPARENCIA 2026<\/h2>\r\n\t<div class=\"wpb_text_column wpb_content_element vc_custom_1716305414650 justificar\" >\r\n\t\t<div class=\"wpb_wrapper\">\r\n\t\t\t<h4><span style=\"color: #000000;\"><strong>Por la transparencia en la gesti\u00f3n administrativa que est\u00e1n obligadas a observar todas las instituciones del Estado que conforman el sector p\u00fablico en los t\u00e9rminos del (Art. 225 de la Constituci\u00f3n Pol\u00edtica de la Rep\u00fablica) y dem\u00e1s entes se\u00f1alados en el Art. 1 de la presente Ley, difundir\u00e1n a trav\u00e9s de un portal de informaci\u00f3n o p\u00e1gina web, as\u00ed como de los medios necesarios a disposici\u00f3n del p\u00fablico implementados en la misma instituci\u00f3n.<\/strong><\/span><\/h4>\n<h5><span style=\"color: #ff0000;\"><strong><a style=\"color: #ff0000;\" href=\"https:\/\/bomberoscotacachi.gob.ec\/en\/solicitud-de-informacion-publica\/\" target=\"_blank\" rel=\"noopener\">SOLICITUD DE ACCESO A LA INFORMACI\u00d3N P\u00daBLICA<\/a><\/strong><\/span><\/h5>\n\r\n\t\t<\/div>\r\n\t<\/div>\r\n<div class=\"vc_empty_space\"   style=\"height: 40px\"><span class=\"vc_empty_space_inner\"><\/span><\/div><\/div><\/div><\/div><\/div><div class=\"vc_row wpb_row vc_row-fluid\"><div class=\"wpb_column vc_column_container vc_col-sm-12\"><div class=\"vc_column-inner\"><div class=\"wpb_wrapper\"><div class=\"vc_empty_space\"   style=\"height: 32px\"><span class=\"vc_empty_space_inner\"><\/span><\/div><div class=\"vc_tta-container\" data-vc-action=\"collapseAll\"><div class=\"vc_general vc_tta vc_tta-accordion vc_tta-color-grey vc_tta-style-classic vc_tta-shape-rounded vc_tta-o-shape-group vc_tta-controls-align-default vc_tta-o-all-clickable\"><div class=\"vc_tta-panels-container\"><div class=\"vc_tta-panels\"><div class=\"vc_tta-panel\" id=\"1705074261082-6d1da3b9-d5d0\" data-vc-content=\".vc_tta-panel-body\"><div class=\"vc_tta-panel-heading\"><h4 class=\"vc_tta-panel-title vc_tta-controls-icon-position-left\"><a href=\"#1705074261082-6d1da3b9-d5d0\" data-vc-accordion data-vc-container=\".vc_tta-container\"><span class=\"vc_tta-title-text\">PAC<\/span><i class=\"vc_tta-controls-icon vc_tta-controls-icon-plus\"><\/i><\/a><\/h4><\/div><div class=\"vc_tta-panel-body\"><div class=\"vc_btn3-container  wpb_animate_when_almost_visible wpb_bounceInLeft bounceInLeft vc_btn3-center vc_do_btn\" ><a class=\"vc_general vc_btn3 vc_btn3-size-md vc_btn3-shape-rounded vc_btn3-style-flat vc_btn3-block vc_btn3-color-black\" href=\"https:\/\/drive.google.com\/file\/d\/1Hlw48jH5PFVPtVQjU7LPkCh6rLybhUiI\/view?usp=sharing\" title=\"PAC 2026\" target=\"_blank\">PAC 2026<\/a><\/div><div class=\"vc_btn3-container  wpb_animate_when_almost_visible wpb_bounceInLeft bounceInLeft vc_btn3-center vc_do_btn\" ><a class=\"vc_general vc_btn3 vc_btn3-size-md vc_btn3-shape-rounded vc_btn3-style-flat vc_btn3-block vc_btn3-color-black\" href=\"https:\/\/drive.google.com\/file\/d\/1GgqVemLGv1mj7YcpshvPMlkD-RcUD10K\/view?usp=sharing\" title=\"PAC 2026\" target=\"_blank\">RESOLUCI\u00d3N DE APROBACI\u00d3N DEL PLAN ANUAL DE CONTRATACI\u00d3N - PAC - DEL A\u00d1O 2026<\/a><\/div><\/div><\/div><div class=\"vc_tta-panel\" id=\"lotaip-2025\" data-vc-content=\".vc_tta-panel-body\"><div class=\"vc_tta-panel-heading\"><h4 class=\"vc_tta-panel-title vc_tta-controls-icon-position-left\"><a href=\"#lotaip-2025\" data-vc-accordion data-vc-container=\".vc_tta-container\"><span class=\"vc_tta-title-text\">INFORME ANUAL CUMPLIMIENTO ART. 12 DE LA LOTAIP A\u00d1O 2025<\/span><i class=\"vc_tta-controls-icon vc_tta-controls-icon-plus\"><\/i><\/a><\/h4><\/div><div class=\"vc_tta-panel-body\"><div class=\"vc_btn3-container  wpb_animate_when_almost_visible wpb_bounceInLeft bounceInLeft vc_btn3-center vc_do_btn\" ><button class=\"vc_general vc_btn3 vc_btn3-size-md vc_btn3-shape-rounded vc_btn3-style-flat vc_btn3-block vc_btn3-color-black\">DETALLE DEL INFORME ANUAL CUMPLIMIENTO ART. 12 DE LA LOTAIP A\u00d1O 2025 - DEFENSOR\u00cdA DEL PUEBLO<\/button><\/div><div class=\"vc_btn3-container  wpb_animate_when_almost_visible wpb_bounceInLeft bounceInLeft vc_btn3-center vc_do_btn\" ><button class=\"vc_general vc_btn3 vc_btn3-size-md vc_btn3-shape-rounded vc_btn3-style-flat vc_btn3-block vc_btn3-color-black\">CERTIFICADO DE PRESENTACI\u00d3N DE INFORME ANUAL CUMPLIMIENTO ART. 12 DE LA LOTAIP A\u00d1O 2025 - DEFENSOR\u00cdA DEL PUEBLO<\/button><\/div><div class=\"vc_btn3-container  wpb_animate_when_almost_visible wpb_bounceInLeft bounceInLeft vc_btn3-center vc_do_btn\" ><button class=\"vc_general vc_btn3 vc_btn3-size-md vc_btn3-shape-rounded vc_btn3-style-flat vc_btn3-block vc_btn3-color-black\">INFORME DE RENDICI\u00d3N DE CUENTAS PERIODO 2025 CPCCS<\/button><\/div><\/div><\/div><\/div><\/div><\/div><\/div><\/div><\/div><\/div><\/div><div class=\"vc_row wpb_row vc_row-fluid\"><div class=\"wpb_column vc_column_container vc_col-sm-12\"><div class=\"vc_column-inner\"><div class=\"wpb_wrapper\"><div class=\"vc_tta-container\" data-vc-action=\"collapseAll\"><div class=\"vc_general vc_tta vc_tta-accordion vc_tta-color-grey vc_tta-style-modern vc_tta-shape-rounded vc_tta-spacing-3 vc_tta-controls-align-default vc_tta-o-no-fill vc_tta-o-all-clickable  background-color: #E51111\"><div class=\"vc_tta-panels-container\"><div class=\"vc_tta-panels\"><div class=\"vc_tta-panel\" id=\"ene-2024\" data-vc-content=\".vc_tta-panel-body\"><div class=\"vc_tta-panel-heading\"><h4 class=\"vc_tta-panel-title vc_tta-controls-icon-position-left\"><a href=\"#ene-2024\" data-vc-accordion data-vc-container=\".vc_tta-container\"><i class=\"vc_tta-icon fas fa-edit\"><\/i><span class=\"vc_tta-title-text\">January<\/span><i class=\"vc_tta-controls-icon vc_tta-controls-icon-chevron\"><\/i><\/a><\/h4><\/div><div class=\"vc_tta-panel-body\"><div  class=\"vc_do_toggle vc_toggle vc_toggle_round vc_toggle_color_default  vc_toggle_size_md\"><div class=\"vc_toggle_title\"><h4>Transparencia Pasiva<\/h4><i class=\"vc_toggle_icon\"><\/i><\/div><div class=\"vc_toggle_content\"><ul>\n<li id=\"menu-item-54531\" class=\"menu-item menu-item-type-custom menu-item-object-custom menu-item-54531\"><a href=\"#\">Conjunto de datos<\/a><\/li>\n<li id=\"menu-item-54532\" class=\"menu-item menu-item-type-custom menu-item-object-custom menu-item-54532\"><a href=\"#\">Metadatos<\/a><\/li>\n<li id=\"menu-item-54533\" class=\"menu-item menu-item-type-custom menu-item-object-custom menu-item-54533\"><a href=\"#\">Diccionario de datos<\/a><\/li>\n<\/ul>\n<\/div><\/div><div  class=\"vc_do_toggle vc_toggle vc_toggle_round vc_toggle_color_default  vc_toggle_size_md\"><div class=\"vc_toggle_title\"><h4>Transparencia Focalizada<\/h4><i class=\"vc_toggle_icon\"><\/i><\/div><div class=\"vc_toggle_content\"><ul>\n<li id=\"menu-item-54531\" class=\"menu-item menu-item-type-custom menu-item-object-custom menu-item-54531\"><a href=\"#\">Conjunto de datos<\/a><\/li>\n<li id=\"menu-item-54532\" class=\"menu-item menu-item-type-custom menu-item-object-custom menu-item-54532\"><a href=\"#\">Metadatos<\/a><\/li>\n<li id=\"menu-item-54533\" class=\"menu-item menu-item-type-custom menu-item-object-custom menu-item-54533\"><a href=\"#\">Diccionario de datos<\/a><\/li>\n<\/ul>\n<\/div><\/div><div  class=\"vc_do_toggle vc_toggle vc_toggle_round vc_toggle_color_default  vc_toggle_size_md\"><div class=\"vc_toggle_title\"><h4>Transparencia Colaborativa<\/h4><i class=\"vc_toggle_icon\"><\/i><\/div><div class=\"vc_toggle_content\"><ul>\n<li id=\"menu-item-54531\" class=\"menu-item menu-item-type-custom menu-item-object-custom menu-item-54531\"><a href=\"#\">Conjunto de datos<\/a><\/li>\n<li id=\"menu-item-54532\" class=\"menu-item menu-item-type-custom menu-item-object-custom menu-item-54532\"><a href=\"#\">Metadatos<\/a><\/li>\n<li id=\"menu-item-54533\" class=\"menu-item menu-item-type-custom menu-item-object-custom menu-item-54533\"><a href=\"#\">Diccionario de datos<\/a><\/li>\n<\/ul>\n<\/div><\/div><div class=\"vc_separator wpb_content_element vc_separator_align_center vc_sep_width_100 vc_sep_border_width_2 vc_sep_pos_align_center vc_separator_no_text vc_sep_color_grey wpb_content_element  wpb_content_element\" ><span class=\"vc_sep_holder vc_sep_holder_l\"><span class=\"vc_sep_line\"><\/span><\/span><span class=\"vc_sep_holder vc_sep_holder_r\"><span class=\"vc_sep_line\"><\/span><\/span>\r\n<\/div><div  class=\"vc_do_toggle vc_toggle vc_toggle_default vc_toggle_color_default  vc_toggle_size_md\"><div class=\"vc_toggle_title\"><h4>1.1 Estructura org\u00e1nica<\/h4><i class=\"vc_toggle_icon\"><\/i><\/div><div class=\"vc_toggle_content\"><ul>\n<li id=\"menu-item-54531\" class=\"menu-item menu-item-type-custom menu-item-object-custom menu-item-54531\"><a href=\"#\">Conjunto de datos<\/a><\/li>\n<li id=\"menu-item-54532\" class=\"menu-item menu-item-type-custom menu-item-object-custom menu-item-54532\"><a href=\"#\">Metadatos<\/a><\/li>\n<li id=\"menu-item-54533\" class=\"menu-item menu-item-type-custom menu-item-object-custom menu-item-54533\"><a href=\"#\">Diccionario de datos<\/a><\/li>\n<\/ul>\n<\/div><\/div><div  class=\"vc_do_toggle vc_toggle vc_toggle_default vc_toggle_color_default  vc_toggle_size_md\"><div class=\"vc_toggle_title\"><h4>1.2-1.3 Base Legal Regulaciones Procedimientos Internos<\/h4><i class=\"vc_toggle_icon\"><\/i><\/div><div class=\"vc_toggle_content\"><ul>\n<li id=\"menu-item-54531\" class=\"menu-item menu-item-type-custom menu-item-object-custom menu-item-54531\"><a href=\"#\">Conjunto de datos<\/a><\/li>\n<li id=\"menu-item-54532\" class=\"menu-item menu-item-type-custom menu-item-object-custom menu-item-54532\"><a href=\"#\">Metadatos<\/a><\/li>\n<li id=\"menu-item-54533\" class=\"menu-item menu-item-type-custom menu-item-object-custom menu-item-54533\"><a href=\"#\">Diccionario de datos<\/a><\/li>\n<\/ul>\n<\/div><\/div><div  class=\"vc_do_toggle vc_toggle vc_toggle_default vc_toggle_color_default  vc_toggle_size_md\"><div class=\"vc_toggle_title\"><h4>1.4 Metas y objetivos unidades<\/h4><i class=\"vc_toggle_icon\"><\/i><\/div><div class=\"vc_toggle_content\"><ul>\n<li type=\"circle\"><a role=\"link\" href=\"#\">Conjunto de datos<\/a><\/li>\n<li type=\"circle\"><a role=\"link\" href=\"#\">Metadatos<\/a><\/li>\n<li type=\"circle\"><a role=\"link\" href=\"#\">Diccionario de datos<\/a><\/li>\n<\/ul>\n<\/div><\/div><div  class=\"vc_do_toggle vc_toggle vc_toggle_default vc_toggle_color_default  vc_toggle_size_md\"><div class=\"vc_toggle_title\"><h4>2.1-2.2 Directorio y distributivo personal de la entidad<\/h4><i class=\"vc_toggle_icon\"><\/i><\/div><div class=\"vc_toggle_content\"><ul>\n<li id=\"menu-item-54531\" class=\"menu-item menu-item-type-custom menu-item-object-custom menu-item-54531\"><a href=\"#\">Conjunto de datos<\/a><\/li>\n<li id=\"menu-item-54532\" class=\"menu-item menu-item-type-custom menu-item-object-custom menu-item-54532\"><a href=\"#\">Metadatos<\/a><\/li>\n<li id=\"menu-item-54533\" class=\"menu-item menu-item-type-custom menu-item-object-custom menu-item-54533\"><a href=\"#\">Diccionario de datos<\/a><\/li>\n<\/ul>\n<\/div><\/div><div  class=\"vc_do_toggle vc_toggle vc_toggle_default vc_toggle_color_default  vc_toggle_size_md\"><div class=\"vc_toggle_title\"><h4>3. Remuneraciones ingresos adicionales<\/h4><i class=\"vc_toggle_icon\"><\/i><\/div><div class=\"vc_toggle_content\"><ul>\n<li id=\"menu-item-54531\" class=\"menu-item menu-item-type-custom menu-item-object-custom menu-item-54531\"><a href=\"#\">Conjunto de datos<\/a><\/li>\n<li id=\"menu-item-54532\" class=\"menu-item menu-item-type-custom menu-item-object-custom menu-item-54532\"><a href=\"#\">Metadatos<\/a><\/li>\n<li id=\"menu-item-54533\" class=\"menu-item menu-item-type-custom menu-item-object-custom menu-item-54533\"><a href=\"#\">Diccionario de datos<\/a><\/li>\n<\/ul>\n<\/div><\/div><div  class=\"vc_do_toggle vc_toggle vc_toggle_default vc_toggle_color_default  vc_toggle_size_md\"><div class=\"vc_toggle_title\"><h4>4. Detalle licencia comisiones<\/h4><i class=\"vc_toggle_icon\"><\/i><\/div><div class=\"vc_toggle_content\"><ul>\n<li id=\"menu-item-54531\" class=\"menu-item menu-item-type-custom menu-item-object-custom menu-item-54531\"><a href=\"#\">Conjunto de datos<\/a><\/li>\n<li id=\"menu-item-54532\" class=\"menu-item menu-item-type-custom menu-item-object-custom menu-item-54532\"><a href=\"#\">Metadatos<\/a><\/li>\n<li id=\"menu-item-54533\" class=\"menu-item menu-item-type-custom menu-item-object-custom menu-item-54533\"><a href=\"#\">Diccionario de datos<\/a><\/li>\n<\/ul>\n<\/div><\/div><div  class=\"vc_do_toggle vc_toggle vc_toggle_default vc_toggle_color_default  vc_toggle_size_md\"><div class=\"vc_toggle_title\"><h4>5-22 Servicios formularios formatos tr\u00e1mites<\/h4><i class=\"vc_toggle_icon\"><\/i><\/div><div class=\"vc_toggle_content\"><ul>\n<li id=\"menu-item-54531\" class=\"menu-item menu-item-type-custom menu-item-object-custom menu-item-54531\"><a href=\"#\">Conjunto de datos<\/a><\/li>\n<li id=\"menu-item-54532\" class=\"menu-item menu-item-type-custom menu-item-object-custom menu-item-54532\"><a href=\"#\">Metadatos<\/a><\/li>\n<li id=\"menu-item-54533\" class=\"menu-item menu-item-type-custom menu-item-object-custom menu-item-54533\"><a href=\"#\">Diccionario de datos<\/a><\/li>\n<\/ul>\n<\/div><\/div><div  class=\"vc_do_toggle vc_toggle vc_toggle_default vc_toggle_color_default  vc_toggle_size_md\"><div class=\"vc_toggle_title\"><h4>6. Presupuesto de la instituci\u00f3n<\/h4><i class=\"vc_toggle_icon\"><\/i><\/div><div class=\"vc_toggle_content\"><ul>\n<li id=\"menu-item-54531\" class=\"menu-item menu-item-type-custom menu-item-object-custom menu-item-54531\"><a href=\"#\">Conjunto de datos<\/a><\/li>\n<li id=\"menu-item-54532\" class=\"menu-item menu-item-type-custom menu-item-object-custom menu-item-54532\"><a href=\"#\">Metadatos<\/a><\/li>\n<li id=\"menu-item-54533\" class=\"menu-item menu-item-type-custom menu-item-object-custom menu-item-54533\"><a href=\"#\">Diccionario de datos<\/a><\/li>\n<\/ul>\n<\/div><\/div><div  class=\"vc_do_toggle vc_toggle vc_toggle_default vc_toggle_color_default  vc_toggle_size_md\"><div class=\"vc_toggle_title\"><h4>7. Resultados de las auditor\u00edas internas y gubernamentales<\/h4><i class=\"vc_toggle_icon\"><\/i><\/div><div class=\"vc_toggle_content\"><ul>\n<li type=\"circle\"><a role=\"link\" href=\"#\">Conjunto de datos<\/a><\/li>\n<li type=\"circle\"><a role=\"link\" href=\"#\">Metadatos<\/a><\/li>\n<li type=\"circle\"><a role=\"link\" href=\"#\">Diccionario de datos<\/a><\/li>\n<\/ul>\n<\/div><\/div><div  class=\"vc_do_toggle vc_toggle vc_toggle_default vc_toggle_color_default  vc_toggle_size_md\"><div class=\"vc_toggle_title\"><h4>8. Procesos de contrataci\u00f3n publica<\/h4><i class=\"vc_toggle_icon\"><\/i><\/div><div class=\"vc_toggle_content\"><ul>\n<li type=\"circle\"><a role=\"link\" href=\"#\">Conjunto de datos<\/a><\/li>\n<li type=\"circle\"><a role=\"link\" href=\"#\">Metadatos<\/a><\/li>\n<li type=\"circle\"><a role=\"link\" href=\"#\">Diccionario de datos<\/a><\/li>\n<\/ul>\n<\/div><\/div><div  class=\"vc_do_toggle vc_toggle vc_toggle_default vc_toggle_color_default  vc_toggle_size_md\"><div class=\"vc_toggle_title\"><h4>9. Listado de empresas y personas que han incumplido contratos<\/h4><i class=\"vc_toggle_icon\"><\/i><\/div><div class=\"vc_toggle_content\"><ul>\n<li type=\"circle\"><a role=\"link\" href=\"#\">Conjunto de datos<\/a><\/li>\n<li type=\"circle\"><a role=\"link\" href=\"#\">Metadatos<\/a><\/li>\n<li type=\"circle\"><a role=\"link\" href=\"#\">Diccionario de datos<\/a><\/li>\n<\/ul>\n<\/div><\/div><div  class=\"vc_do_toggle vc_toggle vc_toggle_default vc_toggle_color_default  vc_toggle_size_md\"><div class=\"vc_toggle_title\"><h4>10. Planes y programas<\/h4><i class=\"vc_toggle_icon\"><\/i><\/div><div class=\"vc_toggle_content\"><ul>\n<li type=\"circle\"><a role=\"link\" href=\"#\">Conjunto de datos<\/a><\/li>\n<li type=\"circle\"><a role=\"link\" href=\"#\">Metadatos<\/a><\/li>\n<li type=\"circle\"><a role=\"link\" href=\"#\">Diccionario de datos<\/a><\/li>\n<\/ul>\n<\/ul>\n<\/div><\/div><div  class=\"vc_do_toggle vc_toggle vc_toggle_default vc_toggle_color_default  vc_toggle_size_md\"><div class=\"vc_toggle_title\"><h4>11. Contratos de cr\u00e9dito externos o internos<\/h4><i class=\"vc_toggle_icon\"><\/i><\/div><div class=\"vc_toggle_content\"><ul>\n<li type=\"circle\"><a role=\"link\" href=\"#\">Conjunto de datos<\/a><\/li>\n<li type=\"circle\"><a role=\"link\" href=\"#\">Metadatos<\/a><\/li>\n<li type=\"circle\"><a role=\"link\" href=\"#\">Diccionario de datos<\/a><\/li>\n<\/ul>\n<\/div><\/div><div  class=\"vc_do_toggle vc_toggle vc_toggle_default vc_toggle_color_default  vc_toggle_size_md\"><div class=\"vc_toggle_title\"><h4>12. Mecanismos rendici\u00f3n cuentas<\/h4><i class=\"vc_toggle_icon\"><\/i><\/div><div class=\"vc_toggle_content\"><ul>\n<li id=\"menu-item-54531\" class=\"menu-item menu-item-type-custom menu-item-object-custom menu-item-54531\"><a href=\"#\">Conjunto de datos<\/a><\/li>\n<li id=\"menu-item-54532\" class=\"menu-item menu-item-type-custom menu-item-object-custom menu-item-54532\"><a href=\"#\">Metadatos<\/a><\/li>\n<li id=\"menu-item-54533\" class=\"menu-item menu-item-type-custom menu-item-object-custom menu-item-54533\"><a href=\"#\">Diccionario de datos<\/a><\/li>\n<\/ul>\n<\/div><\/div><div  class=\"vc_do_toggle vc_toggle vc_toggle_default vc_toggle_color_default  vc_toggle_size_md\"><div class=\"vc_toggle_title\"><h4>13. Vi\u00e1ticos informes de trabajo y justificativos de movilizaci\u00f3n<\/h4><i class=\"vc_toggle_icon\"><\/i><\/div><div class=\"vc_toggle_content\"><ul>\n<li id=\"menu-item-54531\" class=\"menu-item menu-item-type-custom menu-item-object-custom menu-item-54531\"><a href=\"#\">Conjunto de datos<\/a><\/li>\n<li id=\"menu-item-54532\" class=\"menu-item menu-item-type-custom menu-item-object-custom menu-item-54532\"><a href=\"#\">Metadatos<\/a><\/li>\n<li id=\"menu-item-54533\" class=\"menu-item menu-item-type-custom menu-item-object-custom menu-item-54533\"><a href=\"#\">Diccionario de datos<\/a><\/li>\n<\/ul>\n<\/div><\/div><div  class=\"vc_do_toggle vc_toggle vc_toggle_default vc_toggle_color_default  vc_toggle_size_md\"><div class=\"vc_toggle_title\"><h4>14. Responsables del acceso de informaci\u00f3n publica<\/h4><i class=\"vc_toggle_icon\"><\/i><\/div><div class=\"vc_toggle_content\"><ul>\n<li id=\"menu-item-54531\" class=\"menu-item menu-item-type-custom menu-item-object-custom menu-item-54531\"><a href=\"#\">Conjunto de datos<\/a><\/li>\n<li id=\"menu-item-54532\" class=\"menu-item menu-item-type-custom menu-item-object-custom menu-item-54532\"><a href=\"#\">Metadatos<\/a><\/li>\n<li id=\"menu-item-54533\" class=\"menu-item menu-item-type-custom menu-item-object-custom menu-item-54533\"><a href=\"#\">Diccionario de datos<\/a><\/li>\n<\/ul>\n<\/div><\/div><div  class=\"vc_do_toggle vc_toggle vc_toggle_default vc_toggle_color_default  vc_toggle_size_md\"><div class=\"vc_toggle_title\"><h4>15. Texto \u00edntegro de los contratos colectivos vigentes y reformas<\/h4><i class=\"vc_toggle_icon\"><\/i><\/div><div class=\"vc_toggle_content\"><ul>\n<li id=\"menu-item-54531\" class=\"menu-item menu-item-type-custom menu-item-object-custom menu-item-54531\"><a href=\"#\">Conjunto de datos<\/a><\/li>\n<li id=\"menu-item-54532\" class=\"menu-item menu-item-type-custom menu-item-object-custom menu-item-54532\"><a href=\"#\">Metadatos<\/a><\/li>\n<li id=\"menu-item-54533\" class=\"menu-item menu-item-type-custom menu-item-object-custom menu-item-54533\"><a href=\"#\">Diccionario de datos<\/a><\/li>\n<\/ul>\n<\/div><\/div><div  class=\"vc_do_toggle vc_toggle vc_toggle_default vc_toggle_color_default  vc_toggle_size_md\"><div class=\"vc_toggle_title\"><h4>16. Listado \u00edndice formaci\u00f3n reservada<\/h4><i class=\"vc_toggle_icon\"><\/i><\/div><div class=\"vc_toggle_content\"><ul>\n<li type=\"circle\"><a role=\"link\" href=\"#\">Conjunto de datos<\/a><\/li>\n<li type=\"circle\"><a role=\"link\" href=\"#\">Metadatos<\/a><\/li>\n<li type=\"circle\"><a role=\"link\" href=\"#\">Diccionario de datos<\/a><\/li>\n<\/ul>\n<\/div><\/div><div  class=\"vc_do_toggle vc_toggle vc_toggle_default vc_toggle_color_default  vc_toggle_size_md\"><div class=\"vc_toggle_title\"><h4>17. Detalle de las audiencias y reuniones de autoridades<\/h4><i class=\"vc_toggle_icon\"><\/i><\/div><div class=\"vc_toggle_content\"><ul>\n<li type=\"circle\"><a role=\"link\" href=\"#\">Conjunto de datos<\/a><\/li>\n<li type=\"circle\"><a role=\"link\" href=\"#\">Metadatos<\/a><\/li>\n<li type=\"circle\"><a role=\"link\" href=\"#\">Diccionario de datos<\/a><\/li>\n<\/ul>\n<\/div><\/div><div  class=\"vc_do_toggle vc_toggle vc_toggle_default vc_toggle_color_default  vc_toggle_size_md\"><div class=\"vc_toggle_title\"><h4>18. Detalle de convenios nacionales e internacionales<\/h4><i class=\"vc_toggle_icon\"><\/i><\/div><div class=\"vc_toggle_content\"><ul>\n<li type=\"circle\"><a role=\"link\" href=\"#\">Conjunto de datos<\/a><\/li>\n<li type=\"circle\"><a role=\"link\" href=\"#\">Metadatos<\/a><\/li>\n<li type=\"circle\"><a role=\"link\" href=\"#\">Diccionario de datos<\/a><\/li>\n<\/ul>\n<\/div><\/div><div  class=\"vc_do_toggle vc_toggle vc_toggle_default vc_toggle_color_default  vc_toggle_size_md\"><div class=\"vc_toggle_title\"><h4>19. Detalle donativos oficiales y protocolares<\/h4><i class=\"vc_toggle_icon\"><\/i><\/div><div class=\"vc_toggle_content\"><ul>\n<li type=\"circle\"><a role=\"link\" href=\"#\">Conjunto de datos<\/a><\/li>\n<li type=\"circle\"><a role=\"link\" href=\"#\">Metadatos<\/a><\/li>\n<li type=\"circle\"><a role=\"link\" href=\"#\">Diccionario de datos<\/a><\/li>\n<\/ul>\n<\/div><\/div><div  class=\"vc_do_toggle vc_toggle vc_toggle_default vc_toggle_color_default  vc_toggle_size_md\"><div class=\"vc_toggle_title\"><h4>20. Registro de activos de informaci\u00f3n frecuente y complementaria<\/h4><i class=\"vc_toggle_icon\"><\/i><\/div><div class=\"vc_toggle_content\"><ul>\n<li type=\"circle\"><a role=\"link\" href=\"#\">Conjunto de datos<\/a><\/li>\n<li type=\"circle\"><a role=\"link\" href=\"#\">Metadatos<\/a><\/li>\n<li type=\"circle\"><a role=\"link\" href=\"#\">Diccionario de datos<\/a><\/li>\n<\/ul>\n<\/div><\/div><div  class=\"vc_do_toggle vc_toggle vc_toggle_default vc_toggle_color_default  vc_toggle_size_md\"><div class=\"vc_toggle_title\"><h4>21. Pol\u00edticas p\u00fablicas o informaci\u00f3n grupo espec\u00edfico<\/h4><i class=\"vc_toggle_icon\"><\/i><\/div><div class=\"vc_toggle_content\"><ul>\n<li type=\"circle\"><a role=\"link\" href=\"#\">Conjunto de datos<\/a><\/li>\n<li type=\"circle\"><a role=\"link\" href=\"#\">Metadatos<\/a><\/li>\n<li type=\"circle\"><a role=\"link\" href=\"#\">Diccionario de datos<\/a><\/li>\n<\/ul>\n<\/div><\/div><div  class=\"vc_do_toggle vc_toggle vc_toggle_default vc_toggle_color_default  vc_toggle_size_md\"><div class=\"vc_toggle_title\"><h4>23. Detalle personas servidoras p\u00fablicas con acciones afirmativas<\/h4><i class=\"vc_toggle_icon\"><\/i><\/div><div class=\"vc_toggle_content\"><ul>\n<li id=\"menu-item-54531\" class=\"menu-item menu-item-type-custom menu-item-object-custom menu-item-54531\"><a href=\"#\">Conjunto de datos<\/a><\/li>\n<li id=\"menu-item-54532\" class=\"menu-item menu-item-type-custom menu-item-object-custom menu-item-54532\"><a href=\"#\">Metadatos<\/a><\/li>\n<li id=\"menu-item-54533\" class=\"menu-item menu-item-type-custom menu-item-object-custom menu-item-54533\"><a href=\"#\">Diccionario de datos<\/a><\/li>\n<\/ul>\n<\/div><\/div><div  class=\"vc_do_toggle vc_toggle vc_toggle_default vc_toggle_color_default  vc_toggle_size_md\"><div class=\"vc_toggle_title\"><h4>24. informaci\u00f3n relevante para el ejercicio de derechos ODS<\/h4><i class=\"vc_toggle_icon\"><\/i><\/div><div class=\"vc_toggle_content\"><ul>\n<li type=\"circle\"><a role=\"link\" href=\"#\">Conjunto de datos<\/a><\/li>\n<li type=\"circle\"><a role=\"link\" href=\"#\">Metadatos<\/a><\/li>\n<li type=\"circle\"><a role=\"link\" href=\"#\">Diccionario de datos<\/a><\/li>\n<\/ul>\n<\/div><\/div><\/div><\/div><\/div><\/div><\/div><\/div><\/div><\/div><\/div><\/div><div class=\"vc_row wpb_row vc_row-fluid\"><div class=\"wpb_column vc_column_container vc_col-sm-12\"><div class=\"vc_column-inner\"><div class=\"wpb_wrapper\"><\/div><\/div><\/div><\/div>\n<\/div>","protected":false},"excerpt":{"rendered":"TRANSPARENCIA 2026 Por la transparencia en la gesti\u00f3n administrativa que est\u00e1n obligadas a observar todas las instituciones del Estado que conforman el sector p\u00fablico en los t\u00e9rminos del (Art. 225 [...]","protected":false},"author":1,"featured_media":0,"parent":0,"menu_order":0,"comment_status":"closed","ping_status":"closed","template":"","meta":{"footnotes":"","_links_to":"","_links_to_target":""},"class_list":["post-3686","page","type-page","status-publish","hentry"],"_links":{"self":[{"href":"https:\/\/bomberoscotacachi.gob.ec\/en\/wp-json\/wp\/v2\/pages\/3686","targetHints":{"allow":["GET"]}}],"collection":[{"href":"https:\/\/bomberoscotacachi.gob.ec\/en\/wp-json\/wp\/v2\/pages"}],"about":[{"href":"https:\/\/bomberoscotacachi.gob.ec\/en\/wp-json\/wp\/v2\/types\/page"}],"author":[{"embeddable":true,"href":"https:\/\/bomberoscotacachi.gob.ec\/en\/wp-json\/wp\/v2\/users\/1"}],"replies":[{"embeddable":true,"href":"https:\/\/bomberoscotacachi.gob.ec\/en\/wp-json\/wp\/v2\/comments?post=3686"}],"version-history":[{"count":4,"href":"https:\/\/bomberoscotacachi.gob.ec\/en\/wp-json\/wp\/v2\/pages\/3686\/revisions"}],"predecessor-version":[{"id":3696,"href":"https:\/\/bomberoscotacachi.gob.ec\/en\/wp-json\/wp\/v2\/pages\/3686\/revisions\/3696"}],"wp:attachment":[{"href":"https:\/\/bomberoscotacachi.gob.ec\/en\/wp-json\/wp\/v2\/media?parent=3686"}],"curies":[{"name":"wp","href":"https:\/\/api.w.org\/{rel}","templated":true}]}}